{"id":21339,"date":"2022-01-06T11:29:31","date_gmt":"2022-01-06T03:29:31","guid":{"rendered":"https:\/\/www.miisoo.com\/?post_type=product&#038;p=21339"},"modified":"2024-09-27T20:50:18","modified_gmt":"2024-09-27T12:50:18","slug":"half-body-male-sex-doll-torso-for-gay","status":"publish","type":"product","link":"https:\/\/www.miisoo.com\/de\/product\/half-body-male-sex-doll-torso-for-gay\/","title":{"rendered":"Leon \u2013 97 cm Halbk\u00f6rper m\u00e4nnliche Sexpuppe Torso f\u00fcr Schwule"},"content":{"rendered":"<p>Dieser m\u00e4nnliche Sexpuppen-Torso ist eine gro\u00dfartige Auswahl als tragbares Sexspielzeug. Da die Halbk\u00f6rperpuppe keine Gliedma\u00dfen hat, bevorzugen viele Frauen sie f\u00fcr die Cowboy-Position, da sie sie bieten <a href=\"https:\/\/in.askmen.com\/sex-drive\/1109395\/article\/thrusting-techniques\">tiefe harte St\u00f6\u00dfe<\/a>. Sowohl Frauen als auch M\u00e4nner, die Liebespuppen ficken, geben zu, dass Sexpuppen-Torso-Liebespuppen eine Einzigartigkeit an sich haben.<\/p>\n<p>Diese Art von Puppe kann leicht in schwulen Sexpuppenpornos oder als Liebespuppen f\u00fcr Frauen verwendet werden, da sie sich schnell bewegen. Ein M\u00e4dchen mit einer m\u00e4nnlichen Sexpuppe wie dieser hat garantiert die besten Orgasmen ihres Lebens. Manchmal ist der beste Sex der, bei dem man es selbst macht.<\/p>\n<p>Erstens ist diese lebensgro\u00dfe Sexpuppe f\u00fcr Frauen als gro\u00dfartiger Masturbator f\u00fcr alle Arten der Penetration bekannt. Von Oral- bis Analsex wird diese m\u00e4nnliche Puppe in halber Gr\u00f6\u00dfe <a href=\"https:\/\/www.miisoo.com\/de\/produkt\/japanese-men-real-doll-for-women\/\">nie aufh\u00f6ren<\/a> verbl\u00fcffen Sie mit seiner F\u00e4higkeit, Ihr Verlangen zu stillen.<\/p>\n<p><span style=\"color: #000000; font-size: 16px; font-weight: 600;\">Messungen<\/span><\/p>\n<table style=\"border-collapse: collapse; width: 304.52pt;\" border=\"0\" width=\"406\" cellspacing=\"0\" cellpadding=\"0\">\n<tbody>\n<tr style=\"height: 28.00pt;\">\n<td class=\"et2\" style=\"height: 28.00pt; width: 124.50pt;\" width=\"166\" height=\"37\">Marke:<\/td>\n<td class=\"et2\" style=\"width: 180.00pt;\" width=\"240\">QITA-Puppe<\/td>\n<\/tr>\n<tr style=\"height: 28.00pt;\">\n<td class=\"et2\" style=\"height: 28.00pt;\" height=\"37\">H\u00f6he:<\/td>\n<td class=\"et2\">97 cm Torso f\u00fcr m\u00e4nnliche TPE-Geschlechtspuppen<\/td>\n<\/tr>\n<tr style=\"height: 28.00pt;\">\n<td class=\"et2\" style=\"height: 28.00pt;\" height=\"37\">Breite:<\/td>\n<td class=\"et2\">48cm<\/td>\n<\/tr>\n<tr style=\"height: 28.00pt;\">\n<td class=\"et2\" style=\"height: 28.00pt;\" height=\"37\">Dicke:<\/td>\n<td class=\"et2\">20 cm<\/td>\n<\/tr>\n<tr style=\"height: 28.00pt;\">\n<td class=\"et2\" style=\"height: 28.00pt;\" height=\"37\">Gewicht:<\/td>\n<td class=\"et2\">25kg<\/td>\n<\/tr>\n<tr style=\"height: 28.00pt;\">\n<td class=\"et2\" style=\"height: 28.00pt;\" height=\"37\">Penisl\u00e4nge:<\/td>\n<td class=\"et2\">17cm<\/td>\n<\/tr>\n<tr style=\"height: 28.00pt;\">\n<td class=\"et2\" style=\"height: 28.00pt;\" height=\"37\">Orale Tiefe:<\/td>\n<td class=\"et2\">15 cn<\/td>\n<\/tr>\n<tr style=\"height: 28.00pt;\">\n<td class=\"et2\" style=\"height: 28.00pt;\" height=\"37\">Anale Tiefe:<\/td>\n<td class=\"et2\">12cm<\/td>\n<\/tr>\n<\/tbody>\n<\/table>\n<p>&nbsp;<\/p>","protected":false},"excerpt":{"rendered":"<div data-elementor-type=\"section\" data-elementor-id=\"10450\" class=\"elementor elementor-10450\" data-elementor-post-type=\"elementor_library\">\n<section class=\"elementor-section elementor-top-section elementor-element elementor-element-1ac4967 elementor-section-boxed elementor-section-height-default elementor-section-height-default\" data-id=\"1ac4967\" data-element_type=\"section\">\n<div class=\"elementor-container elementor-column-gap-default\">\n<div class=\"elementor-column elementor-col-100 elementor-top-column elementor-element elementor-element-bfbdbdf\" data-id=\"bfbdbdf\" data-element_type=\"column\">\n<div class=\"elementor-widget-wrap elementor-element-populated\">\n<div class=\"elementor-element elementor-element-e4dbd68 elementor-widget elementor-widget-text-editor\" data-id=\"e4dbd68\" data-element_type=\"widget\" data-widget_type=\"text-editor.default\">\n<div class=\"elementor-widget-container\">\n<ul>\n<li>Kostenloser Versand weltweit, diskreter Versand.<\/li>\n<li>100% Identisch mit den Bildern, sofern nicht angepasst.<\/li>\n<li>Die Preise beinhalten. MwSt. &amp; Zollgeb\u00fchren<\/li>\n<li>Kostenloser Versand, schnelle Versandoptionen auf der Checkout-Seite<\/li>\n<\/ul><\/div>\n<\/p><\/div>\n<\/p><\/div>\n<\/p><\/div>\n<\/p><\/div>\n<\/section><\/div>\n<div data-elementor-type=\"section\" data-elementor-id=\"10473\" class=\"elementor elementor-10473\" data-elementor-post-type=\"elementor_library\">\n<section class=\"elementor-section elementor-top-section elementor-element elementor-element-03d9b2a elementor-section-boxed elementor-section-height-default elementor-section-height-default\" data-id=\"03d9b2a\" data-element_type=\"section\">\n<div class=\"elementor-container elementor-column-gap-default\">\n<div class=\"elementor-column elementor-col-100 elementor-top-column elementor-element elementor-element-5081c52\" data-id=\"5081c52\" data-element_type=\"column\">\n<div class=\"elementor-widget-wrap elementor-element-populated\">\n<div class=\"elementor-element elementor-element-d2c17df elementor-widget elementor-widget-martfury-banner-small\" data-id=\"d2c17df\" data-element_type=\"widget\" data-widget_type=\"martfury-banner-small.default\">\n<div class=\"elementor-widget-container\">\n<div class=\"mf-elementor-banner-small\">\n<div class=\"banner-featured-image\"><\/div>\n<p>\t\t\t                <a class=\"link\" href=\"https:\/\/mso.aidoll-japan.com\"><\/a><\/p>\n<div class=\"banner-content\">\n<h2 class=\"banner-title\">1500 Mini-Liebespuppen<\/p>\n<p>sexdollxxx. com<\/h2>\n<div class=\"banner-desc\">\n<p>60cm, 80cm, 100cm,<\/p>\n<p>120 cm, 130 cm, 140 cm<\/p>\n<\/div>\n<div class=\"banner-price\"><span\n                                class=\"s-price\">sexdollxxx .com<\/span><\/div>\n<\/p><\/div>\n<\/p><\/div>\n<\/p><\/div>\n<\/p><\/div>\n<\/p><\/div>\n<\/p><\/div>\n<\/p><\/div>\n<\/section><\/div>","protected":false},"featured_media":21352,"comment_status":"open","ping_status":"closed","template":"","meta":[],"product_cat":[87,116,122,81],"product_tag":[],"class_list":{"0":"post-21339","1":"product","2":"type-product","3":"status-publish","4":"has-post-thumbnail","6":"product_cat-500usd-1000usd-sex-dolls","7":"product_cat-male-sex-dolls","8":"product_cat-torso-sex-dolls","9":"product_cat-tpe-sex-dolls","10":"tm-has-options","12":"first","13":"instock","14":"sale","15":"shipping-taxable","16":"purchasable","17":"product-type-simple","18":"col-xs-6 col-sm-4","19":"col-md-3 col-lg-3","20":"un-4-cols"},"yoast_head":"<!-- This site is optimized with the Yoast SEO Premium plugin v22.6 (Yoast SEO v22.9) - https:\/\/yoast.com\/wordpress\/plugins\/seo\/ -->\n<title>Premium Half-Body Male Doll for Intimate Experiences | MiisooDoll<\/title>\n<meta name=\"description\" content=\"This male sex doll\u00a0torso is a great selection as a portable sex toy. Seeing as the half body male torso sex doll for gay\u00a0has no limbs\" \/>\n<meta name=\"robots\" content=\"index, follow, max-snippet:-1, max-image-preview:large, max-video-preview:-1\" \/>\n<link rel=\"canonical\" href=\"https:\/\/www.miisoo.com\/de\/produkt\/half-body-male-sex-doll-torso-for-gay\/\" \/>\n<meta property=\"og:locale\" content=\"de_DE\" \/>\n<meta property=\"og:type\" content=\"article\" \/>\n<meta property=\"og:title\" content=\"Leon - 97cm Half Body Male Sex Doll Torso For Gay\" \/>\n<meta property=\"og:description\" content=\"This male sex doll\u00a0torso is a great selection as a portable sex toy. Seeing as the half body male torso sex doll for gay\u00a0has no limbs\" \/>\n<meta property=\"og:url\" content=\"https:\/\/www.miisoo.com\/de\/produkt\/half-body-male-sex-doll-torso-for-gay\/\" \/>\n<meta property=\"og:site_name\" content=\"MiisooDoll\" \/>\n<meta property=\"article:publisher\" content=\"https:\/\/www.facebook.com\/miisoodoll\" \/>\n<meta property=\"article:modified_time\" content=\"2024-09-27T12:50:18+00:00\" \/>\n<meta property=\"og:image\" content=\"https:\/\/www.miisoo.com\/wp-content\/uploads\/2022\/01\/male-sex-doll-torso-221.jpg\" \/>\n\t<meta property=\"og:image:width\" content=\"600\" \/>\n\t<meta property=\"og:image:height\" content=\"900\" \/>\n\t<meta property=\"og:image:type\" content=\"image\/jpeg\" \/>\n<meta name=\"twitter:card\" content=\"summary_large_image\" \/>\n<meta name=\"twitter:site\" content=\"@MiisooSexDolls\" \/>\n<meta name=\"twitter:label1\" content=\"Gesch\u00e4tzte Lesezeit\" \/>\n\t<meta name=\"twitter:data1\" content=\"1\u00a0Minute\" \/>\n<!-- \/ Yoast SEO Premium plugin. -->","yoast_head_json":{"title":"Premium Half-Body Male Doll for Intimate Experiences | MiisooDoll","description":"This male sex doll\u00a0torso is a great selection as a portable sex toy. Seeing as the half body male torso sex doll for gay\u00a0has no limbs","robots":{"index":"index","follow":"follow","max-snippet":"max-snippet:-1","max-image-preview":"max-image-preview:large","max-video-preview":"max-video-preview:-1"},"canonical":"https:\/\/www.miisoo.com\/de\/produkt\/half-body-male-sex-doll-torso-for-gay\/","og_locale":"de_DE","og_type":"article","og_title":"Leon - 97cm Half Body Male Sex Doll Torso For Gay","og_description":"This male sex doll\u00a0torso is a great selection as a portable sex toy. Seeing as the half body male torso sex doll for gay\u00a0has no limbs","og_url":"https:\/\/www.miisoo.com\/de\/produkt\/half-body-male-sex-doll-torso-for-gay\/","og_site_name":"MiisooDoll","article_publisher":"https:\/\/www.facebook.com\/miisoodoll","article_modified_time":"2024-09-27T12:50:18+00:00","og_image":[{"width":600,"height":900,"url":"https:\/\/www.miisoo.com\/wp-content\/uploads\/2022\/01\/male-sex-doll-torso-221.jpg","type":"image\/jpeg"}],"twitter_card":"summary_large_image","twitter_site":"@MiisooSexDolls","twitter_misc":{"Gesch\u00e4tzte Lesezeit":"1\u00a0Minute"},"schema":{"@context":"https:\/\/schema.org","@graph":[{"@type":"WebPage","@id":"https:\/\/www.miisoo.com\/product\/half-body-male-sex-doll-torso-for-gay\/","url":"https:\/\/www.miisoo.com\/product\/half-body-male-sex-doll-torso-for-gay\/","name":"Premium Half-Body Male Doll for Intimate Experiences | MiisooDoll","isPartOf":{"@id":"https:\/\/www.miisoo.com\/#website"},"primaryImageOfPage":{"@id":"https:\/\/www.miisoo.com\/product\/half-body-male-sex-doll-torso-for-gay\/#primaryimage"},"image":{"@id":"https:\/\/www.miisoo.com\/product\/half-body-male-sex-doll-torso-for-gay\/#primaryimage"},"thumbnailUrl":"https:\/\/www.miisoo.com\/wp-content\/uploads\/2022\/01\/male-sex-doll-torso-221.jpg","datePublished":"2022-01-06T03:29:31+00:00","dateModified":"2024-09-27T12:50:18+00:00","description":"This male sex doll\u00a0torso is a great selection as a portable sex toy. Seeing as the half body male torso sex doll for gay\u00a0has no limbs","breadcrumb":{"@id":"https:\/\/www.miisoo.com\/product\/half-body-male-sex-doll-torso-for-gay\/#breadcrumb"},"inLanguage":"de","potentialAction":[{"@type":"ReadAction","target":["https:\/\/www.miisoo.com\/product\/half-body-male-sex-doll-torso-for-gay\/"]}]},{"@type":"ImageObject","inLanguage":"de","@id":"https:\/\/www.miisoo.com\/product\/half-body-male-sex-doll-torso-for-gay\/#primaryimage","url":"https:\/\/www.miisoo.com\/wp-content\/uploads\/2022\/01\/male-sex-doll-torso-221.jpg","contentUrl":"https:\/\/www.miisoo.com\/wp-content\/uploads\/2022\/01\/male-sex-doll-torso-221.jpg","width":600,"height":900,"caption":"Leon \u2013 97cm Half Body Male Sex Doll Torso For Gay"},{"@type":"BreadcrumbList","@id":"https:\/\/www.miisoo.com\/product\/half-body-male-sex-doll-torso-for-gay\/#breadcrumb","itemListElement":[{"@type":"ListItem","position":1,"name":"Home","item":"https:\/\/www.miisoo.com\/"},{"@type":"ListItem","position":2,"name":"Sex Doll Shop","item":"https:\/\/www.miisoo.com\/shop\/"},{"@type":"ListItem","position":3,"name":"Leon &#8211; 97cm Half Body Male Sex Doll Torso For Gay"}]},{"@type":"WebSite","@id":"https:\/\/www.miisoo.com\/#website","url":"https:\/\/www.miisoo.com\/","name":"MiisooDoll","description":"Sexual Doll, Real Sex Dolls, Love Doll, Best Sex Dolls","publisher":{"@id":"https:\/\/www.miisoo.com\/#organization"},"potentialAction":[{"@type":"SearchAction","target":{"@type":"EntryPoint","urlTemplate":"https:\/\/www.miisoo.com\/?s={search_term_string}"},"query-input":"required name=search_term_string"}],"inLanguage":"de"},{"@type":"Organization","@id":"https:\/\/www.miisoo.com\/#organization","name":"MiisooDoll","url":"https:\/\/www.miisoo.com\/","logo":{"@type":"ImageObject","inLanguage":"de","@id":"https:\/\/www.miisoo.com\/#\/schema\/logo\/image\/","url":"https:\/\/www.miisoo.com\/wp-content\/uploads\/2020\/09\/logo-botton.png","contentUrl":"https:\/\/www.miisoo.com\/wp-content\/uploads\/2020\/09\/logo-botton.png","width":181,"height":42,"caption":"MiisooDoll"},"image":{"@id":"https:\/\/www.miisoo.com\/#\/schema\/logo\/image\/"},"sameAs":["https:\/\/www.facebook.com\/miisoodoll","https:\/\/x.com\/MiisooSexDolls"]}]}},"_links":{"self":[{"href":"https:\/\/www.miisoo.com\/de\/wp-json\/wp\/v2\/product\/21339","targetHints":{"allow":["GET"]}}],"collection":[{"href":"https:\/\/www.miisoo.com\/de\/wp-json\/wp\/v2\/product"}],"about":[{"href":"https:\/\/www.miisoo.com\/de\/wp-json\/wp\/v2\/types\/product"}],"replies":[{"embeddable":true,"href":"https:\/\/www.miisoo.com\/de\/wp-json\/wp\/v2\/comments?post=21339"}],"version-history":[{"count":3,"href":"https:\/\/www.miisoo.com\/de\/wp-json\/wp\/v2\/product\/21339\/revisions"}],"predecessor-version":[{"id":21617,"href":"https:\/\/www.miisoo.com\/de\/wp-json\/wp\/v2\/product\/21339\/revisions\/21617"}],"wp:featuredmedia":[{"embeddable":true,"href":"https:\/\/www.miisoo.com\/de\/wp-json\/wp\/v2\/media\/21352"}],"wp:attachment":[{"href":"https:\/\/www.miisoo.com\/de\/wp-json\/wp\/v2\/media?parent=21339"}],"wp:term":[{"taxonomy":"product_cat","embeddable":true,"href":"https:\/\/www.miisoo.com\/de\/wp-json\/wp\/v2\/product_cat?post=21339"},{"taxonomy":"product_tag","embeddable":true,"href":"https:\/\/www.miisoo.com\/de\/wp-json\/wp\/v2\/product_tag?post=21339"}],"curies":[{"name":"wp","href":"https:\/\/api.w.org\/{rel}","templated":true}]}}