{"id":21210,"date":"2022-01-05T20:52:41","date_gmt":"2022-01-05T12:52:41","guid":{"rendered":"https:\/\/www.miisoo.com\/?post_type=product&#038;p=21210"},"modified":"2022-01-07T14:49:48","modified_gmt":"2022-01-07T06:49:48","slug":"nude-male-life-size-man-doll-for-women","status":"publish","type":"product","link":"https:\/\/www.miisoo.com\/de\/product\/nude-male-life-size-man-doll-for-women\/","title":{"rendered":"Breton \u2013 167 cm nackte m\u00e4nnliche lebensgro\u00dfe Mannpuppe f\u00fcr Frau"},"content":{"rendered":"<p>Diese sexy junge lebensgro\u00dfe M\u00e4nnerpuppe verbringt gerne Zeit im Fitnessstudio oder spielt mit seinen Freunden Basketball. An seinem athletischen K\u00f6rper kann man erkennen, dass er hart arbeitet, um gut auszusehen. Er geh\u00f6rt zu den menschlichen Deep-Web-Puppen, die sich perfekt f\u00fcr Rollenspiele eignen. Wenn Sie jemals davon getr\u00e4umt haben, mit einem viel j\u00fcngeren Mann Liebe zu machen, ist hier Ihre goldene Gelegenheit.<\/p>\n<p>Diese echte M\u00e4nnerpuppe ist gro\u00df und fit, die perfekte Kombination f\u00fcr einen kr\u00e4ftigen jungen Mann. Seine glatte, blasse Haut zusammen mit seinen Kurven machen diese Sexpuppe f\u00fcr Frauen ideal f\u00fcr <a href=\"https:\/\/www.womenshealthmag.com\/uk\/health\/sexual-health\/g702490\/20-of-the-best-sex-positions-to-try-this-valentines-day\/\">verschiedene Sexstellungen<\/a>.<\/p>\n<p>Wenn Sie etwas Erotik gesehen haben <a href=\"https:\/\/www.miisoo.com\/de\/produkt\/hot-full-size-gay-male-love-doll\/\">Mann Sexpuppe<\/a>\u00a0Pornos wirst du feststellen, wie einfach es ist, deine sexuellen Fantasien mit einer nackten m\u00e4nnlichen Puppe auszuleben. Lassen Sie sich von dieser jungen Silikonpuppe zeigen, wie es sich anf\u00fchlt, jede Nacht einen starken jungen Mann an Ihrer Seite zu haben.<\/p>\n<p><span style=\"color: #000000; font-size: 16px; font-weight: 600;\">Lebensgro\u00dfe Mannpuppenma\u00dfe<\/span><\/p>\n<table style=\"border-collapse: collapse; width: 304.52pt;\" border=\"0\" width=\"406\" cellspacing=\"0\" cellpadding=\"0\">\n<tbody>\n<tr style=\"height: 28.00pt;\">\n<td class=\"et2\" style=\"height: 28.00pt; width: 124.50pt;\" width=\"166\" height=\"37\">Marke:<\/td>\n<td class=\"et2\" style=\"width: 180.00pt;\" width=\"240\">HR-Puppe<\/td>\n<\/tr>\n<tr style=\"height: 28.00pt;\">\n<td class=\"et2\" style=\"height: 28.00pt;\" height=\"37\">H\u00f6he:<\/td>\n<td class=\"et2\">167 cm gro\u00dfe m\u00e4nnliche echte TPE-Puppe<\/td>\n<\/tr>\n<tr style=\"height: 28.00pt;\">\n<td class=\"et2\" style=\"height: 28.00pt;\" height=\"37\">B\u00fcste:<\/td>\n<td class=\"et2\">79cm<\/td>\n<\/tr>\n<tr style=\"height: 28.00pt;\">\n<td class=\"et2\" style=\"height: 28.00pt;\" height=\"37\">Taille:<\/td>\n<td class=\"et2\">68cm<\/td>\n<\/tr>\n<tr style=\"height: 28.00pt;\">\n<td class=\"et2\" style=\"height: 28.00pt;\" height=\"37\">H\u00fcften:<\/td>\n<td class=\"et2\">92cm<\/td>\n<\/tr>\n<tr style=\"height: 28.00pt;\">\n<td class=\"et2\" style=\"height: 28.00pt;\" height=\"37\">Nacken:<\/td>\n<td class=\"et2\">27cm<\/td>\n<\/tr>\n<tr style=\"height: 28.00pt;\">\n<td class=\"et2\" style=\"height: 28.00pt;\" height=\"37\">Fu\u00dfl\u00e4nge:<\/td>\n<td class=\"et2\">26cm<\/td>\n<\/tr>\n<tr style=\"height: 28.00pt;\">\n<td class=\"et2\" style=\"height: 28.00pt;\" height=\"37\">Schulterbreite:<\/td>\n<td class=\"et2\">39cm<\/td>\n<\/tr>\n<tr style=\"height: 28.00pt;\">\n<td class=\"et2\" style=\"height: 28.00pt;\" height=\"37\">Gewicht:<\/td>\n<td class=\"et2\">47kg<\/td>\n<\/tr>\n<tr style=\"height: 28.00pt;\">\n<td class=\"et2\" style=\"height: 28.00pt;\" height=\"37\">Penisl\u00e4nge:<\/td>\n<td class=\"et2\">22cm<\/td>\n<\/tr>\n<tr style=\"height: 28.00pt;\">\n<td class=\"et2\" style=\"height: 28.00pt;\" height=\"37\">Penisdurchmesser:<\/td>\n<td class=\"et2\">3,5 cm<\/td>\n<\/tr>\n<tr style=\"height: 28.00pt;\">\n<td class=\"et2\" style=\"height: 28.00pt;\" height=\"37\">Orale Tiefe:<\/td>\n<td class=\"et2\">13cm<\/td>\n<\/tr>\n<tr style=\"height: 28.00pt;\">\n<td class=\"et2\" style=\"height: 28.00pt;\" height=\"37\">Anale Tiefe:<\/td>\n<td class=\"et2\">17cm<\/td>\n<\/tr>\n<tr style=\"height: 28.00pt;\">\n<td class=\"et2\" style=\"height: 28.00pt;\" height=\"37\">Packungsgr\u00f6sse:<\/td>\n<td class=\"et2\">154 x 42 x 34 cm<\/td>\n<\/tr>\n<\/tbody>\n<\/table>\n<p>&nbsp;<\/p>\n<p><img fetchpriority=\"high\" decoding=\"async\" class=\"alignnone wp-image-21293 size-full\" src=\"https:\/\/www.miisoo.com\/wp-content\/uploads\/2022\/01\/nude-male-doll-228.jpg\" alt=\"Lebensgro\u00dfe Mannpuppe\" width=\"600\" height=\"900\" srcset=\"https:\/\/www.miisoo.com\/wp-content\/uploads\/2022\/01\/nude-male-doll-228.jpg 600w, https:\/\/www.miisoo.com\/wp-content\/uploads\/2022\/01\/nude-male-doll-228-200x300.jpg 200w, https:\/\/www.miisoo.com\/wp-content\/uploads\/2022\/01\/nude-male-doll-228-370x555.jpg 370w, https:\/\/www.miisoo.com\/wp-content\/uploads\/2022\/01\/nude-male-doll-228-300x450.jpg 300w\" sizes=\"(max-width: 600px) 100vw, 600px\" \/><\/p>","protected":false},"excerpt":{"rendered":"<div data-elementor-type=\"section\" data-elementor-id=\"10450\" class=\"elementor elementor-10450\" data-elementor-post-type=\"elementor_library\">\n<section class=\"elementor-section elementor-top-section elementor-element elementor-element-1ac4967 elementor-section-boxed elementor-section-height-default elementor-section-height-default\" data-id=\"1ac4967\" data-element_type=\"section\">\n<div class=\"elementor-container elementor-column-gap-default\">\n<div class=\"elementor-column elementor-col-100 elementor-top-column elementor-element elementor-element-bfbdbdf\" data-id=\"bfbdbdf\" data-element_type=\"column\">\n<div class=\"elementor-widget-wrap elementor-element-populated\">\n<div class=\"elementor-element elementor-element-e4dbd68 elementor-widget elementor-widget-text-editor\" data-id=\"e4dbd68\" data-element_type=\"widget\" data-widget_type=\"text-editor.default\">\n<div class=\"elementor-widget-container\">\n<ul>\n<li>Kostenloser Versand weltweit, diskreter Versand.<\/li>\n<li>100% Identisch mit den Bildern, sofern nicht angepasst.<\/li>\n<li>Die Preise beinhalten. MwSt. &amp; Zollgeb\u00fchren<\/li>\n<li>Kostenloser Versand, schnelle Versandoptionen auf der Checkout-Seite<\/li>\n<\/ul><\/div>\n<\/p><\/div>\n<\/p><\/div>\n<\/p><\/div>\n<\/p><\/div>\n<\/section><\/div>\n<div data-elementor-type=\"section\" data-elementor-id=\"10473\" class=\"elementor elementor-10473\" data-elementor-post-type=\"elementor_library\">\n<section class=\"elementor-section elementor-top-section elementor-element elementor-element-03d9b2a elementor-section-boxed elementor-section-height-default elementor-section-height-default\" data-id=\"03d9b2a\" data-element_type=\"section\">\n<div class=\"elementor-container elementor-column-gap-default\">\n<div class=\"elementor-column elementor-col-100 elementor-top-column elementor-element elementor-element-5081c52\" data-id=\"5081c52\" data-element_type=\"column\">\n<div class=\"elementor-widget-wrap elementor-element-populated\">\n<div class=\"elementor-element elementor-element-d2c17df elementor-widget elementor-widget-martfury-banner-small\" data-id=\"d2c17df\" data-element_type=\"widget\" data-widget_type=\"martfury-banner-small.default\">\n<div class=\"elementor-widget-container\">\n<div class=\"mf-elementor-banner-small\">\n<div class=\"banner-featured-image\"><\/div>\n<p>\t\t\t                <a class=\"link\" href=\"https:\/\/mso.aidoll-japan.com\"><\/a><\/p>\n<div class=\"banner-content\">\n<h2 class=\"banner-title\">1500 Mini-Liebespuppen<\/p>\n<p>sexdollxxx. com<\/h2>\n<div class=\"banner-desc\">\n<p>60cm, 80cm, 100cm,<\/p>\n<p>120 cm, 130 cm, 140 cm<\/p>\n<\/div>\n<div class=\"banner-price\"><span\n                                class=\"s-price\">sexdollxxx .com<\/span><\/div>\n<\/p><\/div>\n<\/p><\/div>\n<\/p><\/div>\n<\/p><\/div>\n<\/p><\/div>\n<\/p><\/div>\n<\/p><\/div>\n<\/section><\/div>","protected":false},"featured_media":21285,"comment_status":"open","ping_status":"closed","template":"","meta":[],"product_cat":[114,115,116,81],"product_tag":[],"class_list":{"0":"post-21210","1":"product","2":"type-product","3":"status-publish","4":"has-post-thumbnail","6":"product_cat-1500usd-2000usd-sex-doll","7":"product_cat-161cm-170cm-sex-dolls","8":"product_cat-male-sex-dolls","9":"product_cat-tpe-sex-dolls","10":"tm-no-options","12":"first","13":"instock","14":"sale","15":"shipping-taxable","16":"purchasable","17":"product-type-simple","18":"col-xs-6 col-sm-4","19":"col-md-3 col-lg-3","20":"un-4-cols"},"yoast_head":"<!-- This site is optimized with the Yoast SEO Premium plugin v22.6 (Yoast SEO v22.9) - https:\/\/yoast.com\/wordpress\/plugins\/seo\/ -->\n<title>Life Size Man Doll - Nude Male Sex Doll For Woman<\/title>\n<meta name=\"description\" content=\"This sexy young life size man doll\u00a0loves spending time at the gym or playing basketball. Buy nude male sex doll for woman\" \/>\n<meta name=\"robots\" content=\"index, follow, max-snippet:-1, max-image-preview:large, max-video-preview:-1\" \/>\n<link rel=\"canonical\" href=\"https:\/\/www.miisoo.com\/de\/produkt\/nude-male-life-size-man-doll-for-women\/\" \/>\n<meta property=\"og:locale\" content=\"de_DE\" \/>\n<meta property=\"og:type\" content=\"article\" \/>\n<meta property=\"og:title\" content=\"Breton - 167cm Nude Male Life Size Man Doll For Woman\" \/>\n<meta property=\"og:description\" content=\"This sexy young life size man doll\u00a0loves spending time at the gym or playing basketball. Buy nude male sex doll for woman\" \/>\n<meta property=\"og:url\" content=\"https:\/\/www.miisoo.com\/de\/produkt\/nude-male-life-size-man-doll-for-women\/\" \/>\n<meta property=\"og:site_name\" content=\"MiisooDoll\" \/>\n<meta property=\"article:publisher\" content=\"https:\/\/www.facebook.com\/miisoodoll\" \/>\n<meta property=\"article:modified_time\" content=\"2022-01-07T06:49:48+00:00\" \/>\n<meta property=\"og:image\" content=\"https:\/\/www.miisoo.com\/wp-content\/uploads\/2022\/01\/nude-male-doll-2212.jpg\" \/>\n\t<meta property=\"og:image:width\" content=\"600\" \/>\n\t<meta property=\"og:image:height\" content=\"900\" \/>\n\t<meta property=\"og:image:type\" content=\"image\/jpeg\" \/>\n<meta name=\"twitter:card\" content=\"summary_large_image\" \/>\n<meta name=\"twitter:site\" content=\"@MiisooSexDolls\" \/>\n<meta name=\"twitter:label1\" content=\"Gesch\u00e4tzte Lesezeit\" \/>\n\t<meta name=\"twitter:data1\" content=\"2\u00a0Minuten\" \/>\n<!-- \/ Yoast SEO Premium plugin. -->","yoast_head_json":{"title":"Life Size Man Doll - Nude Male Sex Doll For Woman","description":"This sexy young life size man doll\u00a0loves spending time at the gym or playing basketball. Buy nude male sex doll for woman","robots":{"index":"index","follow":"follow","max-snippet":"max-snippet:-1","max-image-preview":"max-image-preview:large","max-video-preview":"max-video-preview:-1"},"canonical":"https:\/\/www.miisoo.com\/de\/produkt\/nude-male-life-size-man-doll-for-women\/","og_locale":"de_DE","og_type":"article","og_title":"Breton - 167cm Nude Male Life Size Man Doll For Woman","og_description":"This sexy young life size man doll\u00a0loves spending time at the gym or playing basketball. Buy nude male sex doll for woman","og_url":"https:\/\/www.miisoo.com\/de\/produkt\/nude-male-life-size-man-doll-for-women\/","og_site_name":"MiisooDoll","article_publisher":"https:\/\/www.facebook.com\/miisoodoll","article_modified_time":"2022-01-07T06:49:48+00:00","og_image":[{"width":600,"height":900,"url":"https:\/\/www.miisoo.com\/wp-content\/uploads\/2022\/01\/nude-male-doll-2212.jpg","type":"image\/jpeg"}],"twitter_card":"summary_large_image","twitter_site":"@MiisooSexDolls","twitter_misc":{"Gesch\u00e4tzte Lesezeit":"2\u00a0Minuten"},"schema":{"@context":"https:\/\/schema.org","@graph":[{"@type":"WebPage","@id":"https:\/\/www.miisoo.com\/product\/nude-male-life-size-man-doll-for-women\/","url":"https:\/\/www.miisoo.com\/product\/nude-male-life-size-man-doll-for-women\/","name":"Life Size Man Doll - Nude Male Sex Doll For Woman","isPartOf":{"@id":"https:\/\/www.miisoo.com\/#website"},"primaryImageOfPage":{"@id":"https:\/\/www.miisoo.com\/product\/nude-male-life-size-man-doll-for-women\/#primaryimage"},"image":{"@id":"https:\/\/www.miisoo.com\/product\/nude-male-life-size-man-doll-for-women\/#primaryimage"},"thumbnailUrl":"https:\/\/www.miisoo.com\/wp-content\/uploads\/2022\/01\/nude-male-doll-2212.jpg","datePublished":"2022-01-05T12:52:41+00:00","dateModified":"2022-01-07T06:49:48+00:00","description":"This sexy young life size man doll\u00a0loves spending time at the gym or playing basketball. Buy nude male sex doll for woman","breadcrumb":{"@id":"https:\/\/www.miisoo.com\/product\/nude-male-life-size-man-doll-for-women\/#breadcrumb"},"inLanguage":"de","potentialAction":[{"@type":"ReadAction","target":["https:\/\/www.miisoo.com\/product\/nude-male-life-size-man-doll-for-women\/"]}]},{"@type":"ImageObject","inLanguage":"de","@id":"https:\/\/www.miisoo.com\/product\/nude-male-life-size-man-doll-for-women\/#primaryimage","url":"https:\/\/www.miisoo.com\/wp-content\/uploads\/2022\/01\/nude-male-doll-2212.jpg","contentUrl":"https:\/\/www.miisoo.com\/wp-content\/uploads\/2022\/01\/nude-male-doll-2212.jpg","width":600,"height":900,"caption":"Breton \u2013 167cm Nude Male Life Size Man Doll For Woman"},{"@type":"BreadcrumbList","@id":"https:\/\/www.miisoo.com\/product\/nude-male-life-size-man-doll-for-women\/#breadcrumb","itemListElement":[{"@type":"ListItem","position":1,"name":"Home","item":"https:\/\/www.miisoo.com\/"},{"@type":"ListItem","position":2,"name":"Sex Doll Shop","item":"https:\/\/www.miisoo.com\/shop\/"},{"@type":"ListItem","position":3,"name":"Breton &#8211; 167cm Nude Male Life Size Man Doll For Woman"}]},{"@type":"WebSite","@id":"https:\/\/www.miisoo.com\/#website","url":"https:\/\/www.miisoo.com\/","name":"MiisooDoll","description":"Sexual Doll, Real Sex Dolls, Love Doll, Best Sex Dolls","publisher":{"@id":"https:\/\/www.miisoo.com\/#organization"},"potentialAction":[{"@type":"SearchAction","target":{"@type":"EntryPoint","urlTemplate":"https:\/\/www.miisoo.com\/?s={search_term_string}"},"query-input":"required name=search_term_string"}],"inLanguage":"de"},{"@type":"Organization","@id":"https:\/\/www.miisoo.com\/#organization","name":"MiisooDoll","url":"https:\/\/www.miisoo.com\/","logo":{"@type":"ImageObject","inLanguage":"de","@id":"https:\/\/www.miisoo.com\/#\/schema\/logo\/image\/","url":"https:\/\/www.miisoo.com\/wp-content\/uploads\/2020\/09\/logo-botton.png","contentUrl":"https:\/\/www.miisoo.com\/wp-content\/uploads\/2020\/09\/logo-botton.png","width":181,"height":42,"caption":"MiisooDoll"},"image":{"@id":"https:\/\/www.miisoo.com\/#\/schema\/logo\/image\/"},"sameAs":["https:\/\/www.facebook.com\/miisoodoll","https:\/\/x.com\/MiisooSexDolls"]}]}},"_links":{"self":[{"href":"https:\/\/www.miisoo.com\/de\/wp-json\/wp\/v2\/product\/21210","targetHints":{"allow":["GET"]}}],"collection":[{"href":"https:\/\/www.miisoo.com\/de\/wp-json\/wp\/v2\/product"}],"about":[{"href":"https:\/\/www.miisoo.com\/de\/wp-json\/wp\/v2\/types\/product"}],"replies":[{"embeddable":true,"href":"https:\/\/www.miisoo.com\/de\/wp-json\/wp\/v2\/comments?post=21210"}],"version-history":[{"count":5,"href":"https:\/\/www.miisoo.com\/de\/wp-json\/wp\/v2\/product\/21210\/revisions"}],"predecessor-version":[{"id":21604,"href":"https:\/\/www.miisoo.com\/de\/wp-json\/wp\/v2\/product\/21210\/revisions\/21604"}],"wp:featuredmedia":[{"embeddable":true,"href":"https:\/\/www.miisoo.com\/de\/wp-json\/wp\/v2\/media\/21285"}],"wp:attachment":[{"href":"https:\/\/www.miisoo.com\/de\/wp-json\/wp\/v2\/media?parent=21210"}],"wp:term":[{"taxonomy":"product_cat","embeddable":true,"href":"https:\/\/www.miisoo.com\/de\/wp-json\/wp\/v2\/product_cat?post=21210"},{"taxonomy":"product_tag","embeddable":true,"href":"https:\/\/www.miisoo.com\/de\/wp-json\/wp\/v2\/product_tag?post=21210"}],"curies":[{"name":"wp","href":"https:\/\/api.w.org\/{rel}","templated":true}]}}