{"id":4358,"date":"2020-09-14T15:34:47","date_gmt":"2020-09-14T07:34:47","guid":{"rendered":"http:\/\/miisoo.com\/?page_id=4358"},"modified":"2023-12-22T20:17:14","modified_gmt":"2023-12-22T12:17:14","slug":"terms-conditions","status":"publish","type":"page","link":"https:\/\/www.miisoo.com\/de\/terms-conditions\/","title":{"rendered":"Gesch\u00e4ftsbedingungen"},"content":{"rendered":"<div data-elementor-type=\"wp-page\" data-elementor-id=\"4358\" class=\"elementor elementor-4358\" data-elementor-post-type=\"page\">\n\t\t\t\t\t\t<section class=\"elementor-section elementor-top-section elementor-element elementor-element-c76458e elementor-section-boxed elementor-section-height-default elementor-section-height-default\" data-id=\"c76458e\" data-element_type=\"section\">\n\t\t\t\t\t\t<div class=\"elementor-container elementor-column-gap-default\">\n\t\t\t\t\t<div class=\"elementor-column elementor-col-25 elementor-top-column elementor-element elementor-element-8b5e8e1\" data-id=\"8b5e8e1\" data-element_type=\"column\">\n\t\t\t<div class=\"elementor-widget-wrap\">\n\t\t\t\t\t\t\t<\/div>\n\t\t<\/div>\n\t\t\t\t<div class=\"elementor-column elementor-col-50 elementor-top-column elementor-element elementor-element-5afa608\" data-id=\"5afa608\" data-element_type=\"column\">\n\t\t\t<div class=\"elementor-widget-wrap elementor-element-populated\">\n\t\t\t\t\t\t<div class=\"elementor-element elementor-element-1111958 elementor-widget elementor-widget-text-editor\" data-id=\"1111958\" data-element_type=\"widget\" data-widget_type=\"text-editor.default\">\n\t\t\t\t<div class=\"elementor-widget-container\">\n\t\t\t\t\t\t\t\t\t<p>Durch den Zugriff, das Durchsuchen oder die anderweitige Nutzung der Website erkl\u00e4ren Sie sich mit allen Bedingungen dieser Vereinbarung einverstanden. Bitte lesen Sie diese Vereinbarung sorgf\u00e4ltig durch, bevor Sie fortfahren.<\/p><p><strong>Nutzung der Website:<\/strong><\/p><p>Sie versichern und garantieren, dass Sie mindestens 18 Jahre alt sind oder die Website unter der Aufsicht eines Elternteils oder Erziehungsberechtigten besuchen. Gem\u00e4\u00df den Bedingungen dieser Vereinbarung gew\u00e4hrt miisoo.com Ihnen hiermit eine beschr\u00e4nkte, widerrufliche, nicht \u00fcbertragbare und nicht ausschlie\u00dfliche Lizenz f\u00fcr den Zugriff auf und die Nutzung der Website, indem sie in Ihrem Internetbrowser nur zum Zweck des pers\u00f6nlichen Einkaufs angezeigt wird Artikel, die auf der Website verkauft werden, und nicht f\u00fcr kommerzielle Zwecke oder die Verwendung im Auftrag Dritter, es sei denn, miisoo.com hat dies ausdr\u00fccklich im Voraus genehmigt. Jeder Versto\u00df gegen diese Vereinbarung f\u00fchrt zum sofortigen Widerruf der in diesem Absatz gew\u00e4hrten Lizenz ohne Benachrichtigung an Sie.<\/p><p>Au\u00dfer wie im obigen Absatz erlaubt, d\u00fcrfen Sie diese Website oder Teile davon nicht reproduzieren, verteilen, anzeigen, verkaufen, leasen, \u00fcbertragen, abgeleitete Werke erstellen, \u00fcbersetzen, modifizieren, zur\u00fcckentwickeln, disassemblieren, dekompilieren oder anderweitig nutzen, es sei denn ausdr\u00fccklich schriftlich von miisoo.com gestattet. Sie d\u00fcrfen die auf der Website bereitgestellten Informationen nicht kommerziell nutzen oder die Website zugunsten eines anderen Unternehmens nutzen, es sei denn, miisoo.com hat dies ausdr\u00fccklich im Voraus genehmigt. miisoo.com beh\u00e4lt sich das Recht vor, nach eigenem Ermessen den Service zu verweigern, Konten zu k\u00fcndigen und\/oder Bestellungen zu stornieren, einschlie\u00dflich, aber nicht beschr\u00e4nkt auf, wenn miisoo.com der Ansicht ist, dass das Verhalten des Kunden gegen geltendes Recht verst\u00f6\u00dft oder den Interessen von miisoo.com schadet.<\/p><p>Sie sind allein verantwortlich f\u00fcr den Zugriff auf und die Nutzung dieser Website durch Personen, die das Passwort und die Identifikation verwenden, die Ihnen urspr\u00fcnglich zugewiesen wurden, unabh\u00e4ngig davon, ob der Zugriff auf und die Nutzung dieser Website tats\u00e4chlich von Ihnen autorisiert ist, einschlie\u00dflich, aber nicht beschr\u00e4nkt auf alle Mitteilungen und \u00dcbertragungen und alle Verpflichtungen (einschlie\u00dflich, aber nicht beschr\u00e4nkt auf finanzielle Verpflichtungen), die durch einen solchen Zugriff oder eine solche Nutzung entstehen. Sie sind allein verantwortlich f\u00fcr den Schutz der Sicherheit und Vertraulichkeit des Ihnen zugewiesenen Passworts und der Identifikation. Sie m\u00fcssen miisoo.com unverz\u00fcglich \u00fcber jede unbefugte Nutzung Ihres Passworts oder Ihrer Identifikation oder jede andere Verletzung oder drohende Verletzung der Sicherheit dieser Website informieren.<\/p><p>Sofern nicht an anderer Stelle in dieser Vereinbarung oder auf der Website anders angegeben, alles, was Sie auf der Website einreichen oder posten und\/oder miisoo.com bereitstellen, einschlie\u00dflich, aber nicht beschr\u00e4nkt auf Ideen, Know-how, Techniken, Fragen, Bewertungen, Kommentare und Vorschl\u00e4ge (zusammen \u201eEinsendungen\u201c) ist und wird als nicht vertraulich und nicht urheberrechtlich gesch\u00fctzt behandelt, und durch das Einreichen oder Ver\u00f6ffentlichen stimmen Sie zu, den Eintrag und alle damit verbundenen IP-Rechte (mit Ausnahme der Urheberpers\u00f6nlichkeitsrechte) unwiderruflich zu lizenzieren miisoo.com kostenlos und miisoo.com hat das geb\u00fchrenfreie, weltweite, unbefristete, unwiderrufliche und \u00fcbertragbare Recht zur Nutzung, Vervielf\u00e4ltigung, Verbreitung, Anzeige, Ver\u00f6ffentlichung, Auff\u00fchrung, Verkauf, Vermietung, \u00dcbertragung, Anpassung und Erstellung abgeleiteter Werke solche Einsendungen auf irgendeine Weise und in irgendeiner Form zu \u00fcbersetzen, zu modifizieren, zur\u00fcckzuentwickeln, zu disassemblieren oder zu dekompilieren. Alle Einsendungen gehen automatisch in das alleinige und ausschlie\u00dfliche Eigentum von miisoo.com \u00fcber und werden nicht an Sie zur\u00fcckgesendet, und Sie stimmen zu, in Zukunft keine Streitigkeiten im Zusammenhang mit der Nutzung des Eintrags durch miisoo.com zu erheben.<\/p><p>Sie garantieren, dass Ihre Beitr\u00e4ge ganz oder teilweise klar und frei von Verletzungen von IP-Rechten, Streitigkeiten oder Anspr\u00fcchen Dritter sind. miisoo.com \u00fcbernimmt keine Haftung f\u00fcr den Missbrauch von Urheberrechten oder sonstigen Rechten Dritter durch Sie. Sie verpflichten sich, den Sponsor gegen alle Verluste zu verteidigen und schadlos zu halten, die durch die Verwendung der Eintr\u00e4ge f\u00fcr beliebige Zwecke entstehen.<\/p><p>Zus\u00e4tzlich zu den Rechten, die f\u00fcr jede Einreichung gelten, gew\u00e4hren Sie miisoo.com beim Posten von Kommentaren oder Rezensionen auf der Website auch das Recht, den von Ihnen eingereichten Namen mit Rezensionen, Kommentaren oder anderen Inhalten, falls vorhanden, in Verbindung zu verwenden mit solchen Rezensionen, Kommentaren oder anderen Inhalten. Sie versichern und garantieren, dass Sie alle Rechte an den Bewertungen, Kommentaren und anderen Inhalten, die Sie auf dieser Website ver\u00f6ffentlichen, besitzen oder anderweitig kontrollieren und dass die Verwendung Ihrer Bewertungen, Kommentare oder anderen Inhalte durch miisoo.com nicht gegen oder verst\u00f6\u00dft die Rechte Dritter verletzen. Sie d\u00fcrfen keine falsche E-Mail-Adresse verwenden, sich nicht als Sie selbst ausgeben oder miisoo.com oder Dritte hinsichtlich der Herkunft von Beitr\u00e4gen oder Inhalten irref\u00fchren. miisoo.com kann, ist aber nicht verpflichtet, Beitr\u00e4ge (einschlie\u00dflich Kommentare oder Rezensionen) aus irgendeinem Grund zu entfernen oder zu bearbeiten.<\/p><p><strong>Urheberrechte \u00a9<\/strong><\/p><p>Alle Texte, Grafiken, Fotos oder anderen Bilder, Schaltfl\u00e4chensymbole, Audioclips, Logos, Slogans, Handelsnamen oder Wortsoftware und andere Inhalte auf der Website von miisoo.com (zusammen \u201eInhalt\u201c) geh\u00f6ren ausschlie\u00dflich miisoo.com oder seine entsprechenden Content-Lieferanten. Sie d\u00fcrfen die Inhalte nicht verwenden, reproduzieren, kopieren, modifizieren, \u00fcbertragen, anzeigen, ver\u00f6ffentlichen, verkaufen, lizenzieren, \u00f6ffentlich vorf\u00fchren, verteilen oder kommerziell nutzen oder anderweitig \u00fcber die Inhalte verf\u00fcgen, die nicht von miisoo.com gestattet sind. ohne die ausdr\u00fcckliche vorherige schriftliche Zustimmung von miisoo.com. Die Verwendung von Data-Mining, Robotern oder \u00e4hnlichen Tools zum Sammeln und Extrahieren von Daten auf miisoo.com sowie die Verwendung von Marken oder Dienstleistungsmarken von miisoo.com in Meta-Tags ist strengstens untersagt. Sie d\u00fcrfen den Inhalt nur f\u00fcr Ihre pers\u00f6nlichen Informationen und zum Einkaufen und Bestellen auf der Website und f\u00fcr keinen anderen Zweck anzeigen und verwenden. Wenn Sie zuf\u00e4llig auf einen unserer Inhalte sto\u00dfen, die auf einer Website eines Drittanbieters gehostet werden, z\u00f6gern Sie bitte nicht, uns unter service@miisoo.com zu kontaktieren. Sie erreichen uns auch telefonisch unter 010-56920098 7:00-16:00 Uhr Ortszeit Peking oder per Post unter: Diantong Shidai Guangchang Building #2 Suite D, 7 Jiuxianqiao Beilu, Chaoyang District, Peking, China. Die Sammlung, Anordnung und Zusammenstellung aller Inhalte auf dieser Website (die \u201eZusammenstellung\u201c) geh\u00f6ren ausschlie\u00dflich miisoo.com. Sie d\u00fcrfen den Inhalt oder die Zusammenstellung von miisoo.com nicht auf eine Art und Weise verwenden, die miisoo.com verunglimpft oder diskreditiert oder auf eine Weise, die geeignet ist, Verwirrung zu stiften oder gegen geltende Gesetze oder Vorschriften zu versto\u00dfen. Die gesamte auf dieser Website verwendete Software (die \u201eSoftware\u201c) ist Eigentum von miisoo.com und\/oder seinen Softwarelieferanten. Der Inhalt, die Zusammenstellung und die Software sind alle durch staatliche, nationale und internationale Urheberrechtsgesetze gesch\u00fctzt. Alle nicht ausdr\u00fccklich gew\u00e4hrten Rechte sind miisoo.com vorbehalten. Zuwiderhandlungen werden im vollen Umfang des Gesetzes verfolgt.<\/p><p>miisoo.com erkennt und respektiert alle Urheberrechte und Warenzeichen. Daher steht jede Verwendung von Fernseh-, Film-, Musik-, Filmfestival- oder anderen Namen oder Titeln in keiner Verbindung zu miisoo.com und ist das alleinige Eigentum der Urheberrechts- oder Markeninhaber. Unsere Kleider sind vom Promi-Stil inspiriert und sind unsere Nachbildungen von Artikeln, die von den Prominenten in Ihren Lieblingsfernsehshows und auf dem roten Teppich getragen werden. Sie sind jedoch in keiner Weise von diesen Shows autorisiert, unterst\u00fctzt oder mit diesen Shows verbunden und sind nicht als Verst\u00f6\u00dfe gedacht jeglicher eingetragener Warenzeichen oder Urheberrechte.<\/p><p><strong>Richtlinie zu Verletzungen des geistigen Eigentums<\/strong><\/p><p>Es ist die Politik von miisoo.com, bei Bedarf geeignete Ma\u00dfnahmen zu ergreifen, um alle relevanten staatlichen, bundesstaatlichen und internationalen Gesetze in Verbindung mit Material einzuhalten und anzuerkennen, von dem behauptet wird, dass es gegen Marken, Urheberrechte, Patente und alle oder andere Gesetze zum Schutz des geistigen Eigentums verst\u00f6\u00dft . Wenn Sie ein Inhaber von Rechten an geistigem Eigentum sind und glauben, dass miisoo.com Waren und\/oder Dienstleistungen verkauft, zum Verkauf anbietet oder zur Verf\u00fcgung stellt, die Ihre Rechte an geistigem Eigentum verletzen, dann senden Sie die folgenden Informationen vollst\u00e4ndig an service@miisoo.com<br \/><strong>Informationen ben\u00f6tigt<\/strong><br \/>1. Eine elektronische oder physische Unterschrift der Person, die bevollm\u00e4chtigt ist, im Namen des Inhabers einer angeblich verletzten Exklusivit\u00e4t zu handeln;<br \/>2. Eine Beschreibung des mutma\u00dflich verletzenden Werks oder Materials;<br \/>3. Eine Beschreibung, wo sich das mutma\u00dflich rechtsverletzende Material auf der Website befindet (URL des Produkts\/der Produkte);<br \/>4. Ausreichende Informationen, damit wir Sie kontaktieren k\u00f6nnen, wie z. B. Ihre Adresse, Telefonnummer und E-Mail-Adresse;<br \/>5. Eine Erkl\u00e4rung von Ihnen, dass Sie nach Treu und Glauben der Ansicht sind, dass die umstrittene Nutzung des Materials nicht durch den Inhaber des Urheberrechts oder eines anderen Eigentumsrechts, seinen Vertreter oder das Gesetz autorisiert ist;<br \/>6. Identifizierung der geistigen Eigentumsrechte, die Ihrer Meinung nach durch die Website verletzt werden (z. B. \u201eXYZ-Urheberrecht\u201c, \u201eABC-Marke, Reg.-Nr. 123456, eingetragen am 1.1.04\u201c, usw.); und<br \/>7. Eine Erkl\u00e4rung von Ihnen, dass die obigen Informationen und Benachrichtigungen korrekt sind, und unter Androhung der Strafe des Meineids, dass Sie der Urheberrechtsinhaber sind oder bevollm\u00e4chtigt sind, im Namen des Inhabers zu handeln, dessen ausschlie\u00dfliches Recht angeblich verletzt wird.<\/p><p><strong>K\u00fcndigung und Wirkung der K\u00fcndigung<\/strong><\/p><p>Zus\u00e4tzlich zu allen anderen rechtlichen oder angemessenen Abhilfema\u00dfnahmen kann miisoo.com ohne vorherige Ank\u00fcndigung die Vereinbarung sofort k\u00fcndigen oder einige oder alle Ihrer im Rahmen dieser Vereinbarung gew\u00e4hrten Rechte widerrufen. Bei Beendigung dieser Vereinbarung m\u00fcssen Sie den Zugriff auf und die Nutzung der Website unverz\u00fcglich einstellen und miisoo.com wird zus\u00e4tzlich zu allen anderen gesetzlichen oder angemessenen Abhilfema\u00dfnahmen unverz\u00fcglich alle Ihnen erteilten Passw\u00f6rter und Kontoidentifikationen widerrufen und Ihnen den Zugriff auf und die Nutzung dieser Website ganz oder teilweise zu verweigern. Eine K\u00fcndigung dieser Vereinbarung ber\u00fchrt nicht die jeweiligen Rechte und Pflichten (einschlie\u00dflich, aber nicht beschr\u00e4nkt auf Zahlungsverpflichtungen) der Parteien, die vor dem Datum der K\u00fcndigung entstanden sind.<\/p><p><strong>Haftungsausschluss und Haftungsbeschr\u00e4nkung<\/strong><\/p><p>SOFERN NICHT ANDERS IN DEN STANDARDVERKAUFSBEDINGUNGEN VORGESEHEN, DIE F\u00dcR JEDES PRODUKT AUF DIESER SEITE GELTEN, WERDEN DIESE SEITE, DIE DARAUF ZUM VERKAUF ANGEBOTENEN PRODUKTE UND DIE DAR\u00dcBER DURCHGEF\u00dcHRTEN TRANSAKTIONEN VON miisoo.com \u201eOHNE M\u00c4NGELGEW\u00c4HR\u201c ZUR VERF\u00dcGUNG GESTELLT . miisoo.com \u00dcBERNIMMT KEINE AUSDR\u00dcCKLICHEN ODER STILLSCHWEIGENDEN DARSTELLUNGEN ODER GEW\u00c4HRLEISTUNGEN JEGLICHER ART IN BEZUG AUF DEN BETRIEB DER WEBSITE ODER DIE AUF DIESER WEBSITE ENTHALTENEN INFORMATIONEN, INHALTE, MATERIALIEN ODER PRODUKTE, AUSSER WIE HIER IM VOLLEN UMFANG ZUL\u00c4SSIG, DER NACH GELTENDEM RECHT ZUL\u00c4SSIG IST. miisoo.com SCHLIESST ALLE AUSDR\u00dcCKLICHEN ODER STILLSCHWEIGENDEN GEW\u00c4HRLEISTUNGEN AUS, EINSCHLIESSLICH, ABER NICHT BESCHR\u00c4NKT AUF, STILLSCHWEIGENDE GEW\u00c4HRLEISTUNGEN DER MARKTF\u00c4HIGKEIT UND EIGNUNG F\u00dcR EINEN BESTIMMTEN ZWECK, NICHTVERLETZUNG VON RECHTEN DRITTER, TITEL, STILLER GENUSS, DATENGENAUIGKEIT UND SYSTEMINTEGRATION. DIESE WEBSITE KANN UNGENAUIGKEITEN, FEHLER ODER TYPOGRAFISCHE FEHLER ENTHALTEN. miisoo.com GARANTIERT NICHT, DASS DER INHALT UNUNTERBROCHEN ODER FEHLERFREI IST. SOWEIT GESETZLICH ZUL\u00c4SSIG HAFTET miisoo.com NICHT F\u00dcR SCH\u00c4DEN JEGLICHER ART, DIE AUS DER NUTZUNG DIESER WEBSITE ENTSTEHEN, EINSCHLIESSLICH, ABER NICHT BESCHR\u00c4NKT AUF INDIREKTE NEBEN-, STRAF-, EXEMPLARE, SPEZIELLE ODER FOLGESCH\u00c4DEN. SOWEIT NACH GELTENDEM RECHT ZUL\u00c4SSIG, \u00dcBERSTEIGT miisoo.coms GESAMTHAFTUNG IHNEN GEGEN\u00dcBER F\u00dcR JEGLICHE SCH\u00c4DEN (UNABH\u00c4NGIG VON DER GRUNDLAGE DER KLAGE) NICHT DEN GESAMTBETRAG DER GEB\u00dcHREN, DIE SIE W\u00c4HREND DES MONATS AN miisoo.com TATS\u00c4CHLICH GEZAHLT HABEN DER TATS\u00c4CHLICHEN TATS\u00c4CHLICHEN TATS\u00c4CHLICHEN HAFTUNG VON miisoo.com.<\/p><p><strong>Auftragsannahme<\/strong><\/p><p>Bitte beachten Sie, dass es bestimmte Bestellungen geben kann, die wir nicht annehmen k\u00f6nnen und stornieren m\u00fcssen. miisoo.com beh\u00e4lt sich das Recht vor, Bestellungen nach eigenem Ermessen aus beliebigen Gr\u00fcnden abzulehnen oder zu stornieren. Einige Situationen, die dazu f\u00fchren k\u00f6nnen, dass Ihre Bestellung storniert wird, umfassen Beschr\u00e4nkungen der zum Kauf verf\u00fcgbaren Mengen, Ungenauigkeiten oder Fehler in Produkt- oder Preisinformationen oder Probleme, die von unserer Abteilung f\u00fcr Kredit- und Betrugsvermeidung festgestellt wurden. Wir k\u00f6nnen auch zus\u00e4tzliche \u00dcberpr\u00fcfungen oder Informationen verlangen, bevor wir eine Bestellung annehmen. Wir werden Sie kontaktieren, wenn Ihre Bestellung ganz oder teilweise storniert wird oder wenn zus\u00e4tzliche Informationen erforderlich sind, um Ihre Bestellung anzunehmen.<\/p><p><strong>\u00dcbertragung des Titels<\/strong><\/p><p>Das Eigentum an den Produkten in Ihrer Bestellung wird auf Sie \u00fcbertragen, wenn die Produkte unser Lager verlassen und an den Spediteur zum Versand an eine von Ihnen in der Bestellung angegebene Adresse geliefert werden. Alle Haftungen und Risiken f\u00fcr die Produkte gehen zu diesem Zeitpunkt ebenfalls auf Sie \u00fcber. Indem Sie eine Bestellung auf dieser Website aufgeben, autorisieren Sie MIISOO LIMITED, in Ihrem Namen Versanddienste von Drittanbietern in Anspruch zu nehmen.<\/p><p><strong>Schreibfehler<\/strong><\/p><p>W\u00e4hrend miisoo.com bestrebt ist, genaue Produkt- und Preisinformationen bereitzustellen, k\u00f6nnen Preis- oder Tippfehler auftreten. miisoo.com kann den Preis eines Artikels erst best\u00e4tigen, nachdem Sie bestellt haben. F\u00fcr den Fall, dass ein Artikel aufgrund von Preisfehlern oder Produktinformationen zu einem falschen Preis oder mit falschen Informationen aufgef\u00fchrt wird, hat miisoo.com das Recht, nach eigenem Ermessen alle f\u00fcr diesen Artikel erteilten Bestellungen abzulehnen oder zu stornieren. F\u00fcr den Fall, dass ein Artikel zu einem falschen Preis angeboten wird, kann miisoo.com Sie nach unserem Ermessen entweder kontaktieren, um Anweisungen zu erhalten, oder Ihre Bestellung stornieren und Sie \u00fcber diese Stornierung informieren.<\/p><p><strong>Preise in verschiedenen W\u00e4hrungen<\/strong><\/p><p>Die Preisgestaltung der von miisoo.com verkauften Produkte basiert auf Zahlen, die in US-Dollar (US$) berechnet werden. In anderen W\u00e4hrungen angezeigte Preise werden gem\u00e4\u00df den aktuellsten Umrechnungskursen von US-Dollar umgerechnet. Aufgrund schwankender W\u00e4hrungswerte sind Preise, die in Nicht-US-W\u00e4hrungseinheiten auf der Website angezeigt werden, au\u00dfer auf den einzelnen Produktseiten, m\u00f6glicherweise nicht die aktuellsten. Zu den Bereichen der Website, in denen Nicht-US-W\u00e4hrungsbezeichnungen ungenau sein k\u00f6nnen, geh\u00f6ren unter anderem Werbebanner, Werbeseiten und Informationen auf Produktkategorieseiten. Der auf einer einzelnen Produktseite angezeigte Preis ist unabh\u00e4ngig von der W\u00e4hrung der aktuelle Preis, den Sie an miisoo.com zahlen m\u00fcssen, einschlie\u00dflich Versand.<\/p><p>Diese Website kann Links zu anderen Websites im Internet enthalten, die Dritten geh\u00f6ren und von Dritten betrieben werden. Sie erkennen an, dass miisoo.com nicht f\u00fcr den Betrieb oder die Inhalte verantwortlich ist, die sich auf oder \u00fcber eine solche Website befinden.<br \/>Abhilfe<\/p><p>Sie stimmen zu, dass die Rechtsbehelfe von miisoo.com f\u00fcr einen tats\u00e4chlichen oder drohenden Versto\u00df gegen diese Vereinbarung unzureichend w\u00e4ren und dass miisoo.com zus\u00e4tzlich zu etwaigen Schadensersatzanspr\u00fcchen von miisoo.com Anspruch auf bestimmte Leistungen oder Unterlassungsanspr\u00fcche oder beides hat gesetzlich berechtigt, zusammen mit angemessenen Kosten f\u00fcr jede Form der Streitbeilegung, einschlie\u00dflich, aber nicht beschr\u00e4nkt auf Anwaltsgeb\u00fchren, zur\u00fcckzufordern.<\/p><p>Kein Recht oder Rechtsbehelf von miisoo.com schlie\u00dft ein anderes aus, weder nach Gesetz noch nach Billigkeit, einschlie\u00dflich, aber nicht beschr\u00e4nkt auf Unterlassungsanspr\u00fcche auf Schadensersatz, Anwaltsgeb\u00fchren und -kosten.<\/p>\t\t\t\t\t\t\t\t<\/div>\n\t\t\t\t<\/div>\n\t\t\t\t\t<\/div>\n\t\t<\/div>\n\t\t\t\t<div class=\"elementor-column elementor-col-25 elementor-top-column elementor-element elementor-element-df603f8\" data-id=\"df603f8\" data-element_type=\"column\">\n\t\t\t<div class=\"elementor-widget-wrap\">\n\t\t\t\t\t\t\t<\/div>\n\t\t<\/div>\n\t\t\t\t\t<\/div>\n\t\t<\/section>\n\t\t\t\t<\/div>","protected":false},"excerpt":{"rendered":"<p>Durch den Zugriff, das Durchsuchen oder die anderweitige Nutzung der Website erkl\u00e4ren Sie sich mit allen Bedingungen dieser Vereinbarung einverstanden. Bitte lesen Sie diese Vereinbarung sorgf\u00e4ltig durch, bevor Sie fortfahren. Nutzung der Website: Sie versichern und garantieren, dass Sie mindestens 18 Jahre alt sind oder die Website unter der Aufsicht eines Elternteils oder Erziehungsberechtigten besuchen. Vorbehaltlich \u2026<\/p>","protected":false},"author":455,"featured_media":0,"parent":0,"menu_order":0,"comment_status":"closed","ping_status":"open","template":"","meta":{"footnotes":""},"class_list":["post-4358","page","type-page","status-publish","hentry"],"yoast_head":"<!-- This site is optimized with the Yoast SEO Premium plugin v22.6 (Yoast SEO v22.9) - https:\/\/yoast.com\/wordpress\/plugins\/seo\/ -->\n<title>Terms &amp; Conditions |Cheap Real Sex Dolls | Miisoo<\/title>\n<meta name=\"description\" content=\"Review Miisoo&#039;s Transparent Terms &amp; Conditions. Shop Confidently for Cheap Real Sex Dolls. Your Satisfaction, Our Commitment at Miisoo. Check It Online Now\" \/>\n<meta name=\"robots\" content=\"index, follow, max-snippet:-1, max-image-preview:large, max-video-preview:-1\" \/>\n<link rel=\"canonical\" href=\"https:\/\/www.miisoo.com\/de\/terms-conditions\/\" \/>\n<meta property=\"og:locale\" content=\"de_DE\" \/>\n<meta property=\"og:type\" content=\"article\" \/>\n<meta property=\"og:title\" content=\"Terms and Conditions\" \/>\n<meta property=\"og:description\" content=\"Review Miisoo&#039;s Transparent Terms &amp; Conditions. Shop Confidently for Cheap Real Sex Dolls. Your Satisfaction, Our Commitment at Miisoo. Check It Online Now\" \/>\n<meta property=\"og:url\" content=\"https:\/\/www.miisoo.com\/de\/terms-conditions\/\" \/>\n<meta property=\"og:site_name\" content=\"MiisooDoll\" \/>\n<meta property=\"article:publisher\" content=\"https:\/\/www.facebook.com\/miisoodoll\" \/>\n<meta property=\"article:modified_time\" content=\"2023-12-22T12:17:14+00:00\" \/>\n<meta name=\"twitter:card\" content=\"summary_large_image\" \/>\n<meta name=\"twitter:site\" content=\"@MiisooSexDolls\" \/>\n<meta name=\"twitter:label1\" content=\"Gesch\u00e4tzte Lesezeit\" \/>\n\t<meta name=\"twitter:data1\" content=\"10\u00a0Minuten\" \/>\n<!-- \/ Yoast SEO Premium plugin. -->","yoast_head_json":{"title":"Terms & Conditions |Cheap Real Sex Dolls | Miisoo","description":"Review Miisoo's Transparent Terms & Conditions. Shop Confidently for Cheap Real Sex Dolls. Your Satisfaction, Our Commitment at Miisoo. Check It Online Now","robots":{"index":"index","follow":"follow","max-snippet":"max-snippet:-1","max-image-preview":"max-image-preview:large","max-video-preview":"max-video-preview:-1"},"canonical":"https:\/\/www.miisoo.com\/de\/terms-conditions\/","og_locale":"de_DE","og_type":"article","og_title":"Terms and Conditions","og_description":"Review Miisoo's Transparent Terms & Conditions. Shop Confidently for Cheap Real Sex Dolls. Your Satisfaction, Our Commitment at Miisoo. Check It Online Now","og_url":"https:\/\/www.miisoo.com\/de\/terms-conditions\/","og_site_name":"MiisooDoll","article_publisher":"https:\/\/www.facebook.com\/miisoodoll","article_modified_time":"2023-12-22T12:17:14+00:00","twitter_card":"summary_large_image","twitter_site":"@MiisooSexDolls","twitter_misc":{"Gesch\u00e4tzte Lesezeit":"10\u00a0Minuten"},"schema":{"@context":"https:\/\/schema.org","@graph":[{"@type":"WebPage","@id":"https:\/\/www.miisoo.com\/terms-conditions\/","url":"https:\/\/www.miisoo.com\/terms-conditions\/","name":"Terms & Conditions |Cheap Real Sex Dolls | Miisoo","isPartOf":{"@id":"https:\/\/www.miisoo.com\/#website"},"datePublished":"2020-09-14T07:34:47+00:00","dateModified":"2023-12-22T12:17:14+00:00","description":"Review Miisoo's Transparent Terms & Conditions. Shop Confidently for Cheap Real Sex Dolls. Your Satisfaction, Our Commitment at Miisoo. Check It Online Now","breadcrumb":{"@id":"https:\/\/www.miisoo.com\/terms-conditions\/#breadcrumb"},"inLanguage":"de","potentialAction":[{"@type":"ReadAction","target":["https:\/\/www.miisoo.com\/terms-conditions\/"]}]},{"@type":"BreadcrumbList","@id":"https:\/\/www.miisoo.com\/terms-conditions\/#breadcrumb","itemListElement":[{"@type":"ListItem","position":1,"name":"Home","item":"https:\/\/www.miisoo.com\/"},{"@type":"ListItem","position":2,"name":"Terms and Conditions"}]},{"@type":"WebSite","@id":"https:\/\/www.miisoo.com\/#website","url":"https:\/\/www.miisoo.com\/","name":"MiisooDoll","description":"Sexual Doll, Real Sex Dolls, Love Doll, Best Sex Dolls","publisher":{"@id":"https:\/\/www.miisoo.com\/#organization"},"potentialAction":[{"@type":"SearchAction","target":{"@type":"EntryPoint","urlTemplate":"https:\/\/www.miisoo.com\/?s={search_term_string}"},"query-input":"required name=search_term_string"}],"inLanguage":"de"},{"@type":"Organization","@id":"https:\/\/www.miisoo.com\/#organization","name":"MiisooDoll","url":"https:\/\/www.miisoo.com\/","logo":{"@type":"ImageObject","inLanguage":"de","@id":"https:\/\/www.miisoo.com\/#\/schema\/logo\/image\/","url":"https:\/\/www.miisoo.com\/wp-content\/uploads\/2020\/09\/logo-botton.png","contentUrl":"https:\/\/www.miisoo.com\/wp-content\/uploads\/2020\/09\/logo-botton.png","width":181,"height":42,"caption":"MiisooDoll"},"image":{"@id":"https:\/\/www.miisoo.com\/#\/schema\/logo\/image\/"},"sameAs":["https:\/\/www.facebook.com\/miisoodoll","https:\/\/x.com\/MiisooSexDolls"]}]}},"_links":{"self":[{"href":"https:\/\/www.miisoo.com\/de\/wp-json\/wp\/v2\/pages\/4358","targetHints":{"allow":["GET"]}}],"collection":[{"href":"https:\/\/www.miisoo.com\/de\/wp-json\/wp\/v2\/pages"}],"about":[{"href":"https:\/\/www.miisoo.com\/de\/wp-json\/wp\/v2\/types\/page"}],"author":[{"embeddable":true,"href":"https:\/\/www.miisoo.com\/de\/wp-json\/wp\/v2\/users\/455"}],"replies":[{"embeddable":true,"href":"https:\/\/www.miisoo.com\/de\/wp-json\/wp\/v2\/comments?post=4358"}],"version-history":[{"count":4,"href":"https:\/\/www.miisoo.com\/de\/wp-json\/wp\/v2\/pages\/4358\/revisions"}],"predecessor-version":[{"id":34674,"href":"https:\/\/www.miisoo.com\/de\/wp-json\/wp\/v2\/pages\/4358\/revisions\/34674"}],"wp:attachment":[{"href":"https:\/\/www.miisoo.com\/de\/wp-json\/wp\/v2\/media?parent=4358"}],"curies":[{"name":"wp","href":"https:\/\/api.w.org\/{rel}","templated":true}]}}