{"id":3,"date":"2020-09-05T13:19:56","date_gmt":"2020-09-05T13:19:56","guid":{"rendered":"http:\/\/miisoo.com\/?page_id=3"},"modified":"2023-12-22T20:16:22","modified_gmt":"2023-12-22T12:16:22","slug":"privacy-policy","status":"publish","type":"page","link":"https:\/\/www.miisoo.com\/de\/privacy-policy\/","title":{"rendered":"Datenschutz-Bestimmungen"},"content":{"rendered":"<div data-elementor-type=\"wp-page\" data-elementor-id=\"3\" class=\"elementor elementor-3\" data-elementor-post-type=\"page\">\n\t\t\t\t\t\t<section class=\"elementor-section elementor-top-section elementor-element elementor-element-c76458e elementor-section-boxed elementor-section-height-default elementor-section-height-default\" data-id=\"c76458e\" data-element_type=\"section\">\n\t\t\t\t\t\t<div class=\"elementor-container elementor-column-gap-default\">\n\t\t\t\t\t<div class=\"elementor-column elementor-col-25 elementor-top-column elementor-element elementor-element-8b5e8e1\" data-id=\"8b5e8e1\" data-element_type=\"column\">\n\t\t\t<div class=\"elementor-widget-wrap\">\n\t\t\t\t\t\t\t<\/div>\n\t\t<\/div>\n\t\t\t\t<div class=\"elementor-column elementor-col-50 elementor-top-column elementor-element elementor-element-5afa608\" data-id=\"5afa608\" data-element_type=\"column\">\n\t\t\t<div class=\"elementor-widget-wrap elementor-element-populated\">\n\t\t\t\t\t\t<div class=\"elementor-element elementor-element-1111958 elementor-widget elementor-widget-text-editor\" data-id=\"1111958\" data-element_type=\"widget\" data-widget_type=\"text-editor.default\">\n\t\t\t\t<div class=\"elementor-widget-container\">\n\t\t\t\t\t\t\t\t\t<p>MIISOO ist der alleinige Eigent\u00fcmer der Informationen, die wir auf dieser Website sammeln, wir verkaufen, vermieten oder teilen diese Informationen nicht mit anderen Unternehmen zu Marketingzwecken. Wir wissen, dass es Ihnen wichtig ist, wie Ihre pers\u00f6nlichen Daten verwendet und weitergegeben werden, und wir wissen Ihr Vertrauen in uns zu sch\u00e4tzen. Wir behandeln Ihre pers\u00f6nlichen Daten mit den h\u00f6chsten Sicherheits- und Vertraulichkeitsstandards.<\/p>\n<p><strong>F. Ich mache mir Sorgen um meine Privatsph\u00e4re. Wie k\u00f6nnen Sie meine Vertraulichkeit sch\u00fctzen?<\/strong><\/p>\n<p>A. Wir sind sehr besorgt \u00fcber den elektronischen Datenschutz, da wir ein Internet-basiertes Unternehmen sind. Wir sch\u00fctzen Ihre Privatsph\u00e4re, Vertraulichkeit und pers\u00f6nlichen Daten w\u00e4hrend des Bestell- und Erf\u00fcllungsprozesses. Wir speichern Ihre Daten nicht auf einem Computer unsererseits, das hei\u00dft, es gibt keine M\u00f6glichkeit, Ihre pers\u00f6nlichen Daten gegen Sie zu verwenden oder sie auf einer Website eines Drittanbieters stehlen zu lassen. Wir sch\u00fctzen Ihre Privatsph\u00e4re auch, indem wir unser Verkaufspersonal darauf schulen, hilfsbereit und vor allem diskret zu sein. Unsere Verwaltungsmitarbeiter werden mit niemandem \u00fcber Sie oder Ihr Gesch\u00e4ft sprechen. Sie k\u00f6nnen sicher sein, dass wir alles, was wir bei Ihnen ansammeln, sofort vergessen. Wir bewahren solche Informationen nicht auf, also brauchen Sie sich keine Sorgen zu machen.<\/p>\n<p>Alle unsere Vertriebsmitarbeiter werden von Hand ausgew\u00e4hlt und geschult, um sicherzustellen, dass sie verstehen, wie die Vertraulichkeit der Kunden gewahrt wird. Kein Mitarbeiter, der gegen diese Vertraulichkeitsregeln verst\u00f6\u00dft, darf bleiben. Unsere Mitarbeiter besprechen auch keine Kunden oder deren Eink\u00e4ufe untereinander. Wir lehren sie, dass diese Art von unn\u00fctzem Klatsch einfach nichts ist, was n\u00fctzlich oder hilfreich ist, also ist der beste Weg, damit umzugehen, es einfach nicht zu tun. Sie k\u00f6nnen Ihren Kauf nicht in vollen Z\u00fcgen genie\u00dfen, wenn Sie sich Sorgen machen, dass Ihr pers\u00f6nliches Gesch\u00e4ft offengelegt wird.<\/p>\n<p>Ihr Sexpuppenkauf bleibt absolut geheim, solange wir etwas dazu sagen k\u00f6nnen. Wir werden Ihre Privatsph\u00e4re von Anfang bis Ende wahren und in diesem Punkt niemals aufgeben. Sobald Sie wissen, dass Ihre Privatsph\u00e4re gesch\u00fctzt ist, k\u00f6nnen Sie sich zur\u00fccklehnen, entspannen und genie\u00dfen, was Sie gekauft haben. Je entspannter Sie sind, desto mehr Spa\u00df werden Sie haben, und je mehr Spa\u00df Sie haben, desto besser haben wir unsere Arbeit gemacht. Wir werden nicht ruhen, bis wir wissen, dass Sie zufrieden sind. Ihre Zufriedenheit und Ihr Sexpuppenerlebnis sind uns immens wichtig.<\/p>\n<h3>Welche Informationen sammeln wir?<\/h3>\n<p>Wir erfassen Informationen von Ihnen, wenn Sie sich auf unserer Website registrieren, eine Bestellung aufgeben oder unseren Newsletter abonnieren.<\/p>\n<p>Bei der Bestellung oder Registrierung auf unserer Website werden Sie gegebenenfalls aufgefordert, Ihren Namen, Ihre E-Mail-Adresse, Ihre Postanschrift oder Ihre Telefonnummer einzugeben. Sie k\u00f6nnen unsere Seite jedoch anonym besuchen.<\/p>\n<h3>Wof\u00fcr verwenden wir Ihre Informationen?<\/h3>\n<p>Alle Informationen, die wir von Ihnen sammeln, k\u00f6nnen auf eine der folgenden Arten verwendet werden:<\/p>\n<p>So personalisieren Sie Ihr Erlebnis:<br>(Ihre Angaben helfen uns, besser auf Ihre individuellen Bed\u00fcrfnisse eingehen zu k\u00f6nnen)<\/p>\n<p>So verarbeiten Sie Transaktionen:<br>Ihre Informationen, ob \u00f6ffentlich oder privat, werden ohne Ihre Zustimmung aus keinem Grund verkauft, ausgetauscht, \u00fcbertragen oder an ein anderes Unternehmen weitergegeben, au\u00dfer f\u00fcr den ausdr\u00fccklichen Zweck, das gekaufte Produkt oder die angeforderte Dienstleistung zu liefern.<\/p>\n<p>So senden Sie regelm\u00e4\u00dfig E-Mails:<br>Die E-Mail-Adresse, die Sie f\u00fcr die Bestellabwicklung angeben, kann verwendet werden, um Ihnen Informationen und Aktualisierungen zu Ihrer Bestellung zuzusenden. Zus\u00e4tzlich zum Erhalt gelegentlicher Unternehmensnachrichten, Updates, zugeh\u00f6riger Produkt- oder Serviceinformationen usw.<br>Hinweis: Wenn Sie sich zu irgendeinem Zeitpunkt vom Erhalt zuk\u00fcnftiger E-Mails abmelden m\u00f6chten, f\u00fcgen wir am Ende jeder E-Mail detaillierte Anweisungen zum Abbestellen hinzu.<\/p>\n<h3 class=\"m_top\">Wie sch\u00fctzen wir Ihre Daten?<\/h3>\n<p class=\"m_bottom\">Wir implementieren eine Vielzahl von Sicherheitsma\u00dfnahmen, um die Sicherheit Ihrer personenbezogenen Daten zu gew\u00e4hrleisten, wenn Sie eine Bestellung aufgeben oder Ihre personenbezogenen Daten eingeben, \u00fcbermitteln oder darauf zugreifen.<br>Wir bieten die Nutzung eines sicheren Servers an. Alle bereitgestellten sensiblen Informationen\/Kreditinformationen werden \u00fcber die Secure Socket Layer (SSL)-Technologie \u00fcbertragen und dann in die Datenbank unserer Zahlungs-Gateway-Anbieter verschl\u00fcsselt, damit sie nur von Personen mit besonderen Zugriffsrechten auf solche Systeme zug\u00e4nglich sind und die Informationen vertraulich behandeln m\u00fcssen.<br>Nach einer Transaktion werden Ihre privaten Daten (Kreditkarten, Sozialversicherungsnummern, Finanzdaten usw.) nicht auf unseren Servern gespeichert.<\/p>\n<h3>Verwenden wir Cookies?<\/h3>\n<p>es. Cookies sind kleine Dateien, die eine Website oder ihr Dienstanbieter \u00fcber Ihren Webbrowser auf die Festplatte Ihres Computers \u00fcbertr\u00e4gt (sofern Sie dies zulassen), die es den Websites oder Dienstanbietersystemen erm\u00f6glichen, Ihren Browser zu erkennen und bestimmte Informationen zu erfassen und zu speichern. Wir verwenden Cookies, um uns zu helfen sich die Artikel in Ihrem Einkaufswagen merken und verarbeiten, Ihre Pr\u00e4ferenzen f\u00fcr zuk\u00fcnftige Besuche verstehen und speichern, Werbung verfolgen und aggregierte Daten \u00fcber den Website-Verkehr und die Website-Interaktion zusammenstellen, damit wir in Zukunft bessere Website-Erlebnisse und Tools anbieten k\u00f6nnen.<\/p>\n<h3>Geben wir irgendwelche Informationen an Dritte weiter?<\/h3>\n<p>Wir verkaufen, tauschen oder \u00fcbertragen Ihre personenbezogenen Daten nicht an Dritte. Dies gilt nicht f\u00fcr vertrauensw\u00fcrdige Dritte, die uns beim Betrieb unserer Website, der F\u00fchrung unserer Gesch\u00e4fte oder der Betreuung Ihrer Person unterst\u00fctzen, solange diese Parteien zustimmen, diese Informationen vertraulich zu behandeln. Wir k\u00f6nnen Ihre Informationen auch freigeben, wenn wir der Meinung sind, dass die Freigabe angemessen ist, um Gesetze einzuhalten, unsere Website-Richtlinien durchzusetzen oder unsere oder andere Rechte, Eigentum oder Sicherheit zu sch\u00fctzen. Nicht pers\u00f6nlich identifizierbare Besucherinformationen k\u00f6nnen jedoch anderen Parteien f\u00fcr Marketing, Werbung oder andere Zwecke zur Verf\u00fcgung gestellt werden.<\/p>\n<h3>Links von Drittanbietern<\/h3>\n<p>Gelegentlich k\u00f6nnen wir nach eigenem Ermessen Produkte oder Dienstleistungen von Drittanbietern auf unserer Website einschlie\u00dfen oder anbieten. Diese Websites von Drittanbietern haben separate und unabh\u00e4ngige Datenschutzrichtlinien. Daher \u00fcbernehmen wir keine Verantwortung oder Haftung f\u00fcr den Inhalt und die Aktivit\u00e4ten dieser verlinkten Seiten. Nichtsdestotrotz bem\u00fchen wir uns, die Integrit\u00e4t unserer Website zu sch\u00fctzen, und freuen uns \u00fcber jedes Feedback zu diesen Websites.<\/p>\n<p class=\"m_bottom\">\n<\/p><h3>Einhaltung des Online-Datenschutzgesetzes f\u00fcr Kinder<\/h3>\n<p>Wir erf\u00fcllen die Anforderungen von COPPA (Children&#039;s Online Privacy Protection Act). Wir sammeln keine Informationen von Personen unter 13 Jahren. Unsere Website, Produkte und Dienstleistungen richten sich alle an Personen, die mindestens 13 Jahre alt oder \u00e4lter sind.<\/p>\n<h3>Nur Online-Datenschutzrichtlinie<\/h3>\n<p>Diese Online-Datenschutzrichtlinie gilt nur f\u00fcr Informationen, die \u00fcber unsere Website gesammelt werden, und nicht f\u00fcr Informationen, die offline gesammelt werden.<\/p>\n<h3>Gesch\u00e4ftsbedingungen<\/h3>\n<p>Bitte besuchen Sie auch unseren Abschnitt Allgemeine Gesch\u00e4ftsbedingungen, in dem die Nutzung, Haftungsausschl\u00fcsse und Haftungsbeschr\u00e4nkungen f\u00fcr die Nutzung unserer Website festgelegt sind&nbsp;<a href=\"https:\/\/www.miisoo.com\/de\/\" target=\"_blank\" style=\"font-family: inherit; font-weight: var( --e-global-typography-text-font-weight ); background-color: rgb(255, 255, 255);\">www.miisoo.com<\/a><\/p>\n<h3>Ihre Zustimmung<\/h3>\n<p>Durch die Nutzung unserer Website stimmen Sie unserer Website-Datenschutzrichtlinie zu.<\/p>\n<h3>\u00c4nderungen an unserer Datenschutzrichtlinie<\/h3>\n<p>Wenn wir uns entscheiden, unsere Datenschutzrichtlinie zu \u00e4ndern, werden wir das \u00c4nderungsdatum der Datenschutzrichtlinie unten aktualisieren.<br>Diese Richtlinie wurde zuletzt am 06.03.2018 ge\u00e4ndert<\/p>\t\t\t\t\t\t\t\t<\/div>\n\t\t\t\t<\/div>\n\t\t\t\t\t<\/div>\n\t\t<\/div>\n\t\t\t\t<div class=\"elementor-column elementor-col-25 elementor-top-column elementor-element elementor-element-df603f8\" data-id=\"df603f8\" data-element_type=\"column\">\n\t\t\t<div class=\"elementor-widget-wrap\">\n\t\t\t\t\t\t\t<\/div>\n\t\t<\/div>\n\t\t\t\t\t<\/div>\n\t\t<\/section>\n\t\t\t\t<\/div>","protected":false},"excerpt":{"rendered":"<p>MIISOO ist der alleinige Eigent\u00fcmer der Informationen, die wir auf dieser Website sammeln, wir verkaufen, vermieten oder teilen diese Informationen nicht mit anderen Unternehmen zu Marketingzwecken. Wir wissen, dass es Ihnen wichtig ist, wie Ihre pers\u00f6nlichen Daten verwendet und weitergegeben werden, und wir wissen Ihr Vertrauen in uns zu sch\u00e4tzen. Wir behandeln Ihr pers\u00f6nliches\u2026<\/p>","protected":false},"author":455,"featured_media":0,"parent":0,"menu_order":0,"comment_status":"closed","ping_status":"open","template":"","meta":{"footnotes":""},"class_list":["post-3","page","type-page","status-publish","hentry"],"yoast_head":"<!-- This site is optimized with the Yoast SEO Premium plugin v22.6 (Yoast SEO v22.9) - https:\/\/yoast.com\/wordpress\/plugins\/seo\/ -->\n<title>Privacy Policy | Cheap Real Sex Dolls | MiisooDoll<\/title>\n<meta name=\"description\" content=\"Review MiisooDoll&#039;s privacy policy for transparent handling of data. Shop confidently for cheap real sex dolls. Your privacy, our priority at MiisooDoll.\" \/>\n<meta name=\"robots\" content=\"index, follow, max-snippet:-1, max-image-preview:large, max-video-preview:-1\" \/>\n<link rel=\"canonical\" href=\"https:\/\/www.miisoo.com\/de\/privacy-policy\/\" \/>\n<meta property=\"og:locale\" content=\"de_DE\" \/>\n<meta property=\"og:type\" content=\"article\" \/>\n<meta property=\"og:title\" content=\"Privacy Policy\" \/>\n<meta property=\"og:description\" content=\"Review MiisooDoll&#039;s privacy policy for transparent handling of data. Shop confidently for cheap real sex dolls. Your privacy, our priority at MiisooDoll.\" \/>\n<meta property=\"og:url\" content=\"https:\/\/www.miisoo.com\/de\/privacy-policy\/\" \/>\n<meta property=\"og:site_name\" content=\"MiisooDoll\" \/>\n<meta property=\"article:publisher\" content=\"https:\/\/www.facebook.com\/miisoodoll\" \/>\n<meta property=\"article:modified_time\" content=\"2023-12-22T12:16:22+00:00\" \/>\n<meta name=\"twitter:card\" content=\"summary_large_image\" \/>\n<meta name=\"twitter:site\" content=\"@MiisooSexDolls\" \/>\n<meta name=\"twitter:label1\" content=\"Gesch\u00e4tzte Lesezeit\" \/>\n\t<meta name=\"twitter:data1\" content=\"5\u00a0Minuten\" \/>\n<!-- \/ Yoast SEO Premium plugin. -->","yoast_head_json":{"title":"Privacy Policy | Cheap Real Sex Dolls | MiisooDoll","description":"Review MiisooDoll's privacy policy for transparent handling of data. Shop confidently for cheap real sex dolls. Your privacy, our priority at MiisooDoll.","robots":{"index":"index","follow":"follow","max-snippet":"max-snippet:-1","max-image-preview":"max-image-preview:large","max-video-preview":"max-video-preview:-1"},"canonical":"https:\/\/www.miisoo.com\/de\/privacy-policy\/","og_locale":"de_DE","og_type":"article","og_title":"Privacy Policy","og_description":"Review MiisooDoll's privacy policy for transparent handling of data. Shop confidently for cheap real sex dolls. Your privacy, our priority at MiisooDoll.","og_url":"https:\/\/www.miisoo.com\/de\/privacy-policy\/","og_site_name":"MiisooDoll","article_publisher":"https:\/\/www.facebook.com\/miisoodoll","article_modified_time":"2023-12-22T12:16:22+00:00","twitter_card":"summary_large_image","twitter_site":"@MiisooSexDolls","twitter_misc":{"Gesch\u00e4tzte Lesezeit":"5\u00a0Minuten"},"schema":{"@context":"https:\/\/schema.org","@graph":[{"@type":"WebPage","@id":"https:\/\/www.miisoo.com\/nl\/privacy-policy\/","url":"https:\/\/www.miisoo.com\/nl\/privacy-policy\/","name":"Privacy Policy | Cheap Real Sex Dolls | MiisooDoll","isPartOf":{"@id":"https:\/\/www.miisoo.com\/#website"},"datePublished":"2020-09-05T13:19:56+00:00","dateModified":"2023-12-22T12:16:22+00:00","description":"Review MiisooDoll's privacy policy for transparent handling of data. Shop confidently for cheap real sex dolls. Your privacy, our priority at MiisooDoll.","breadcrumb":{"@id":"https:\/\/www.miisoo.com\/nl\/privacy-policy\/#breadcrumb"},"inLanguage":"de","potentialAction":[{"@type":"ReadAction","target":["https:\/\/www.miisoo.com\/nl\/privacy-policy\/"]}]},{"@type":"BreadcrumbList","@id":"https:\/\/www.miisoo.com\/nl\/privacy-policy\/#breadcrumb","itemListElement":[{"@type":"ListItem","position":1,"name":"Home","item":"https:\/\/www.miisoo.com\/"},{"@type":"ListItem","position":2,"name":"Privacy Policy"}]},{"@type":"WebSite","@id":"https:\/\/www.miisoo.com\/#website","url":"https:\/\/www.miisoo.com\/","name":"MiisooDoll","description":"Sexual Doll, Real Sex Dolls, Love Doll, Best Sex Dolls","publisher":{"@id":"https:\/\/www.miisoo.com\/#organization"},"potentialAction":[{"@type":"SearchAction","target":{"@type":"EntryPoint","urlTemplate":"https:\/\/www.miisoo.com\/?s={search_term_string}"},"query-input":"required name=search_term_string"}],"inLanguage":"de"},{"@type":"Organization","@id":"https:\/\/www.miisoo.com\/#organization","name":"MiisooDoll","url":"https:\/\/www.miisoo.com\/","logo":{"@type":"ImageObject","inLanguage":"de","@id":"https:\/\/www.miisoo.com\/#\/schema\/logo\/image\/","url":"https:\/\/www.miisoo.com\/wp-content\/uploads\/2020\/09\/logo-botton.png","contentUrl":"https:\/\/www.miisoo.com\/wp-content\/uploads\/2020\/09\/logo-botton.png","width":181,"height":42,"caption":"MiisooDoll"},"image":{"@id":"https:\/\/www.miisoo.com\/#\/schema\/logo\/image\/"},"sameAs":["https:\/\/www.facebook.com\/miisoodoll","https:\/\/x.com\/MiisooSexDolls"]}]}},"_links":{"self":[{"href":"https:\/\/www.miisoo.com\/de\/wp-json\/wp\/v2\/pages\/3","targetHints":{"allow":["GET"]}}],"collection":[{"href":"https:\/\/www.miisoo.com\/de\/wp-json\/wp\/v2\/pages"}],"about":[{"href":"https:\/\/www.miisoo.com\/de\/wp-json\/wp\/v2\/types\/page"}],"author":[{"embeddable":true,"href":"https:\/\/www.miisoo.com\/de\/wp-json\/wp\/v2\/users\/455"}],"replies":[{"embeddable":true,"href":"https:\/\/www.miisoo.com\/de\/wp-json\/wp\/v2\/comments?post=3"}],"version-history":[{"count":1,"href":"https:\/\/www.miisoo.com\/de\/wp-json\/wp\/v2\/pages\/3\/revisions"}],"predecessor-version":[{"id":34673,"href":"https:\/\/www.miisoo.com\/de\/wp-json\/wp\/v2\/pages\/3\/revisions\/34673"}],"wp:attachment":[{"href":"https:\/\/www.miisoo.com\/de\/wp-json\/wp\/v2\/media?parent=3"}],"curies":[{"name":"wp","href":"https:\/\/api.w.org\/{rel}","templated":true}]}}