{"id":4494,"date":"2020-09-16T14:42:35","date_gmt":"2020-09-16T06:42:35","guid":{"rendered":"http:\/\/miisoo.com\/?page_id=4494"},"modified":"2023-12-22T20:07:15","modified_gmt":"2023-12-22T12:07:15","slug":"disclaimer-18","status":"publish","type":"page","link":"https:\/\/www.miisoo.com\/da\/disclaimer-18\/","title":{"rendered":"Ansvarsfraskrivelse 18+"},"content":{"rendered":"<div data-elementor-type=\"wp-page\" data-elementor-id=\"4494\" class=\"elementor elementor-4494\" data-elementor-post-type=\"page\">\n\t\t\t\t\t\t<section class=\"elementor-section elementor-top-section elementor-element elementor-element-c76458e elementor-section-boxed elementor-section-height-default elementor-section-height-default\" data-id=\"c76458e\" data-element_type=\"section\">\n\t\t\t\t\t\t<div class=\"elementor-container elementor-column-gap-default\">\n\t\t\t\t\t<div class=\"elementor-column elementor-col-25 elementor-top-column elementor-element elementor-element-8b5e8e1\" data-id=\"8b5e8e1\" data-element_type=\"column\">\n\t\t\t<div class=\"elementor-widget-wrap\">\n\t\t\t\t\t\t\t<\/div>\n\t\t<\/div>\n\t\t\t\t<div class=\"elementor-column elementor-col-50 elementor-top-column elementor-element elementor-element-5afa608\" data-id=\"5afa608\" data-element_type=\"column\">\n\t\t\t<div class=\"elementor-widget-wrap elementor-element-populated\">\n\t\t\t\t\t\t<div class=\"elementor-element elementor-element-1111958 elementor-widget elementor-widget-text-editor\" data-id=\"1111958\" data-element_type=\"widget\" data-widget_type=\"text-editor.default\">\n\t\t\t\t<div class=\"elementor-widget-container\">\n\t\t\t\t\t\t\t\t\t<p>Sidst opdateret den 25. maj 2017 kl. 10:23<\/p><p>ADVARSEL. Dette websted indeholder seksuelt orienteret voksenmateriale beregnet til personer p\u00e5 18 \u00e5r eller \u00e6ldre. Hvis du endnu ikke er 18. Ved at se denne side accepterer du, at du forst\u00e5r og nedenst\u00e5ende vilk\u00e5r:<\/p><p><strong>18 \u00c5R OG OVER<\/strong><\/p><p>MIISOO.com kan ikke forbyde mindre\u00e5rige at bes\u00f8ge dette websted. For\u00e6ldre eller v\u00e6rger er ansvarlige for at overv\u00e5ge b\u00f8rn og unge med hensyn til, hvilke materialer der er passende for dem at se. MIISOO.com kr\u00e6ver, at alle k\u00f8b foretages af personer over 18 \u00e5r.<\/p><p><strong>OPHAVSRET<\/strong><\/p><p>Medmindre andet er angivet, er alt materiale, der vises p\u00e5 dette websted, inklusive tekst, webstedsdesign, logoer, grafik, ikoner og billeder, s\u00e5vel som valget, samlingen og arrangementet deraf, MIISOO.coms eneste ejendom. Du m\u00e5 kun bruge indholdet p\u00e5 dette websted med det form\u00e5l at handle p\u00e5 dette websted eller afgive en ordre p\u00e5 dette websted og ikke til andre form\u00e5l. Intet materiale fra dette websted m\u00e5 kopieres, reproduceres, \u00e6ndres, genudgives, uploades, postes, transmitteres eller distribueres i nogen form eller p\u00e5 nogen m\u00e5de uden MIISOO.com&#039;s forudg\u00e5ende skriftlige tilladelse. Alle rettigheder, der ikke udtrykkeligt er givet heri, er forbeholdt. Enhver uautoriseret brug af de materialer, der vises p\u00e5 denne side, kan kr\u00e6nke ophavsret, varem\u00e6rke og andre g\u00e6ldende love og kan resultere i strafferetlige eller civile sanktioner.<\/p><p><strong>ANSVARSFRASKRIVELSE<\/strong><\/p><p>Denne hjemmeside leveres til dig &quot;som den er&quot; uden nogen form for garantier, udtrykkelige eller underforst\u00e5ede. Ved at bruge hjemmesiden accepterer du at b\u00e6re alle risici forbundet med brugen af disse hjemmesider og accepterer at holde MIISOO.com, dets ledere, direkt\u00f8rer, medarbejdere og agenter harml\u00f8se fra alle krav, der opst\u00e5r som f\u00f8lge af eller relateret til din brug af eller manglende evne at bruge, de websteder, som de er linket til. Du accepterer endvidere, at MIISOO.com eller bidragyderne af information til webstedet ikke vil v\u00e6re ansvarlige for nogen skade eller tab, der er for\u00e5rsaget eller p\u00e5st\u00e5s at v\u00e6re for\u00e5rsaget af dig i tillid til s\u00e5danne oplysninger.<\/p><p>Alle produkter p\u00e5 denne hjemmeside er kun til nyhedsbrug. MIISOO.com giver ingen garantier af nogen art, udtrykkelige eller underforst\u00e5ede, for, at produktet bestilt fra MIISOO.com er fri for skader, producentfejl og producentens urigtige fremstilling. Ved at afgive din ordre anerkender og accepterer du udtrykkeligt f\u00f8lgende: MIISOO.com er ikke ansvarlig over for nogen k\u00f8ber eller andre personer for nogen skade, tab eller skade, uanset om det er direkte, indirekte, tilf\u00e6ldigt, specielt eller f\u00f8lgeskabende, uanset den h\u00e6vdede juridiske teori, herunder uagtsomhed og\/eller objektivt ansvar.<\/p><p><strong>TILBAGEBETALING<\/strong><\/p><p>Vi logger IP-strenge p\u00e5 alle ordrer \u2013 alle ordrer, der kommer tilbage som en tilbagef\u00f8rsel p\u00e5 grund af svigagtige aktiviteter, vil blive omhyggeligt forfulgt gennem din lokale jurisdiktion med henblik p\u00e5 retsforf\u00f8lgning i det fulde omfang af loven.<\/p><p>For at foretage et k\u00f8b hos MIISOO.com accepterer du, at du ikke vil indgive nogen tvist\/krav eller tilbagef\u00f8rsel til dit kreditkortselskab p\u00e5 nogen ordre, du har foretaget p\u00e5 MIISOO.com.<\/p><p>MIISOO.com betragter tilbagef\u00f8rsel af kreditkort som bedrageri, hvis du ikke har gjort nogen rimelig indsats for at underrette os om, at der eksisterede et problem, og give os lang tid til at l\u00f8se eller afklare sagen eller sagen.<\/p><p>Vi tolererer ikke svindel med kreditkort. Der vil ikke blive sparet p\u00e5 omkostningerne, og alt bedrageri uden undtagelse vil blive retsforfulgt i det fulde omfang af loven. Derudover vil vi forf\u00f8lge civile retssager for at s\u00f8ge indt\u00e6gtstab relateret til svindlen, herunder forretning, advokatsal\u00e6rer, forskningsomkostninger, nedetid for medarbejdere og tab af indt\u00e6gter.<\/p><p>Al useri\u00f8s tilbagef\u00f8rsel koster ikke kun vores medarbejdere tid v\u00e6k fra vores s\u00e6dvanlige og s\u00e6dvanlige forhold med at drive normal forretning, men koster os derfor penge:<\/p><p>Du accepterer, at hvis du v\u00e6lger at foretage et k\u00f8b fra MIISOO.com og indgiver en tvist\/krav eller tilbagef\u00f8rsel til dit kreditkortselskab for en situation, der er i modstrid med vores vilk\u00e5r og betingelser, som du accepterer, n\u00e5r du afgiver din ordre ELLER ikke har tildelt os tilstr\u00e6kkeligt tid til at anerkende, bekr\u00e6fte og unders\u00f8ge situationen; og som f\u00f8lge af ethvert resultat vinder du ikke tilbagef\u00f8rselsargumentet eller tvisten\/kravet.<\/p><p>I tilf\u00e6lde af at du vinder tilbagebetalingen med dit kreditkortselskab, vil MIISOO.com fors\u00f8ge at inddrive svigagtigt bestridte gebyrer plus ekstra omkostninger via et tredjeparts inkassobureau. De rapporterede oplysninger vil omfatte fulde navn, e-mail, ordredato, ordrebel\u00f8b, IP-adresse, fuld adresse og telefonnummer.<\/p>\t\t\t\t\t\t\t\t<\/div>\n\t\t\t\t<\/div>\n\t\t\t\t\t<\/div>\n\t\t<\/div>\n\t\t\t\t<div class=\"elementor-column elementor-col-25 elementor-top-column elementor-element elementor-element-df603f8\" data-id=\"df603f8\" data-element_type=\"column\">\n\t\t\t<div class=\"elementor-widget-wrap\">\n\t\t\t\t\t\t\t<\/div>\n\t\t<\/div>\n\t\t\t\t\t<\/div>\n\t\t<\/section>\n\t\t\t\t<\/div>","protected":false},"excerpt":{"rendered":"<p>Last updated on May 25th, 2017 at 10:23 am WARNING. This site contains sexually oriented adult material intended for individuals 18 years of age or older. If you are not yet 18. By viewing this site you agree that you understand and the below terms: 18 YEARS AND OLDER MIISOO.com cannot prohibit minors from visiting&hellip;<\/p>","protected":false},"author":455,"featured_media":0,"parent":0,"menu_order":0,"comment_status":"closed","ping_status":"open","template":"","meta":{"footnotes":""},"class_list":["post-4494","page","type-page","status-publish","hentry"],"yoast_head":"<!-- This site is optimized with the Yoast SEO Premium plugin v22.6 (Yoast SEO v22.9) - https:\/\/yoast.com\/wordpress\/plugins\/seo\/ -->\n<title>Explore Adult Content| Age 18+ Disclaimer | MiisooDoll<\/title>\n<meta name=\"description\" content=\"Discover adult content responsibly with MiisooDoll&#039;s age 18+ disclaimer. Explore a world of intimate satisfaction while prioritizing legal and ethical guidelines.\" \/>\n<meta name=\"robots\" content=\"index, follow, max-snippet:-1, max-image-preview:large, max-video-preview:-1\" \/>\n<link rel=\"canonical\" href=\"https:\/\/www.miisoo.com\/da\/disclaimer-18\/\" \/>\n<meta property=\"og:locale\" content=\"da_DK\" \/>\n<meta property=\"og:type\" content=\"article\" \/>\n<meta property=\"og:title\" content=\"Disclaimer 18+\" \/>\n<meta property=\"og:description\" content=\"Discover adult content responsibly with MiisooDoll&#039;s age 18+ disclaimer. Explore a world of intimate satisfaction while prioritizing legal and ethical guidelines.\" \/>\n<meta property=\"og:url\" content=\"https:\/\/www.miisoo.com\/da\/disclaimer-18\/\" \/>\n<meta property=\"og:site_name\" content=\"MiisooDoll\" \/>\n<meta property=\"article:publisher\" content=\"https:\/\/www.facebook.com\/miisoodoll\" \/>\n<meta property=\"article:modified_time\" content=\"2023-12-22T12:07:15+00:00\" \/>\n<meta name=\"twitter:card\" content=\"summary_large_image\" \/>\n<meta name=\"twitter:site\" content=\"@MiisooSexDolls\" \/>\n<meta name=\"twitter:label1\" content=\"Estimeret l\u00e6setid\" \/>\n\t<meta name=\"twitter:data1\" content=\"4 minutter\" \/>\n<!-- \/ Yoast SEO Premium plugin. -->","yoast_head_json":{"title":"Explore Adult Content| Age 18+ Disclaimer | MiisooDoll","description":"Discover adult content responsibly with MiisooDoll's age 18+ disclaimer. Explore a world of intimate satisfaction while prioritizing legal and ethical guidelines.","robots":{"index":"index","follow":"follow","max-snippet":"max-snippet:-1","max-image-preview":"max-image-preview:large","max-video-preview":"max-video-preview:-1"},"canonical":"https:\/\/www.miisoo.com\/da\/disclaimer-18\/","og_locale":"da_DK","og_type":"article","og_title":"Disclaimer 18+","og_description":"Discover adult content responsibly with MiisooDoll's age 18+ disclaimer. Explore a world of intimate satisfaction while prioritizing legal and ethical guidelines.","og_url":"https:\/\/www.miisoo.com\/da\/disclaimer-18\/","og_site_name":"MiisooDoll","article_publisher":"https:\/\/www.facebook.com\/miisoodoll","article_modified_time":"2023-12-22T12:07:15+00:00","twitter_card":"summary_large_image","twitter_site":"@MiisooSexDolls","twitter_misc":{"Estimeret l\u00e6setid":"4 minutter"},"schema":{"@context":"https:\/\/schema.org","@graph":[{"@type":"WebPage","@id":"https:\/\/www.miisoo.com\/disclaimer-18\/","url":"https:\/\/www.miisoo.com\/disclaimer-18\/","name":"Explore Adult Content| Age 18+ Disclaimer | MiisooDoll","isPartOf":{"@id":"https:\/\/www.miisoo.com\/#website"},"datePublished":"2020-09-16T06:42:35+00:00","dateModified":"2023-12-22T12:07:15+00:00","description":"Discover adult content responsibly with MiisooDoll's age 18+ disclaimer. Explore a world of intimate satisfaction while prioritizing legal and ethical guidelines.","breadcrumb":{"@id":"https:\/\/www.miisoo.com\/disclaimer-18\/#breadcrumb"},"inLanguage":"da-DK","potentialAction":[{"@type":"ReadAction","target":["https:\/\/www.miisoo.com\/disclaimer-18\/"]}]},{"@type":"BreadcrumbList","@id":"https:\/\/www.miisoo.com\/disclaimer-18\/#breadcrumb","itemListElement":[{"@type":"ListItem","position":1,"name":"Home","item":"https:\/\/www.miisoo.com\/"},{"@type":"ListItem","position":2,"name":"Disclaimer 18+"}]},{"@type":"WebSite","@id":"https:\/\/www.miisoo.com\/#website","url":"https:\/\/www.miisoo.com\/","name":"MiisooDoll","description":"Sexual Doll, Real Sex Dolls, Love Doll, Best Sex Dolls","publisher":{"@id":"https:\/\/www.miisoo.com\/#organization"},"potentialAction":[{"@type":"SearchAction","target":{"@type":"EntryPoint","urlTemplate":"https:\/\/www.miisoo.com\/?s={search_term_string}"},"query-input":"required name=search_term_string"}],"inLanguage":"da-DK"},{"@type":"Organization","@id":"https:\/\/www.miisoo.com\/#organization","name":"MiisooDoll","url":"https:\/\/www.miisoo.com\/","logo":{"@type":"ImageObject","inLanguage":"da-DK","@id":"https:\/\/www.miisoo.com\/#\/schema\/logo\/image\/","url":"https:\/\/www.miisoo.com\/wp-content\/uploads\/2020\/09\/logo-botton.png","contentUrl":"https:\/\/www.miisoo.com\/wp-content\/uploads\/2020\/09\/logo-botton.png","width":181,"height":42,"caption":"MiisooDoll"},"image":{"@id":"https:\/\/www.miisoo.com\/#\/schema\/logo\/image\/"},"sameAs":["https:\/\/www.facebook.com\/miisoodoll","https:\/\/x.com\/MiisooSexDolls"]}]}},"_links":{"self":[{"href":"https:\/\/www.miisoo.com\/da\/wp-json\/wp\/v2\/pages\/4494","targetHints":{"allow":["GET"]}}],"collection":[{"href":"https:\/\/www.miisoo.com\/da\/wp-json\/wp\/v2\/pages"}],"about":[{"href":"https:\/\/www.miisoo.com\/da\/wp-json\/wp\/v2\/types\/page"}],"author":[{"embeddable":true,"href":"https:\/\/www.miisoo.com\/da\/wp-json\/wp\/v2\/users\/455"}],"replies":[{"embeddable":true,"href":"https:\/\/www.miisoo.com\/da\/wp-json\/wp\/v2\/comments?post=4494"}],"version-history":[{"count":1,"href":"https:\/\/www.miisoo.com\/da\/wp-json\/wp\/v2\/pages\/4494\/revisions"}],"predecessor-version":[{"id":34670,"href":"https:\/\/www.miisoo.com\/da\/wp-json\/wp\/v2\/pages\/4494\/revisions\/34670"}],"wp:attachment":[{"href":"https:\/\/www.miisoo.com\/da\/wp-json\/wp\/v2\/media?parent=4494"}],"curies":[{"name":"wp","href":"https:\/\/api.w.org\/{rel}","templated":true}]}}