{"id":4358,"date":"2020-09-14T15:34:47","date_gmt":"2020-09-14T07:34:47","guid":{"rendered":"http:\/\/miisoo.com\/?page_id=4358"},"modified":"2023-12-22T20:17:14","modified_gmt":"2023-12-22T12:17:14","slug":"terms-conditions","status":"publish","type":"page","link":"https:\/\/www.miisoo.com\/da\/terms-conditions\/","title":{"rendered":"Vilk\u00e5r og betingelser"},"content":{"rendered":"<div data-elementor-type=\"wp-page\" data-elementor-id=\"4358\" class=\"elementor elementor-4358\" data-elementor-post-type=\"page\">\n\t\t\t\t\t\t<section class=\"elementor-section elementor-top-section elementor-element elementor-element-c76458e elementor-section-boxed elementor-section-height-default elementor-section-height-default\" data-id=\"c76458e\" data-element_type=\"section\">\n\t\t\t\t\t\t<div class=\"elementor-container elementor-column-gap-default\">\n\t\t\t\t\t<div class=\"elementor-column elementor-col-25 elementor-top-column elementor-element elementor-element-8b5e8e1\" data-id=\"8b5e8e1\" data-element_type=\"column\">\n\t\t\t<div class=\"elementor-widget-wrap\">\n\t\t\t\t\t\t\t<\/div>\n\t\t<\/div>\n\t\t\t\t<div class=\"elementor-column elementor-col-50 elementor-top-column elementor-element elementor-element-5afa608\" data-id=\"5afa608\" data-element_type=\"column\">\n\t\t\t<div class=\"elementor-widget-wrap elementor-element-populated\">\n\t\t\t\t\t\t<div class=\"elementor-element elementor-element-1111958 elementor-widget elementor-widget-text-editor\" data-id=\"1111958\" data-element_type=\"widget\" data-widget_type=\"text-editor.default\">\n\t\t\t\t<div class=\"elementor-widget-container\">\n\t\t\t\t\t\t\t\t\t<p>Adgang til, browsing eller p\u00e5 anden m\u00e5de brug af webstedet angiver din accept af alle vilk\u00e5r og betingelser i denne aftale. L\u00e6s venligst denne aftale omhyggeligt, f\u00f8r du forts\u00e6tter.<\/p><p><strong>Brug af webstedet:<\/strong><\/p><p>Du repr\u00e6senterer og garanterer, at du er mindst 18 \u00e5r gammel eller bes\u00f8ger webstedet under opsyn af en for\u00e6lder eller v\u00e6rge. I henhold til vilk\u00e5rene og betingelserne i denne aftale giver miisoo.com dig hermed en begr\u00e6nset, tilbagekaldelig, ikke-overdragelig og ikke-eksklusiv licens til at f\u00e5 adgang til og bruge webstedet ved kun at vise det p\u00e5 din internetbrowser med det form\u00e5l at handle efter personlige varer, der s\u00e6lges p\u00e5 webstedet og ikke til kommerciel brug eller brug p\u00e5 vegne af nogen tredjepart, undtagen som udtrykkeligt tilladt af miisoo.com p\u00e5 forh\u00e5nd. Ethvert brud p\u00e5 denne aftale vil medf\u00f8re \u00f8jeblikkelig tilbagekaldelse af licensen givet i dette stykke uden varsel til dig.<\/p><p>Medmindre det er tilladt i ovenst\u00e5ende afsnit, m\u00e5 du ikke reproducere, distribuere, vise, s\u00e6lge, lease, transmittere, skabe afledte v\u00e6rker fra, overs\u00e6tte, \u00e6ndre, reverse-manipulere, adskille, dekompilere eller p\u00e5 anden m\u00e5de udnytte dette websted eller nogen del af det, medmindre udtrykkeligt tilladt af miisoo.com skriftligt. Du m\u00e5 ikke g\u00f8re nogen kommerciel brug af nogen af oplysningerne p\u00e5 webstedet eller g\u00f8re nogen brug af webstedet til gavn for en anden virksomhed, medmindre det er udtrykkeligt tilladt af miisoo.com p\u00e5 forh\u00e5nd. miisoo.com forbeholder sig retten til at n\u00e6gte service, afslutte konti og\/eller annullere ordrer efter eget sk\u00f8n, herunder, uden begr\u00e6nsning, hvis miisoo.com mener, at kundeadf\u00e6rd overtr\u00e6der g\u00e6ldende lovgivning eller er skadelig for miisoo.coms interesser.<\/p><p>Du vil v\u00e6re eneansvarlig for al adgang til og brug af denne side af enhver, der bruger den adgangskode og identifikation, der oprindeligt blev tildelt dig, uanset om s\u00e5dan adgang til og brug af dette websted faktisk er godkendt af dig, herunder uden begr\u00e6nsning, al kommunikation og transmissioner og alle forpligtelser (herunder, uden begr\u00e6nsning, \u00f8konomiske forpligtelser), der er p\u00e5draget gennem s\u00e5dan adgang eller brug. Du er alene ansvarlig for at beskytte sikkerheden og fortroligheden af den adgangskode og identifikation, der er tildelt dig. Du skal straks underrette miisoo.com om enhver uautoriseret brug af din adgangskode eller identifikation eller ethvert andet brud eller truende brud p\u00e5 dette websteds sikkerhed.<\/p><p>Medmindre andet er angivet andetsteds i denne aftale eller p\u00e5 webstedet, alt, hvad du indsender eller poster til webstedet og\/eller leverer miisoo.com, herunder, uden begr\u00e6nsning, ideer, knowhow, teknikker, sp\u00f8rgsm\u00e5l, anmeldelser, kommentarer og forslag (samlet &quot;Indsendelser&quot;) er og vil blive behandlet som ikke-fortrolige og ikke-propriet\u00e6re, og ved at indsende eller poste, accepterer du uigenkaldeligt at licensere indl\u00e6gget og alle IP-rettigheder relateret dertil (undtagen de moralske rettigheder s\u00e5som forfatterrettigheder) til miisoo.com uden beregning og miisoo.com skal have den royaltyfrie, verdensomsp\u00e6ndende, evige, uigenkaldelige og overf\u00f8rbare ret til at bruge, kopiere, distribuere, vise, udgive, udf\u00f8re, s\u00e6lge, lease, transmittere, tilpasse, skabe afledte v\u00e6rker fra s\u00e5danne indsendelser p\u00e5 enhver m\u00e5de og i enhver form, og til at overs\u00e6tte, modificere, reverse-manipulere, adskille eller dekompilere s\u00e5danne indsendelser. Alle indsendelser bliver automatisk miisoo.com&#039;s eneste og eksklusive ejendom og vil ikke blive returneret til dig, og du accepterer ikke at rejse nogen tvist i forbindelse med enhver brug af posten af miisoo.com i fremtiden.<\/p><p>Du garanterer, at dine bidrag, helt eller delvist, er klare og fri for enhver kr\u00e6nkelse af IP-rettigheder, tvister eller tredjepartskrav. miisoo.com p\u00e5tager sig intet ansvar for misbrug af ophavsret eller andre rettigheder tilh\u00f8rende tredjeparter af dig. Du forpligter dig til at forsvare og holde sponsoren skadesl\u00f8s mod ethvert tab for\u00e5rsaget p\u00e5 grund af brugen af posterne til ethvert form\u00e5l.<\/p><p>Ud over de rettigheder, der g\u00e6lder for enhver indsendelse, giver du, n\u00e5r du sender kommentarer eller anmeldelser til webstedet, ogs\u00e5 miisoo.com retten til at bruge det navn, du indsender med enhver anmeldelse, kommentar eller andet indhold, hvis nogen, i forbindelse med med en s\u00e5dan anmeldelse, kommentar eller andet indhold. Du repr\u00e6senterer og garanterer, at du ejer eller p\u00e5 anden m\u00e5de kontrollerer alle rettighederne til anmeldelser, kommentarer og andet indhold, som du poster p\u00e5 dette websted, og at brugen af dine anmeldelser, kommentarer eller andet indhold af miisoo.com ikke vil kr\u00e6nke eller kr\u00e6nke enhver tredjeparts rettigheder. Du m\u00e5 ikke bruge en falsk e-mail-adresse, foregive at v\u00e6re en anden end dig selv eller p\u00e5 anden m\u00e5de vildlede miisoo.com eller tredjeparter med hensyn til oprindelsen af nogen indsendelser eller indhold. miisoo.com kan, men er ikke forpligtet til at fjerne eller redigere nogen indsendelser (inklusive kommentarer eller anmeldelser) uanset \u00e5rsag.<\/p><p><strong>ophavsret<\/strong><\/p><p>Al tekst, grafik, fotografier eller andre billeder, knapikoner, lydklip, logoer, slogans, handelsnavne eller ordsoftware og andet indhold p\u00e5 miisoo.coms hjemmeside (samlet &quot;Indhold&quot;) tilh\u00f8rer udelukkende miisoo.com eller dets relevante indholdsleverand\u00f8rer. Du m\u00e5 ikke bruge, reproducere, kopiere, \u00e6ndre, transmittere, vise, offentligg\u00f8re, s\u00e6lge, licensere, offentligt udf\u00f8re, distribuere eller kommercielt udnytte noget af indholdet eller p\u00e5 anden m\u00e5de bortskaffe noget af indholdet p\u00e5 en m\u00e5de, som ikke er tilladt af miisoo.com, uden miisoo.coms udtrykkelige forudg\u00e5ende skriftlige samtykke. Brugen af datamining, robotter eller lignende dataindsamlings- og udtr\u00e6ksv\u00e6rkt\u00f8jer p\u00e5 miisoo.com samt brugen af miisoo.com varem\u00e6rker eller servicem\u00e6rker i meta-tags er strengt forbudt. Du m\u00e5 kun se og bruge indholdet til dine personlige oplysninger og til shopping og bestilling p\u00e5 webstedet og til intet andet form\u00e5l. Hvis du st\u00f8der p\u00e5 noget af vores indhold, der er hostet p\u00e5 et tredjepartswebsted, s\u00e5 t\u00f8v ikke med at kontakte os p\u00e5: service@miisoo.com. Du kan ogs\u00e5 kontakte os via telefon p\u00e5 010-56920098 07.00-16.00 Beijing lokal tid eller via mail p\u00e5: Diantong Shidai Guangchang Building #2 Suite D, 7 Jiuxianqiao Beilu, Chaoyang District, Beijing, Kina. Indsamlingen, arrangementet og samlingen af alt indhold p\u00e5 dette websted (&quot;Samlingen&quot;) tilh\u00f8rer udelukkende miisoo.com. Du m\u00e5 ikke bruge miisoo.com&#039;s indhold eller kompilering p\u00e5 nogen m\u00e5de, der nedg\u00f8r eller miskrediterer miisoo.com eller p\u00e5 nogen m\u00e5de, der sandsynligvis vil for\u00e5rsage forvirring eller overtr\u00e6delse af g\u00e6ldende love eller regler. Al software, der bruges p\u00e5 dette websted (&quot;Softwaren&quot;), tilh\u00f8rer miisoo.com og\/eller dets softwareleverand\u00f8rer. Indholdet, kompileringen og softwaren er alle beskyttet i henhold til statslige, nationale og internationale love om ophavsret. Alle rettigheder, der ikke udtrykkeligt er givet, er forbeholdt miisoo.com. Overtr\u00e6dere vil blive retsforfulgt i det fulde omfang af loven.<\/p><p>miisoo.com anerkender og respekterer alle ophavsrettigheder og varem\u00e6rker. Som s\u00e5dan har enhver brug af fjernsyn, film, musik, filmfestival eller andre navne eller titler ingen forbindelse til miisoo.com og er den eneste ejendom, der tilh\u00f8rer copyright- eller varem\u00e6rkeindehaverne. Vores kjoler er inspireret af ber\u00f8mthedsstil og er vores genskabelser af genstande, som ber\u00f8mthederne har p\u00e5 dine yndlings tv-shows og den r\u00f8de l\u00f8ber, men de er ikke godkendt, godkendt af eller forbundet med disse shows p\u00e5 nogen m\u00e5de og er ikke ment som kr\u00e6nkelser registrerede varem\u00e6rker eller ophavsrettigheder.<\/p><p><strong>Politik for kr\u00e6nkelse af intellektuel ejendom<\/strong><\/p><p>Det er miisoo.coms politik at tr\u00e6ffe passende foranstaltninger, hvor det er n\u00f8dvendigt for at opretholde og anerkende alle relevante statslige, f\u00f8derale og internationale love i forbindelse med materiale, der h\u00e6vdes at kr\u00e6nke ethvert varem\u00e6rke, ophavsret, patent og alle eller andre love om intellektuel ejendomsret . Hvis du er ejer af intellektuelle ejendomsrettigheder, og du mener, at miisoo.com s\u00e6lger, tilbyder til salg eller stiller varer og\/eller tjenester til r\u00e5dighed, der kr\u00e6nker dine intellektuelle ejendomsrettigheder, s\u00e5 send f\u00f8lgende information i sin helhed til service@miisoo.com<br \/><strong>Oplysninger p\u00e5kr\u00e6vet<\/strong><br \/>1. En elektronisk eller fysisk underskrift af den person, der er autoriseret til at handle p\u00e5 vegne af ejeren af en eksklusiv, der angiveligt er kr\u00e6nket;<br \/>2. En beskrivelse af det p\u00e5st\u00e5et kr\u00e6nkende arbejde eller materiale;<br \/>3. En beskrivelse af, hvor det angiveligt kr\u00e6nkende materiale er placeret p\u00e5 webstedet (produkt(er) URL);<br \/>4. Oplysninger, der med rimelighed er tilstr\u00e6kkelige til, at vi kan kontakte dig, s\u00e5som din adresse, telefonnummer og e-mailadresse;<br \/>5. En erkl\u00e6ring fra dig om, at du i god tro mener, at den omstridte brug af materialet ikke er autoriseret af copyright- eller anden ejendomsretsindehaver, dennes agent eller loven;<br \/>6. Identifikation af de intellektuelle ejendomsrettigheder, som du h\u00e6vder, kr\u00e6nkes af webstedet (f.eks. &quot;XYZ copyright&quot;, &quot;ABC-varem\u00e6rke, reg. nr. 123456, registreret 1\/1\/04&quot;, osv.); og<br \/>7. En erkl\u00e6ring fra dig om, at ovenst\u00e5ende oplysninger og meddelelse er n\u00f8jagtige og under straf for mened, at du er indehaver af ophavsretten eller autoriseret til at handle p\u00e5 vegne af ejeren, hvis eksklusive ret angiveligt er kr\u00e6nket.<\/p><p><strong>Opsigelse og virkning af opsigelse<\/strong><\/p><p>Ud over alle andre juridiske eller rimelige retsmidler kan miisoo.com uden forudg\u00e5ende varsel til dig \u00f8jeblikkeligt opsige aftalen eller tilbagekalde en eller flere af dine rettigheder givet i henhold til denne aftale. Ved enhver opsigelse af denne aftale skal du \u00f8jeblikkeligt oph\u00f8re med al adgang til og brug af webstedet, og miisoo.com skal, ud over alle andre juridiske eller rimelige midler, straks tilbagekalde alle adgangskoder og kontoidentifikation, der er udstedt til dig og n\u00e6gte din adgang til og brug af denne hjemmeside helt eller delvist. Enhver opsigelse af denne aftale p\u00e5virker ikke parternes respektive rettigheder og forpligtelser (herunder uden begr\u00e6nsning, betalingsforpligtelser), der opst\u00e5r f\u00f8r datoen for opsigelsen.<\/p><p><strong>Ansvarsfraskrivelse og ansvarsbegr\u00e6nsning<\/strong><\/p><p>UNDTAGET SOM ANDET ER ANGIVET I STANDARDSALGSBETINGELSER, DER REGLERER DET SAMME AF HVERT PRODUKT P\u00c5 DENNE WEBSTED, LEVERES DETTE WEBSTED, DE PRODUKTER, DER UDBYDES TIL SALG P\u00c5 DET OG TRANSAKTIONERNE UDF\u00d8RT GENNEM DET, LEVERES AF B miisoo.com. . miisoo.com GIVER INGEN PR\u00c6SENTATIONER ELLER GARANTIER AF NOGEN ART, UDTRYKKELIGE ELLER UNDERFORST\u00c5EDE, VEDR\u00d8RENDE FUNKTIONEN AF WEBSTEDET ELLER INFORMATIONEN, INDHOLDET, MATERIALERNE ELLER PRODUKTERNE INKLUDERET P\u00c5 DENNE SITE, UNDTAGET SOM ER ANGIVET HER FOR FULDST\u00c6NDIG miisoo.com FRASKRIVER SIG ALLE GARANTIER, UDTRYKKELIGE ELLER UNDERFORST\u00c5EDE, HERUNDER, MEN IKKE BEGR\u00c6NSET TIL, UNDERFORST\u00c5EDE GARANTIER OM SALGBARHED OG EGNETHED TIL ET BESTEMT FORM\u00c5L, IKKE-KR\u00c6NKELSE, titler, STILLE SYSTEMER, UDVIKLING, UDVIKLING. DENNE WEBSTED KAN INDEHOLDE UN\u00d8JAGTIGHEDER, FEJL ELLER TYPOGRAFISKE FEJL. miisoo.com GARANTERER IKKE, AT INDHOLDET VIL V\u00c6RE UAFBRUDT ELLER FEJLFRI. I DET MAKSIMALTE OMFANG LOVEN TILLADER, ER miisoo.com IKKE ANSVARLIG FOR SKADER AF NOGEN ART, SOM OPST\u00c5R FRA BRUG AF DETTE WEBSTED, INKLUSIVE, MEN IKKE BEGR\u00c6NSET TIL, INDIREKTE TILF\u00c6LDE, STRAFFENDE, EKSEMPELISKE, S\u00c6RLIGE EKSEMPEL. I DET MAKSIMUM OMFANG DET ER TILLADET AF G\u00c6LDENDE LOV, SKAL miisoo.com&#039;s SAMLEDE ANSVAR OVER FOR DIG FOR EVENTUELLE SKADER (Uanset grundlaget for handlingen) IKKE OVERstige I DET SAMLEDE BEL\u00d8B AF GEBYRER, DER FAKTISK BETALES AF DIG. F\u00d8R DEN AKT, DER P\u00c5ST\u00c5ENDES GIVER UDVIKLING TIL miisoo.com&#039;s ANSVAR.<\/p><p><strong>Ordreaccept<\/strong><\/p><p>Bem\u00e6rk venligst, at der kan v\u00e6re visse ordrer, som vi ikke kan acceptere og skal annullere. miisoo.com forbeholder sig retten til efter eget sk\u00f8n at afvise eller annullere enhver ordre uanset \u00e5rsag. Nogle situationer, der kan resultere i, at din ordre annulleres, omfatter begr\u00e6nsninger p\u00e5 m\u00e6ngder, der er tilg\u00e6ngelige for k\u00f8b, un\u00f8jagtigheder eller fejl i produkt- eller prisoplysninger eller problemer identificeret af vores afdeling for kredit- og svindelundg\u00e5else. Vi kan ogs\u00e5 kr\u00e6ve yderligere verifikationer eller oplysninger, f\u00f8r vi accepterer en ordre. Vi kontakter dig, hvis hele eller dele af din ordre annulleres, eller hvis yderligere oplysninger er n\u00f8dvendige for at acceptere din ordre.<\/p><p><strong>Overdragelse af ejendomsret<\/strong><\/p><p>Ejendomsretten til produkterne i din ordre vil blive overf\u00f8rt til dig, n\u00e5r produkterne forlader vores lager og leveres til fragtf\u00f8reren til forsendelse til en adresse, som du har angivet i ordren. Alle forpligtelser og risici for produkterne vil ogs\u00e5 blive overf\u00f8rt til dig p\u00e5 det tidspunkt. Ved at afgive en ordre p\u00e5 dette websted giver du MIISOO LIMITED tilladelse til at engagere tredjeparts forsendelsestjenester p\u00e5 dine vegne.<\/p><p><strong>Typografiske fejl<\/strong><\/p><p>Mens miisoo.com str\u00e6ber efter at give n\u00f8jagtige produkt- og prisoplysninger, kan der forekomme pris- eller typografiske fejl. miisoo.com kan ikke bekr\u00e6fte prisen p\u00e5 en vare, f\u00f8r du har bestilt. I tilf\u00e6lde af at en vare er angivet til en forkert pris eller med forkerte oplysninger p\u00e5 grund af en fejl i priss\u00e6tning eller produktinformation, har miisoo.com ret til efter vores sk\u00f8n at afvise eller annullere enhver ordre, der er afgivet for den p\u00e5g\u00e6ldende vare. I tilf\u00e6lde af, at en vare er forkert prissat, kan miisoo.com efter vores sk\u00f8n enten kontakte dig for instruktioner eller annullere din ordre og give dig besked om en s\u00e5dan annullering.<\/p><p><strong>Priss\u00e6tning i forskellige valutaer<\/strong><\/p><p>Prisfasts\u00e6ttelse af produkter solgt af miisoo.com er baseret p\u00e5 tal beregnet i amerikanske dollars (US$). Priser vist i andre valutaer er konverteret fra amerikanske dollars i henhold til de mest opdaterede omregningskurser. P\u00e5 grund af svingende valutav\u00e6rdier er priserne vist i ikke-amerikanske valutaer p\u00e5 webstedet, bortset fra p\u00e5 den enkelte produktside, muligvis ikke de mest aktuelle. Omr\u00e5der p\u00e5 webstedet, hvor ikke-amerikanske p\u00e5lydende valutaer kan v\u00e6re un\u00f8jagtige, omfatter, men er ikke begr\u00e6nset til, salgsfremmende bannere, salgsfremmende sider og information om produktkategorisider. Prisen, der vises p\u00e5 en individuel produktside, uanset p\u00e5lydende valuta, er den aktuelle pris, du er forpligtet til at betale til miisoo.com, inklusive forsendelse.<\/p><p>Dette websted kan indeholde links til andre websteder p\u00e5 internettet, der ejes og drives af tredjeparter. Du anerkender, at miisoo.com ikke er ansvarlig for driften af eller indhold placeret p\u00e5 eller gennem et s\u00e5dant websted.<br \/>Retsmidler<\/p><p>Du accepterer, at miisoo.com&#039;s retsmiddel ved lov for ethvert faktisk eller truet brud p\u00e5 denne aftale vil v\u00e6re utilstr\u00e6kkeligt, og at miisoo.com er berettiget til specifik ydeevne eller p\u00e5bud eller begge dele, ud over eventuelle skader, som miisoo.com m\u00e5tte v\u00e6re. juridisk berettiget til at inddrive, sammen med rimelige udgifter til enhver form for tvistbil\u00e6ggelse, herunder, uden begr\u00e6nsning, advokatsal\u00e6rer.<\/p><p>Ingen rettighed eller afhj\u00e6lpning for miisoo.com skal v\u00e6re eksklusive nogen anden, hvad enten det er ved lov eller retf\u00e6rdighed, herunder, uden begr\u00e6nsning, erstatningsp\u00e5bud, advokatsal\u00e6rer og -udgifter.<\/p>\t\t\t\t\t\t\t\t<\/div>\n\t\t\t\t<\/div>\n\t\t\t\t\t<\/div>\n\t\t<\/div>\n\t\t\t\t<div class=\"elementor-column elementor-col-25 elementor-top-column elementor-element elementor-element-df603f8\" data-id=\"df603f8\" data-element_type=\"column\">\n\t\t\t<div class=\"elementor-widget-wrap\">\n\t\t\t\t\t\t\t<\/div>\n\t\t<\/div>\n\t\t\t\t\t<\/div>\n\t\t<\/section>\n\t\t\t\t<\/div>","protected":false},"excerpt":{"rendered":"<p>Adgang til, browsing eller p\u00e5 anden m\u00e5de brug af webstedet angiver din accept af alle vilk\u00e5r og betingelser i denne aftale. L\u00e6s venligst denne aftale omhyggeligt, f\u00f8r du forts\u00e6tter. Brug af webstedet: Du repr\u00e6senterer og garanterer, at du er mindst 18 \u00e5r gammel eller bes\u00f8ger webstedet under opsyn af en for\u00e6lder eller v\u00e6rge. Underlagt\u2026<\/p>","protected":false},"author":455,"featured_media":0,"parent":0,"menu_order":0,"comment_status":"closed","ping_status":"open","template":"","meta":{"footnotes":""},"class_list":["post-4358","page","type-page","status-publish","hentry"],"yoast_head":"<!-- This site is optimized with the Yoast SEO Premium plugin v22.6 (Yoast SEO v22.9) - https:\/\/yoast.com\/wordpress\/plugins\/seo\/ -->\n<title>Terms &amp; Conditions |Cheap Real Sex Dolls | Miisoo<\/title>\n<meta name=\"description\" content=\"Review Miisoo&#039;s Transparent Terms &amp; Conditions. Shop Confidently for Cheap Real Sex Dolls. Your Satisfaction, Our Commitment at Miisoo. Check It Online Now\" \/>\n<meta name=\"robots\" content=\"index, follow, max-snippet:-1, max-image-preview:large, max-video-preview:-1\" \/>\n<link rel=\"canonical\" href=\"https:\/\/www.miisoo.com\/da\/terms-conditions\/\" \/>\n<meta property=\"og:locale\" content=\"da_DK\" \/>\n<meta property=\"og:type\" content=\"article\" \/>\n<meta property=\"og:title\" content=\"Terms and Conditions\" \/>\n<meta property=\"og:description\" content=\"Review Miisoo&#039;s Transparent Terms &amp; Conditions. Shop Confidently for Cheap Real Sex Dolls. Your Satisfaction, Our Commitment at Miisoo. Check It Online Now\" \/>\n<meta property=\"og:url\" content=\"https:\/\/www.miisoo.com\/da\/terms-conditions\/\" \/>\n<meta property=\"og:site_name\" content=\"MiisooDoll\" \/>\n<meta property=\"article:publisher\" content=\"https:\/\/www.facebook.com\/miisoodoll\" \/>\n<meta property=\"article:modified_time\" content=\"2023-12-22T12:17:14+00:00\" \/>\n<meta name=\"twitter:card\" content=\"summary_large_image\" \/>\n<meta name=\"twitter:site\" content=\"@MiisooSexDolls\" \/>\n<meta name=\"twitter:label1\" content=\"Estimeret l\u00e6setid\" \/>\n\t<meta name=\"twitter:data1\" content=\"10 minutter\" \/>\n<!-- \/ Yoast SEO Premium plugin. -->","yoast_head_json":{"title":"Terms & Conditions |Cheap Real Sex Dolls | Miisoo","description":"Review Miisoo's Transparent Terms & Conditions. Shop Confidently for Cheap Real Sex Dolls. Your Satisfaction, Our Commitment at Miisoo. Check It Online Now","robots":{"index":"index","follow":"follow","max-snippet":"max-snippet:-1","max-image-preview":"max-image-preview:large","max-video-preview":"max-video-preview:-1"},"canonical":"https:\/\/www.miisoo.com\/da\/terms-conditions\/","og_locale":"da_DK","og_type":"article","og_title":"Terms and Conditions","og_description":"Review Miisoo's Transparent Terms & Conditions. Shop Confidently for Cheap Real Sex Dolls. Your Satisfaction, Our Commitment at Miisoo. Check It Online Now","og_url":"https:\/\/www.miisoo.com\/da\/terms-conditions\/","og_site_name":"MiisooDoll","article_publisher":"https:\/\/www.facebook.com\/miisoodoll","article_modified_time":"2023-12-22T12:17:14+00:00","twitter_card":"summary_large_image","twitter_site":"@MiisooSexDolls","twitter_misc":{"Estimeret l\u00e6setid":"10 minutter"},"schema":{"@context":"https:\/\/schema.org","@graph":[{"@type":"WebPage","@id":"https:\/\/www.miisoo.com\/terms-conditions\/","url":"https:\/\/www.miisoo.com\/terms-conditions\/","name":"Terms & Conditions |Cheap Real Sex Dolls | Miisoo","isPartOf":{"@id":"https:\/\/www.miisoo.com\/#website"},"datePublished":"2020-09-14T07:34:47+00:00","dateModified":"2023-12-22T12:17:14+00:00","description":"Review Miisoo's Transparent Terms & Conditions. Shop Confidently for Cheap Real Sex Dolls. Your Satisfaction, Our Commitment at Miisoo. Check It Online Now","breadcrumb":{"@id":"https:\/\/www.miisoo.com\/terms-conditions\/#breadcrumb"},"inLanguage":"da-DK","potentialAction":[{"@type":"ReadAction","target":["https:\/\/www.miisoo.com\/terms-conditions\/"]}]},{"@type":"BreadcrumbList","@id":"https:\/\/www.miisoo.com\/terms-conditions\/#breadcrumb","itemListElement":[{"@type":"ListItem","position":1,"name":"Home","item":"https:\/\/www.miisoo.com\/"},{"@type":"ListItem","position":2,"name":"Terms and Conditions"}]},{"@type":"WebSite","@id":"https:\/\/www.miisoo.com\/#website","url":"https:\/\/www.miisoo.com\/","name":"MiisooDoll","description":"Sexual Doll, Real Sex Dolls, Love Doll, Best Sex Dolls","publisher":{"@id":"https:\/\/www.miisoo.com\/#organization"},"potentialAction":[{"@type":"SearchAction","target":{"@type":"EntryPoint","urlTemplate":"https:\/\/www.miisoo.com\/?s={search_term_string}"},"query-input":"required name=search_term_string"}],"inLanguage":"da-DK"},{"@type":"Organization","@id":"https:\/\/www.miisoo.com\/#organization","name":"MiisooDoll","url":"https:\/\/www.miisoo.com\/","logo":{"@type":"ImageObject","inLanguage":"da-DK","@id":"https:\/\/www.miisoo.com\/#\/schema\/logo\/image\/","url":"https:\/\/www.miisoo.com\/wp-content\/uploads\/2020\/09\/logo-botton.png","contentUrl":"https:\/\/www.miisoo.com\/wp-content\/uploads\/2020\/09\/logo-botton.png","width":181,"height":42,"caption":"MiisooDoll"},"image":{"@id":"https:\/\/www.miisoo.com\/#\/schema\/logo\/image\/"},"sameAs":["https:\/\/www.facebook.com\/miisoodoll","https:\/\/x.com\/MiisooSexDolls"]}]}},"_links":{"self":[{"href":"https:\/\/www.miisoo.com\/da\/wp-json\/wp\/v2\/pages\/4358","targetHints":{"allow":["GET"]}}],"collection":[{"href":"https:\/\/www.miisoo.com\/da\/wp-json\/wp\/v2\/pages"}],"about":[{"href":"https:\/\/www.miisoo.com\/da\/wp-json\/wp\/v2\/types\/page"}],"author":[{"embeddable":true,"href":"https:\/\/www.miisoo.com\/da\/wp-json\/wp\/v2\/users\/455"}],"replies":[{"embeddable":true,"href":"https:\/\/www.miisoo.com\/da\/wp-json\/wp\/v2\/comments?post=4358"}],"version-history":[{"count":4,"href":"https:\/\/www.miisoo.com\/da\/wp-json\/wp\/v2\/pages\/4358\/revisions"}],"predecessor-version":[{"id":34674,"href":"https:\/\/www.miisoo.com\/da\/wp-json\/wp\/v2\/pages\/4358\/revisions\/34674"}],"wp:attachment":[{"href":"https:\/\/www.miisoo.com\/da\/wp-json\/wp\/v2\/media?parent=4358"}],"curies":[{"name":"wp","href":"https:\/\/api.w.org\/{rel}","templated":true}]}}