{"id":3,"date":"2020-09-05T13:19:56","date_gmt":"2020-09-05T13:19:56","guid":{"rendered":"http:\/\/miisoo.com\/?page_id=3"},"modified":"2023-12-22T20:16:22","modified_gmt":"2023-12-22T12:16:22","slug":"privacy-policy","status":"publish","type":"page","link":"https:\/\/www.miisoo.com\/da\/privacy-policy\/","title":{"rendered":"Fortrolighedspolitik"},"content":{"rendered":"<div data-elementor-type=\"wp-page\" data-elementor-id=\"3\" class=\"elementor elementor-3\" data-elementor-post-type=\"page\">\n\t\t\t\t\t\t<section class=\"elementor-section elementor-top-section elementor-element elementor-element-c76458e elementor-section-boxed elementor-section-height-default elementor-section-height-default\" data-id=\"c76458e\" data-element_type=\"section\">\n\t\t\t\t\t\t<div class=\"elementor-container elementor-column-gap-default\">\n\t\t\t\t\t<div class=\"elementor-column elementor-col-25 elementor-top-column elementor-element elementor-element-8b5e8e1\" data-id=\"8b5e8e1\" data-element_type=\"column\">\n\t\t\t<div class=\"elementor-widget-wrap\">\n\t\t\t\t\t\t\t<\/div>\n\t\t<\/div>\n\t\t\t\t<div class=\"elementor-column elementor-col-50 elementor-top-column elementor-element elementor-element-5afa608\" data-id=\"5afa608\" data-element_type=\"column\">\n\t\t\t<div class=\"elementor-widget-wrap elementor-element-populated\">\n\t\t\t\t\t\t<div class=\"elementor-element elementor-element-1111958 elementor-widget elementor-widget-text-editor\" data-id=\"1111958\" data-element_type=\"widget\" data-widget_type=\"text-editor.default\">\n\t\t\t\t<div class=\"elementor-widget-container\">\n\t\t\t\t\t\t\t\t\t<p>MIISOO er den eneste ejer af de oplysninger, vi indsamler p\u00e5 dette websted, vi s\u00e6lger, udlejer eller deler ikke disse oplysninger med nogen anden virksomhed med henblik p\u00e5 markedsf\u00f8ring. Vi ved, at du bekymrer dig om, hvordan dine personlige oplysninger bruges og deles, og vi v\u00e6rds\u00e6tter din tillid til os. Vi behandler dine personlige oplysninger med de h\u00f8jeste standarder for sikkerhed, sikkerhed og fortrolighed.<\/p>\n<p><strong>Q. Jeg er bekymret for mit privatliv. Hvordan kan du beskytte min fortrolighed?<\/strong><\/p>\n<p>A. Vi er meget bekymrede over elektronisk privatliv, da vi er en internetbaseret virksomhed. Vi beskytter dit privatliv, fortrolighed og personlige oplysninger gennem bestillings- og opfyldelsesprocessen. Vi gemmer ikke dine data p\u00e5 en computer p\u00e5 vores side, s\u00e5 det betyder, at der ikke er nogen m\u00e5de at bruge dine personlige oplysninger mod dig eller f\u00e5 dem stj\u00e5let p\u00e5 en tredjepartsside. Vi beskytter ogs\u00e5 dit privatliv ved at tr\u00e6ne vores salgspersonale til at v\u00e6re hj\u00e6lpsomme og frem for alt diskrete. Vores administrative personale vil ikke diskutere dig eller din virksomhed med nogen. Du kan v\u00e6re sikker p\u00e5, at vi med det samme glemmer alt, hvad vi akkumulerer p\u00e5 dig. Vi opbevarer ikke s\u00e5danne oplysninger, s\u00e5 du beh\u00f8ver ikke bekymre dig.<\/p>\n<p>Alle vores salgsmedarbejdere er h\u00e5ndudvalgte og h\u00e5ndtr\u00e6nede for at sikre, at de forst\u00e5r, hvordan man opretholder klientens fortrolighed. Ingen medarbejder, der overtr\u00e6der disse fortrolighedsregler, m\u00e5 forblive. Vores personale diskuterer heller ikke kunder eller deres k\u00f8b indbyrdes. Vi tr\u00e6ner dem i, at denne form for inaktiv sladder simpelthen ikke er noget, der er nyttigt eller nyttigt, s\u00e5 den bedste m\u00e5de at h\u00e5ndtere det p\u00e5 er simpelthen ikke at g\u00f8re det. Du kan ikke nyde dit k\u00f8b fuldt ud, hvis du er bekymret for at f\u00e5 din personlige virksomhed afsl\u00f8ret.<\/p>\n<p>Dit sexdukkek\u00f8b vil forblive helt hemmeligt, s\u00e5 l\u00e6nge vi har noget at sige om det. Vi vil bevare dit privatliv fra start til slut, og vi vil aldrig give afkald p\u00e5 dette punkt. N\u00e5r du ved, at dit privatliv er beskyttet, kan du l\u00e6ne dig tilbage, slappe af og nyde det, du har k\u00f8bt. Jo mere afslappet du er, jo sjovere vil du have det, og jo sjovere du har det, jo bedre har vi gjort vores arbejde. Vi vil ikke hvile, f\u00f8r vi ved, at du er tilfreds. Din tilfredshed og din sexdukkeoplevelse er uhyre vigtig for os.<\/p>\n<h3>Hvilke oplysninger indsamler vi?<\/h3>\n<p>Vi indsamler oplysninger fra dig, n\u00e5r du registrerer dig p\u00e5 vores side, afgiver en ordre eller abonnerer p\u00e5 vores nyhedsbrev.<\/p>\n<p>N\u00e5r du bestiller eller registrerer dig p\u00e5 vores side, alt efter hvad der er relevant, kan du blive bedt om at indtaste dit: navn, e-mailadresse, postadresse eller telefonnummer. Du kan dog bes\u00f8ge vores side anonymt.<\/p>\n<h3>Hvad bruger vi dine oplysninger til?<\/h3>\n<p>Enhver af de oplysninger, vi indsamler fra dig, kan bruges p\u00e5 en af f\u00f8lgende m\u00e5der:<\/p>\n<p>S\u00e5dan tilpasser du din oplevelse:<br>(dine oplysninger hj\u00e6lper os til bedre at reagere p\u00e5 dine individuelle behov)<\/p>\n<p>S\u00e5dan behandler du transaktioner:<br>Dine oplysninger, uanset om de er offentlige eller private, vil ikke blive solgt, udvekslet, overf\u00f8rt eller givet til nogen anden virksomhed af nogen som helst grund, uden dit samtykke, bortset fra det udtrykkelige form\u00e5l at levere det k\u00f8bte produkt eller den \u00f8nskede service.<\/p>\n<p>S\u00e5dan sender du periodiske e-mails:<br>Den e-mailadresse, du angiver til ordrebehandling, kan blive brugt til at sende dig oplysninger og opdateringer vedr\u00f8rende din ordre. Ud over at modtage lejlighedsvise virksomhedsnyheder, opdateringer, relateret produkt- eller serviceinformation mv.<br>Bem\u00e6rk: Hvis du p\u00e5 noget tidspunkt \u00f8nsker at afmelde modtagelse af fremtidige e-mails, inkluderer vi detaljerede afmeldingsinstruktioner nederst i hver e-mail.<\/p>\n<h3 class=\"m_top\">Hvordan beskytter vi dine oplysninger?<\/h3>\n<p class=\"m_bottom\">Vi implementerer en r\u00e6kke sikkerhedsforanstaltninger for at opretholde sikkerheden af dine personlige oplysninger, n\u00e5r du afgiver en ordre eller indtaster, indsender eller f\u00e5r adgang til dine personlige oplysninger.<br>Vi tilbyder brug af en sikker server. Alle leverede f\u00f8lsomme\/kreditoplysninger transmitteres via Secure Socket Layer-teknologi (SSL) og krypteres derefter ind i vores betalingsgateway-udbyderes database for kun at v\u00e6re tilg\u00e6ngelige for dem, der er autoriserede med s\u00e6rlige adgangsrettigheder til s\u00e5danne systemer, og er forpligtet til at holde oplysningerne fortrolige.<br>Efter en transaktion vil dine private oplysninger (kreditkort, cpr-numre, \u00f8konomi osv.) ikke blive gemt p\u00e5 vores servere.<\/p>\n<h3>Bruger vi cookies?<\/h3>\n<p>es. Cookies er sm\u00e5 filer, som et websted eller dets tjenesteudbyder overf\u00f8rer til din computers harddisk via din webbrowser (hvis du tillader det), som g\u00f8r det muligt for webstederne eller tjenesteudbydernes systemer at genkende din browser og fange og huske visse oplysninger. Vi bruger cookies til at hj\u00e6lpe os huske og behandle varerne i din indk\u00f8bskurv, forst\u00e5 og gem dine pr\u00e6ferencer for fremtidige bes\u00f8g, hold styr p\u00e5 annoncer og kompiler aggregerede data om webstedstrafik og webstedsinteraktion, s\u00e5 vi kan tilbyde bedre webstedsoplevelser og v\u00e6rkt\u00f8jer i fremtiden.<\/p>\n<h3>Videregiver vi oplysninger til eksterne parter?<\/h3>\n<p>Vi s\u00e6lger, bytter eller p\u00e5 anden m\u00e5de overf\u00f8rer dine personligt identificerbare oplysninger til eksterne parter. Dette omfatter ikke betroede tredjeparter, som hj\u00e6lper os med at drive vores hjemmeside, drive vores forretning eller servicere dig, s\u00e5 l\u00e6nge disse parter er enige om at holde disse oplysninger fortrolige. Vi kan ogs\u00e5 frigive dine oplysninger, n\u00e5r vi mener, at frigivelse er passende for at overholde loven, h\u00e5ndh\u00e6ve vores webstedspolitikker eller beskytte vores eller andres rettigheder, ejendom eller sikkerhed. Ikke-personligt identificerbare bes\u00f8gsoplysninger kan dog gives til andre parter til markedsf\u00f8ring, annoncering eller anden brug.<\/p>\n<h3>Tredjeparts links<\/h3>\n<p>Af og til, efter vores sk\u00f8n, kan vi inkludere eller tilbyde tredjepartsprodukter eller -tjenester p\u00e5 vores hjemmeside. Disse tredjepartswebsteder har separate og uafh\u00e6ngige privatlivspolitikker. derfor har vi intet ansvar for indholdet og aktiviteterne p\u00e5 disse linkede sider. Ikke desto mindre s\u00f8ger vi at beskytte integriteten af vores websted og hilser enhver feedback om disse websteder velkommen.<\/p>\n<p class=\"m_bottom\">\n<\/p><h3>Overholdelse af Children&#039;s Online Privacy Protection Act<\/h3>\n<p>Vi overholder kravene i COPPA (Children&#039;s Online Privacy Protection Act). Vi indsamler ingen oplysninger fra nogen under 13 \u00e5r. Vores hjemmeside, produkter og tjenester er alle rettet til personer, der er mindst 13 \u00e5r eller \u00e6ldre.<\/p>\n<h3>Kun online privatlivspolitik<\/h3>\n<p>Denne online privatlivspolitik g\u00e6lder kun for information indsamlet via vores hjemmeside og ikke for information indsamlet offline.<\/p>\n<h3>Vilk\u00e5r og betingelser<\/h3>\n<p>Bes\u00f8g ogs\u00e5 vores sektion med vilk\u00e5r og betingelser for at fastsl\u00e5 brugen, ansvarsfraskrivelser og ansvarsbegr\u00e6nsninger for brugen af vores hjemmeside p\u00e5&nbsp;<a href=\"https:\/\/www.miisoo.com\/da\/\" target=\"_blank\" style=\"font-family: inherit; font-weight: var( --e-global-typography-text-font-weight ); background-color: rgb(255, 255, 255);\">www.miisoo.com<\/a><\/p>\n<h3>Dit samtykke<\/h3>\n<p>Ved at bruge vores websted, giver du dit samtykke til vores websteds privatlivspolitik.<\/p>\n<h3>\u00c6ndringer i vores privatlivspolitik<\/h3>\n<p>Hvis vi beslutter at \u00e6ndre vores privatlivspolitik, opdaterer vi \u00e6ndringsdatoen for privatlivspolitikken nedenfor.<br>Denne politik blev senest \u00e6ndret den 03\/06\/2018<\/p>\t\t\t\t\t\t\t\t<\/div>\n\t\t\t\t<\/div>\n\t\t\t\t\t<\/div>\n\t\t<\/div>\n\t\t\t\t<div class=\"elementor-column elementor-col-25 elementor-top-column elementor-element elementor-element-df603f8\" data-id=\"df603f8\" data-element_type=\"column\">\n\t\t\t<div class=\"elementor-widget-wrap\">\n\t\t\t\t\t\t\t<\/div>\n\t\t<\/div>\n\t\t\t\t\t<\/div>\n\t\t<\/section>\n\t\t\t\t<\/div>","protected":false},"excerpt":{"rendered":"<p>MIISOO is the sole owner of the information we collect at this site, we do not sell, rent or share this information with any other company for the purpose of marketing. We know that you care how your personal information is used and shared, and we appreciate your trust in us. We treat your personal&hellip;<\/p>","protected":false},"author":455,"featured_media":0,"parent":0,"menu_order":0,"comment_status":"closed","ping_status":"open","template":"","meta":{"footnotes":""},"class_list":["post-3","page","type-page","status-publish","hentry"],"yoast_head":"<!-- This site is optimized with the Yoast SEO Premium plugin v22.6 (Yoast SEO v22.9) - https:\/\/yoast.com\/wordpress\/plugins\/seo\/ -->\n<title>Privacy Policy | Cheap Real Sex Dolls | MiisooDoll<\/title>\n<meta name=\"description\" content=\"Review MiisooDoll&#039;s privacy policy for transparent handling of data. Shop confidently for cheap real sex dolls. Your privacy, our priority at MiisooDoll.\" \/>\n<meta name=\"robots\" content=\"index, follow, max-snippet:-1, max-image-preview:large, max-video-preview:-1\" \/>\n<link rel=\"canonical\" href=\"https:\/\/www.miisoo.com\/da\/privacy-policy\/\" \/>\n<meta property=\"og:locale\" content=\"da_DK\" \/>\n<meta property=\"og:type\" content=\"article\" \/>\n<meta property=\"og:title\" content=\"Privacy Policy\" \/>\n<meta property=\"og:description\" content=\"Review MiisooDoll&#039;s privacy policy for transparent handling of data. Shop confidently for cheap real sex dolls. Your privacy, our priority at MiisooDoll.\" \/>\n<meta property=\"og:url\" content=\"https:\/\/www.miisoo.com\/da\/privacy-policy\/\" \/>\n<meta property=\"og:site_name\" content=\"MiisooDoll\" \/>\n<meta property=\"article:publisher\" content=\"https:\/\/www.facebook.com\/miisoodoll\" \/>\n<meta property=\"article:modified_time\" content=\"2023-12-22T12:16:22+00:00\" \/>\n<meta name=\"twitter:card\" content=\"summary_large_image\" \/>\n<meta name=\"twitter:site\" content=\"@MiisooSexDolls\" \/>\n<meta name=\"twitter:label1\" content=\"Estimeret l\u00e6setid\" \/>\n\t<meta name=\"twitter:data1\" content=\"5 minutter\" \/>\n<!-- \/ Yoast SEO Premium plugin. -->","yoast_head_json":{"title":"Privacy Policy | Cheap Real Sex Dolls | MiisooDoll","description":"Review MiisooDoll's privacy policy for transparent handling of data. Shop confidently for cheap real sex dolls. Your privacy, our priority at MiisooDoll.","robots":{"index":"index","follow":"follow","max-snippet":"max-snippet:-1","max-image-preview":"max-image-preview:large","max-video-preview":"max-video-preview:-1"},"canonical":"https:\/\/www.miisoo.com\/da\/privacy-policy\/","og_locale":"da_DK","og_type":"article","og_title":"Privacy Policy","og_description":"Review MiisooDoll's privacy policy for transparent handling of data. Shop confidently for cheap real sex dolls. Your privacy, our priority at MiisooDoll.","og_url":"https:\/\/www.miisoo.com\/da\/privacy-policy\/","og_site_name":"MiisooDoll","article_publisher":"https:\/\/www.facebook.com\/miisoodoll","article_modified_time":"2023-12-22T12:16:22+00:00","twitter_card":"summary_large_image","twitter_site":"@MiisooSexDolls","twitter_misc":{"Estimeret l\u00e6setid":"5 minutter"},"schema":{"@context":"https:\/\/schema.org","@graph":[{"@type":"WebPage","@id":"https:\/\/www.miisoo.com\/nl\/privacy-policy\/","url":"https:\/\/www.miisoo.com\/nl\/privacy-policy\/","name":"Privacy Policy | Cheap Real Sex Dolls | MiisooDoll","isPartOf":{"@id":"https:\/\/www.miisoo.com\/#website"},"datePublished":"2020-09-05T13:19:56+00:00","dateModified":"2023-12-22T12:16:22+00:00","description":"Review MiisooDoll's privacy policy for transparent handling of data. Shop confidently for cheap real sex dolls. Your privacy, our priority at MiisooDoll.","breadcrumb":{"@id":"https:\/\/www.miisoo.com\/nl\/privacy-policy\/#breadcrumb"},"inLanguage":"da-DK","potentialAction":[{"@type":"ReadAction","target":["https:\/\/www.miisoo.com\/nl\/privacy-policy\/"]}]},{"@type":"BreadcrumbList","@id":"https:\/\/www.miisoo.com\/nl\/privacy-policy\/#breadcrumb","itemListElement":[{"@type":"ListItem","position":1,"name":"Home","item":"https:\/\/www.miisoo.com\/"},{"@type":"ListItem","position":2,"name":"Privacy Policy"}]},{"@type":"WebSite","@id":"https:\/\/www.miisoo.com\/#website","url":"https:\/\/www.miisoo.com\/","name":"MiisooDoll","description":"Sexual Doll, Real Sex Dolls, Love Doll, Best Sex Dolls","publisher":{"@id":"https:\/\/www.miisoo.com\/#organization"},"potentialAction":[{"@type":"SearchAction","target":{"@type":"EntryPoint","urlTemplate":"https:\/\/www.miisoo.com\/?s={search_term_string}"},"query-input":"required name=search_term_string"}],"inLanguage":"da-DK"},{"@type":"Organization","@id":"https:\/\/www.miisoo.com\/#organization","name":"MiisooDoll","url":"https:\/\/www.miisoo.com\/","logo":{"@type":"ImageObject","inLanguage":"da-DK","@id":"https:\/\/www.miisoo.com\/#\/schema\/logo\/image\/","url":"https:\/\/www.miisoo.com\/wp-content\/uploads\/2020\/09\/logo-botton.png","contentUrl":"https:\/\/www.miisoo.com\/wp-content\/uploads\/2020\/09\/logo-botton.png","width":181,"height":42,"caption":"MiisooDoll"},"image":{"@id":"https:\/\/www.miisoo.com\/#\/schema\/logo\/image\/"},"sameAs":["https:\/\/www.facebook.com\/miisoodoll","https:\/\/x.com\/MiisooSexDolls"]}]}},"_links":{"self":[{"href":"https:\/\/www.miisoo.com\/da\/wp-json\/wp\/v2\/pages\/3","targetHints":{"allow":["GET"]}}],"collection":[{"href":"https:\/\/www.miisoo.com\/da\/wp-json\/wp\/v2\/pages"}],"about":[{"href":"https:\/\/www.miisoo.com\/da\/wp-json\/wp\/v2\/types\/page"}],"author":[{"embeddable":true,"href":"https:\/\/www.miisoo.com\/da\/wp-json\/wp\/v2\/users\/455"}],"replies":[{"embeddable":true,"href":"https:\/\/www.miisoo.com\/da\/wp-json\/wp\/v2\/comments?post=3"}],"version-history":[{"count":1,"href":"https:\/\/www.miisoo.com\/da\/wp-json\/wp\/v2\/pages\/3\/revisions"}],"predecessor-version":[{"id":34673,"href":"https:\/\/www.miisoo.com\/da\/wp-json\/wp\/v2\/pages\/3\/revisions\/34673"}],"wp:attachment":[{"href":"https:\/\/www.miisoo.com\/da\/wp-json\/wp\/v2\/media?parent=3"}],"curies":[{"name":"wp","href":"https:\/\/api.w.org\/{rel}","templated":true}]}}