{"id":21906,"date":"2022-01-25T17:17:49","date_gmt":"2022-01-25T09:17:49","guid":{"rendered":"https:\/\/www.miisoo.com\/?page_id=21906"},"modified":"2024-08-17T12:51:08","modified_gmt":"2024-08-17T04:51:08","slug":"more-sex-sites","status":"publish","type":"page","link":"https:\/\/www.miisoo.com\/da\/more-sex-sites\/","title":{"rendered":"Flere sexsider"},"content":{"rendered":"<div data-elementor-type=\"page\" data-elementor-id=\"21903\" class=\"elementor elementor-21903\" data-elementor-post-type=\"elementor_library\">\n\t\t\t\t\t\t<section class=\"elementor-section elementor-top-section elementor-element elementor-element-50a3008b elementor-section-boxed elementor-section-height-default elementor-section-height-default\" data-id=\"50a3008b\" data-element_type=\"section\">\n\t\t\t\t\t\t<div class=\"elementor-container elementor-column-gap-default\">\n\t\t\t\t\t<div class=\"elementor-column elementor-col-100 elementor-top-column elementor-element elementor-element-68e2b07\" data-id=\"68e2b07\" data-element_type=\"column\">\n\t\t\t<div class=\"elementor-widget-wrap elementor-element-populated\">\n\t\t\t\t\t\t<div class=\"elementor-element elementor-element-1efbc1b2 elementor-widget elementor-widget-text-editor\" data-id=\"1efbc1b2\" data-element_type=\"widget\" data-widget_type=\"text-editor.default\">\n\t\t\t\t<div class=\"elementor-widget-container\">\n\t\t\t\t\t\t\t\t\t<p>Hvis vores dukker ikke passer til dig, kan du finde flere dukker gennem nogle sexdukkesider. De vil t\u00e6lle de mest popul\u00e6re sexleget\u00f8jscentre p\u00e5 internettet og lave ranglister baseret p\u00e5 brugeranmeldelser og prisfaktorer. Du beh\u00f8ver ikke bruge mere energi p\u00e5 at finde disse sider, vi leverer f\u00f8lgende sexdukkesider.<\/p>\t\t\t\t\t\t\t\t<\/div>\n\t\t\t\t<\/div>\n\t\t\t\t<div class=\"elementor-element elementor-element-40b4b24f elementor-widget elementor-widget-text-editor\" data-id=\"40b4b24f\" data-element_type=\"widget\" data-widget_type=\"text-editor.default\">\n\t\t\t\t<div class=\"elementor-widget-container\">\n\t\t\t\t\t\t\t\t\t<ul><li><span style=\"color: red;\"><a href=\"https:\/\/sexdollxxx.com\/\">Mini sex dukke<\/a>:<\/span> Sexdukke perfekt lavet af TPE- og silikonemateriale. Vi er det mest betroede sexdukkefirma, fordi vi leverer bl\u00f8de og sikre k\u00e6rlighedsdukker af h\u00f8j kvalitet og super TPE sexdukker til vores kunder. Garanteret levering og fri fragt!<\/li><li><a href=\"https:\/\/pornsites.xxx\/\" target=\"_blank\" rel=\"noopener\"><span style=\"color: red;\">Anmeldelser af pornowebsteder:<\/span><\/a> Pornosider er simpelthen listen over de bedste pornosider og sexleget\u00f8jssider. Find XXX anmeldelser og \u00e6rlige placeringer af de mest popul\u00e6re sexcams, r\u00f8r, VR og tonsvis af gratis websteder!<\/li><li><a href=\"https:\/\/utengrense.com\/\" target=\"_blank\" rel=\"noopener\"><span style=\"color: red;\">Utengrense.com:<\/span><\/a> Vi har vores sexbutik online i Norge, og vi er interesserede i at s\u00e6lge varer af h\u00f8j kvalitet til en god pris til vores kunder som sexleget\u00f8j og sexet lingeri.<\/li><li><a href=\"https:\/\/www.pincelebs.net\/\" target=\"_blank\" rel=\"noopener\"><span style=\"color: red;\">Pin celebs:<\/span><\/a> N\u00f8gen, n\u00f8gen, topl\u00f8s, sexet og gennemse billeder af kendte skuespillerinder, sangere, modeller og tv-personligheder<\/li><li><a href=\"https:\/\/www.youpornlist.com\/\" target=\"_blank\" rel=\"noopener\"><span style=\"color: red;\">Youpornlist.com: <\/span><\/a>YouPornList er et udvalg af de bedste pornosider efter kategori. Hvert sted er blevet udvalgt efter en lang og grundig analyse af vores h\u00e5ndjob-eksperter.<\/li><li><a href=\"https:\/\/www.porninspector.com\/\" target=\"_blank\" rel=\"noopener\"><span style=\"color: red;\">Porninspector.com:<\/span><\/a> Porn Inspector har mange pornoanmeldelser af nogle af de mest lovende voksenwebsteder. Vi giver altid vores mest \u00e6rlige og upartiske mening. Hver skrive-up vil omfatte adskillige billeder og videopr\u00f8ver taget direkte fra det p\u00e5g\u00e6ldende websteds medlems omr\u00e5de, hvilket giver dig mulighed for at se pr\u00e6cis, hvad der tilbydes, f\u00f8r du beslutter dig for at k\u00f8be!<\/li><li><a href=\"http:\/\/hentai-gamer.com\/\" target=\"_blank\" rel=\"noopener\"><span style=\"color: red;\">Hentai-Gamer:<\/span><\/a> Hentai-Gamer.com er den bedste hjemmeside for 100% gratis Hentai-spil. S\u00e5 g\u00e5 videre og spil hentai flash spil nu!<\/li><li><a href=\"https:\/\/sexdollpornhd.com\/\" target=\"_blank\" rel=\"noopener\"><span style=\"color: red;\">Sexdukke porno HD: <\/span><\/a>Tjek sexdukkepornovideoer p\u00e5 SexDollPornHD.com, s\u00e5 du kan se din k\u00e6rlighedsdukke i aktion, f\u00f8r du k\u00f8ber hende!<\/li><li><a href=\"https:\/\/www.thesafeporn.com\/\" target=\"_blank\" rel=\"noopener\"><span style=\"color: red;\">Sikker porno: <\/span><\/a>p\u00e5 thesafeporn.com vil du finde tusindvis af pornosider, udvalgt for deres kvalitet og sikkerhed, for hver side en anmeldelse, der vil hj\u00e6lpe dig med dit valg.<\/li><li><a href=\"https:\/\/allpornsites.net\/\" target=\"_blank\" rel=\"noopener\"><span style=\"color: red;\">Allpornsites.net:<\/span><\/a> P\u00e5 alle pornowebsteder finder du det st\u00f8rste udvalg af pornowebsteder i universet, der bliver opdateret regelm\u00e6ssigt n\u00e6sten hver dag med nye pornowebsteder i enhver niche.<\/li><li><a href=\"https:\/\/www.sexdollslove.com\/\" target=\"_blank\" rel=\"noopener\"><span style=\"color: red;\">SexDollsLove.com: <\/span><\/a>Lister over de bedste sexdukker og k\u00e6rlighedsoverkroppe. Find guiderne og \u00e6rlige placeringer af de mest popul\u00e6re k\u00e6rlighedsdukker i dag!<\/li><li><a href=\"https:\/\/hotpornbible.com\/\" target=\"_blank\" rel=\"noopener\"><span style=\"color: red;\">Liste over hotte pornosider:<\/span><\/a>Hot Porn Bible har de hotteste pornosider i verden! Vi har de bedst bed\u00f8mte gratis og premium voksen xxx-websteder i hver kategori.<\/li><li><a href=\"https:\/\/www.mrpinks.com\/\" target=\"_blank\" rel=\"noopener\"><span style=\"color: red;\">Porno anmeldelser:<\/span><\/a> Mr. Pink&#039;s Porn Reviews er din betroede porno-anmeldelsesside for \u00e6rlige anmeldelser af voksne sider, rabatporno og de bedste pornosider.<\/li><li><a href=\"https:\/\/richobo.com\/\" target=\"_blank\" rel=\"noopener\"><span style=\"color: red;\">Rubrikannoncer og Escorts Guide | Richobo: <\/span><\/a>Underholdningsnyhedsliste over internationale annoncer for voksne Richobo \/ eskorte \/ begivenheder \/ strippere \/ voksentjenester \/ xguide \/ modeller \/ massage \/ luksusbiler<\/li><li><a href=\"https:\/\/uncams.com\/\" target=\"_blank\" rel=\"noopener\"><span style=\"color: red;\">FN-kameraer:<\/span><\/a> Se Live Cams nu! Ingen registrering p\u00e5kr\u00e6vet \u2013 100% Gratis ucensureret voksenchat. Begynd at chatte med amat\u00f8rer, ekshibitionister, pornostjerner med HD-video og lyd.<\/li><li><a href=\"https:\/\/jerkdude.com\"><span style=\"color: #ff0000;\">Escortfisk <\/span><\/a>- Bes\u00f8g jerkdude og find de bedste pornosider.<\/li><\/ul>\t\t\t\t\t\t\t\t<\/div>\n\t\t\t\t<\/div>\n\t\t\t\t\t<\/div>\n\t\t<\/div>\n\t\t\t\t\t<\/div>\n\t\t<\/section>\n\t\t\t\t<section class=\"elementor-section elementor-top-section elementor-element elementor-element-9bead22 elementor-section-boxed elementor-section-height-default elementor-section-height-default\" data-id=\"9bead22\" data-element_type=\"section\">\n\t\t\t\t\t\t<div class=\"elementor-container elementor-column-gap-default\">\n\t\t\t\t\t<div class=\"elementor-column elementor-col-100 elementor-top-column elementor-element elementor-element-335e664e\" data-id=\"335e664e\" data-element_type=\"column\">\n\t\t\t<div class=\"elementor-widget-wrap elementor-element-populated\">\n\t\t\t\t\t\t<div class=\"elementor-element elementor-element-156cce51 elementor-widget elementor-widget-spacer\" data-id=\"156cce51\" data-element_type=\"widget\" data-widget_type=\"spacer.default\">\n\t\t\t\t<div class=\"elementor-widget-container\">\n\t\t\t\t\t\t\t<div class=\"elementor-spacer\">\n\t\t\t<div class=\"elementor-spacer-inner\"><\/div>\n\t\t<\/div>\n\t\t\t\t\t\t<\/div>\n\t\t\t\t<\/div>\n\t\t\t\t\t<\/div>\n\t\t<\/div>\n\t\t\t\t\t<\/div>\n\t\t<\/section>\n\t\t\t\t<\/div>","protected":false},"excerpt":{"rendered":"","protected":false},"author":455,"featured_media":0,"parent":0,"menu_order":0,"comment_status":"closed","ping_status":"closed","template":"","meta":{"footnotes":""},"class_list":["post-21906","page","type-page","status-publish","hentry"],"yoast_head":"<!-- This site is optimized with the Yoast SEO Premium plugin v22.6 (Yoast SEO v22.9) - https:\/\/yoast.com\/wordpress\/plugins\/seo\/ -->\n<title>Explore More Product | Miisoo Sex Sites | Miisoodoll<\/title>\n<meta name=\"description\" content=\"Dive into an expansive selection at Miisoo Sex Sites. Explore diverse products for a heightened intimate experience. Your satisfaction, our priority at MiisooDoll.\" \/>\n<meta name=\"robots\" content=\"index, follow, max-snippet:-1, max-image-preview:large, max-video-preview:-1\" \/>\n<link rel=\"canonical\" href=\"https:\/\/www.miisoo.com\/da\/more-sex-sites\/\" \/>\n<meta property=\"og:locale\" content=\"da_DK\" \/>\n<meta property=\"og:type\" content=\"article\" \/>\n<meta property=\"og:title\" content=\"More Sex Sites\" \/>\n<meta property=\"og:description\" content=\"Dive into an expansive selection at Miisoo Sex Sites. Explore diverse products for a heightened intimate experience. Your satisfaction, our priority at MiisooDoll.\" \/>\n<meta property=\"og:url\" content=\"https:\/\/www.miisoo.com\/da\/more-sex-sites\/\" \/>\n<meta property=\"og:site_name\" content=\"MiisooDoll\" \/>\n<meta property=\"article:publisher\" content=\"https:\/\/www.facebook.com\/miisoodoll\" \/>\n<meta property=\"article:modified_time\" content=\"2024-08-17T04:51:08+00:00\" \/>\n<meta name=\"twitter:card\" content=\"summary_large_image\" \/>\n<meta name=\"twitter:site\" content=\"@MiisooSexDolls\" \/>\n<meta name=\"twitter:label1\" content=\"Estimeret l\u00e6setid\" \/>\n\t<meta name=\"twitter:data1\" content=\"1 minut\" \/>\n<!-- \/ Yoast SEO Premium plugin. -->","yoast_head_json":{"title":"Explore More Product | Miisoo Sex Sites | Miisoodoll","description":"Dive into an expansive selection at Miisoo Sex Sites. Explore diverse products for a heightened intimate experience. Your satisfaction, our priority at MiisooDoll.","robots":{"index":"index","follow":"follow","max-snippet":"max-snippet:-1","max-image-preview":"max-image-preview:large","max-video-preview":"max-video-preview:-1"},"canonical":"https:\/\/www.miisoo.com\/da\/more-sex-sites\/","og_locale":"da_DK","og_type":"article","og_title":"More Sex Sites","og_description":"Dive into an expansive selection at Miisoo Sex Sites. Explore diverse products for a heightened intimate experience. Your satisfaction, our priority at MiisooDoll.","og_url":"https:\/\/www.miisoo.com\/da\/more-sex-sites\/","og_site_name":"MiisooDoll","article_publisher":"https:\/\/www.facebook.com\/miisoodoll","article_modified_time":"2024-08-17T04:51:08+00:00","twitter_card":"summary_large_image","twitter_site":"@MiisooSexDolls","twitter_misc":{"Estimeret l\u00e6setid":"1 minut"},"schema":{"@context":"https:\/\/schema.org","@graph":[{"@type":"WebPage","@id":"https:\/\/www.miisoo.com\/more-sex-sites\/","url":"https:\/\/www.miisoo.com\/more-sex-sites\/","name":"Explore More Product | Miisoo Sex Sites | Miisoodoll","isPartOf":{"@id":"https:\/\/www.miisoo.com\/#website"},"datePublished":"2022-01-25T09:17:49+00:00","dateModified":"2024-08-17T04:51:08+00:00","description":"Dive into an expansive selection at Miisoo Sex Sites. Explore diverse products for a heightened intimate experience. Your satisfaction, our priority at MiisooDoll.","breadcrumb":{"@id":"https:\/\/www.miisoo.com\/more-sex-sites\/#breadcrumb"},"inLanguage":"da-DK","potentialAction":[{"@type":"ReadAction","target":["https:\/\/www.miisoo.com\/more-sex-sites\/"]}]},{"@type":"BreadcrumbList","@id":"https:\/\/www.miisoo.com\/more-sex-sites\/#breadcrumb","itemListElement":[{"@type":"ListItem","position":1,"name":"Home","item":"https:\/\/www.miisoo.com\/"},{"@type":"ListItem","position":2,"name":"More Sex Sites"}]},{"@type":"WebSite","@id":"https:\/\/www.miisoo.com\/#website","url":"https:\/\/www.miisoo.com\/","name":"MiisooDoll","description":"Sexual Doll, Real Sex Dolls, Love Doll, Best Sex Dolls","publisher":{"@id":"https:\/\/www.miisoo.com\/#organization"},"potentialAction":[{"@type":"SearchAction","target":{"@type":"EntryPoint","urlTemplate":"https:\/\/www.miisoo.com\/?s={search_term_string}"},"query-input":"required name=search_term_string"}],"inLanguage":"da-DK"},{"@type":"Organization","@id":"https:\/\/www.miisoo.com\/#organization","name":"MiisooDoll","url":"https:\/\/www.miisoo.com\/","logo":{"@type":"ImageObject","inLanguage":"da-DK","@id":"https:\/\/www.miisoo.com\/#\/schema\/logo\/image\/","url":"https:\/\/www.miisoo.com\/wp-content\/uploads\/2020\/09\/logo-botton.png","contentUrl":"https:\/\/www.miisoo.com\/wp-content\/uploads\/2020\/09\/logo-botton.png","width":181,"height":42,"caption":"MiisooDoll"},"image":{"@id":"https:\/\/www.miisoo.com\/#\/schema\/logo\/image\/"},"sameAs":["https:\/\/www.facebook.com\/miisoodoll","https:\/\/x.com\/MiisooSexDolls"]}]}},"_links":{"self":[{"href":"https:\/\/www.miisoo.com\/da\/wp-json\/wp\/v2\/pages\/21906","targetHints":{"allow":["GET"]}}],"collection":[{"href":"https:\/\/www.miisoo.com\/da\/wp-json\/wp\/v2\/pages"}],"about":[{"href":"https:\/\/www.miisoo.com\/da\/wp-json\/wp\/v2\/types\/page"}],"author":[{"embeddable":true,"href":"https:\/\/www.miisoo.com\/da\/wp-json\/wp\/v2\/users\/455"}],"replies":[{"embeddable":true,"href":"https:\/\/www.miisoo.com\/da\/wp-json\/wp\/v2\/comments?post=21906"}],"version-history":[{"count":1,"href":"https:\/\/www.miisoo.com\/da\/wp-json\/wp\/v2\/pages\/21906\/revisions"}],"predecessor-version":[{"id":21908,"href":"https:\/\/www.miisoo.com\/da\/wp-json\/wp\/v2\/pages\/21906\/revisions\/21908"}],"wp:attachment":[{"href":"https:\/\/www.miisoo.com\/da\/wp-json\/wp\/v2\/media?parent=21906"}],"curies":[{"name":"wp","href":"https:\/\/api.w.org\/{rel}","templated":true}]}}