{"id":21450,"date":"2022-01-06T14:07:08","date_gmt":"2022-01-06T06:07:08","guid":{"rendered":"https:\/\/www.miisoo.com\/?post_type=product&#038;p=21450"},"modified":"2022-01-07T15:51:05","modified_gmt":"2022-01-07T07:51:05","slug":"full-size-gay-lifelike-male-real-dolls","status":"publish","type":"product","link":"https:\/\/www.miisoo.com\/cs\/product\/full-size-gay-lifelike-male-real-dolls\/","title":{"rendered":"Kodi \u2013 175cm pln\u00e9 velikosti gay realistick\u00e9 mu\u017esk\u00e9 skute\u010dn\u00e9 panenky"},"content":{"rendered":"<p>M\u00e1 se za to, \u017ee na ty tich\u00e9 je obvykle t\u0159eba d\u00e1vat pozor. Toto jsou skute\u010dn\u00e9 panenky\u00a0<a href=\"https:\/\/www.volunteerhq.org\/blog\/15-places-you-need-to-visit-while-youre-young\/\">snadn\u00fd mlad\u00fd turista<\/a> kdo r\u00e1d chod\u00ed na str\u00e1nky. Asijsk\u00e1 sexu\u00e1ln\u00ed panenka se nemus\u00ed \u017een\u011b, kter\u00e1 miluje odchoz\u00edho mu\u017ee, moc zd\u00e1t, ale po\u010dkejte, a\u017e ho uvid\u00edte nah\u00e9ho. Tato panenka Real Life Male Sex je velk\u00e1 tam, kde na tom z\u00e1le\u017e\u00ed, a nebude v\u00e1hat v\u00e1m to d\u00e1t v\u011bd\u011bt.<\/p>\n<p>Pokud jde o mu\u017esk\u00e9 sexu\u00e1ln\u00ed panenky pro \u017eeny, nez\u00e1le\u017e\u00ed na tom, zda realistick\u00e1 panenka byla d\u0159\u00edve pou\u017eita v gay pornu pro mu\u017ee, pokud je atraktivn\u00ed. \u010c\u00edm pohledn\u011bj\u0161\u00ed panenka, t\u00edm vy\u0161\u0161\u00ed \u0161ance, \u017ee si ji vyberou nedo\u010dkav\u00e9 \u017eeny.<\/p>\n<p>P\u00e1nsk\u00e9 sexu\u00e1ln\u00ed panenky ze skute\u010dn\u00e9ho \u017eivota jsou \u010dasto dob\u0159e vybaven\u00e9 a t\u011b\u0161\u00ed se z nich ka\u017ed\u00fd, kdo hled\u00e1 dobr\u00fd \u010das. Tato mu\u017esk\u00e1 silikonov\u00e1 panenka nen\u00ed v\u00fdjimkou<a href=\"https:\/\/www.miisoo.com\/cs\/produkt\/adult-sexy-japanese-male-sex-doll\/\"> kdy to p\u0159ijde<\/a> \u010das se svl\u00e9knout.<\/p>\n<p><span style=\"color: #000000; font-size: 16px; font-weight: 600;\">Mu\u017esk\u00e9 skute\u010dn\u00e9 panenky m\u011b\u0159en\u00ed<\/span><\/p>\n<table style=\"border-collapse: collapse; width: 304.52pt;\" border=\"0\" width=\"406\" cellspacing=\"0\" cellpadding=\"0\">\n<tbody>\n<tr style=\"height: 28.00pt;\">\n<td class=\"et2\" style=\"height: 28.00pt; width: 124.50pt;\" width=\"166\" height=\"37\">Zna\u010dka:<\/td>\n<td class=\"et2\" style=\"width: 180.00pt;\" width=\"240\">Panenka QITA<\/td>\n<\/tr>\n<tr style=\"height: 28.00pt;\">\n<td class=\"et2\" style=\"height: 28.00pt;\" height=\"37\">V\u00fd\u0161ka:<\/td>\n<td class=\"et2\">175 cm TPE mu\u017esk\u00e1 panenka l\u00e1sky<\/td>\n<\/tr>\n<tr style=\"height: 28.00pt;\">\n<td class=\"et2\" style=\"height: 28.00pt;\" height=\"37\">Poprs\u00ed:<\/td>\n<td class=\"et2\">100 cm<\/td>\n<\/tr>\n<tr style=\"height: 28.00pt;\">\n<td class=\"et2\" style=\"height: 28.00pt;\" height=\"37\">P\u00e1s:<\/td>\n<td class=\"et2\">81 cm<\/td>\n<\/tr>\n<tr style=\"height: 28.00pt;\">\n<td class=\"et2\" style=\"height: 28.00pt;\" height=\"37\">Boky:<\/td>\n<td class=\"et2\">91 cm<\/td>\n<\/tr>\n<tr style=\"height: 28.00pt;\">\n<td class=\"et2\" style=\"height: 28.00pt;\" height=\"37\">D\u00e9lka pa\u017ee:<\/td>\n<td class=\"et2\">51 cm<\/td>\n<\/tr>\n<tr style=\"height: 28.00pt;\">\n<td class=\"et2\" style=\"height: 28.00pt;\" height=\"37\">D\u00e9lka chodidla:<\/td>\n<td class=\"et2\">29 cm<\/td>\n<\/tr>\n<tr style=\"height: 28.00pt;\">\n<td class=\"et2\" style=\"height: 28.00pt;\" height=\"37\">\u0160\u00ed\u0159e ramen:<\/td>\n<td class=\"et2\">50 cm<\/td>\n<\/tr>\n<tr style=\"height: 28.00pt;\">\n<td class=\"et2\" style=\"height: 28.00pt;\" height=\"37\">Hmotnost:<\/td>\n<td class=\"et2\">60 kg<\/td>\n<\/tr>\n<tr style=\"height: 28.00pt;\">\n<td class=\"et2\" style=\"height: 28.00pt;\" height=\"37\">D\u00e9lka penisu:<\/td>\n<td class=\"et2\">18 cm<\/td>\n<\/tr>\n<tr style=\"height: 28.00pt;\">\n<td class=\"et2\" style=\"height: 28.00pt;\" height=\"37\">\u00dastn\u00ed hloubka:<\/td>\n<td class=\"et2\">N\/A<\/td>\n<\/tr>\n<tr style=\"height: 28.00pt;\">\n<td class=\"et2\" style=\"height: 28.00pt;\" height=\"37\">An\u00e1ln\u00ed hloubka:<\/td>\n<td class=\"et2\">20 cm<\/td>\n<\/tr>\n<\/tbody>\n<\/table>","protected":false},"excerpt":{"rendered":"<div data-elementor-type=\"section\" data-elementor-id=\"10450\" class=\"elementor elementor-10450\" data-elementor-post-type=\"elementor_library\">\n<section class=\"elementor-section elementor-top-section elementor-element elementor-element-1ac4967 elementor-section-boxed elementor-section-height-default elementor-section-height-default\" data-id=\"1ac4967\" data-element_type=\"section\">\n<div class=\"elementor-container elementor-column-gap-default\">\n<div class=\"elementor-column elementor-col-100 elementor-top-column elementor-element elementor-element-bfbdbdf\" data-id=\"bfbdbdf\" data-element_type=\"column\">\n<div class=\"elementor-widget-wrap elementor-element-populated\">\n<div class=\"elementor-element elementor-element-e4dbd68 elementor-widget elementor-widget-text-editor\" data-id=\"e4dbd68\" data-element_type=\"widget\" data-widget_type=\"text-editor.default\">\n<div class=\"elementor-widget-container\">\n<ul>\n<li>Doprava zdarma po cel\u00e9m sv\u011bt\u011b, diskr\u00e9tn\u00ed doprava.<\/li>\n<li>100% Toto\u017en\u00e9 jako obr\u00e1zky, pokud nen\u00ed p\u0159izp\u016fsobeno.<\/li>\n<li>Ceny zahrnuj\u00ed. DPH a celn\u00ed poplatky<\/li>\n<li>Doprava zdarma, mo\u017enosti rychl\u00e9 dopravy na str\u00e1nce Pokladna<\/li>\n<\/ul><\/div>\n<\/p><\/div>\n<\/p><\/div>\n<\/p><\/div>\n<\/p><\/div>\n<\/section><\/div>\n<div data-elementor-type=\"section\" data-elementor-id=\"10473\" class=\"elementor elementor-10473\" data-elementor-post-type=\"elementor_library\">\n<section class=\"elementor-section elementor-top-section elementor-element elementor-element-03d9b2a elementor-section-boxed elementor-section-height-default elementor-section-height-default\" data-id=\"03d9b2a\" data-element_type=\"section\">\n<div class=\"elementor-container elementor-column-gap-default\">\n<div class=\"elementor-column elementor-col-100 elementor-top-column elementor-element elementor-element-5081c52\" data-id=\"5081c52\" data-element_type=\"column\">\n<div class=\"elementor-widget-wrap elementor-element-populated\">\n<div class=\"elementor-element elementor-element-d2c17df elementor-widget elementor-widget-martfury-banner-small\" data-id=\"d2c17df\" data-element_type=\"widget\" data-widget_type=\"martfury-banner-small.default\">\n<div class=\"elementor-widget-container\">\n<div class=\"mf-elementor-banner-small\">\n<div class=\"banner-featured-image\"><\/div>\n<p>\t\t\t                <a class=\"link\" href=\"https:\/\/mso.aidoll-japan.com\"><\/a><\/p>\n<div class=\"banner-content\">\n<h2 class=\"banner-title\">1500 mini panenek l\u00e1sky<\/p>\n<p>sexdollxxx. com<\/h2>\n<div class=\"banner-desc\">\n<p>60 cm, 80 cm, 100 cm,<\/p>\n<p>120 cm, 130 cm, 140 cm<\/p>\n<\/div>\n<div class=\"banner-price\"><span\n                                class=\"s-price\">sexdollxxx .com<\/span><\/div>\n<\/p><\/div>\n<\/p><\/div>\n<\/p><\/div>\n<\/p><\/div>\n<\/p><\/div>\n<\/p><\/div>\n<\/p><\/div>\n<\/section><\/div>","protected":false},"featured_media":21497,"comment_status":"open","ping_status":"closed","template":"","meta":[],"product_cat":[114,115,116,81],"product_tag":[],"class_list":{"0":"post-21450","1":"product","2":"type-product","3":"status-publish","4":"has-post-thumbnail","6":"product_cat-1500usd-2000usd-sex-doll","7":"product_cat-161cm-170cm-sex-dolls","8":"product_cat-male-sex-dolls","9":"product_cat-tpe-sex-dolls","10":"tm-no-options","12":"first","13":"instock","14":"sale","15":"shipping-taxable","16":"purchasable","17":"product-type-simple","18":"col-xs-6 col-sm-4","19":"col-md-3 col-lg-3","20":"un-4-cols"},"yoast_head":"<!-- This site is optimized with the Yoast SEO Premium plugin v22.6 (Yoast SEO v22.9) - https:\/\/yoast.com\/wordpress\/plugins\/seo\/ -->\n<title>Male Real Dolls - Full Size Gay Lifelike Real Life Male Sex Doll<\/title>\n<meta name=\"description\" content=\"This male real\u00a0dolls\u00a0are\u00a0easy going young tourist. The full size gay lifelike real life male sex doll\u00a0may not seem like much to the woman\" \/>\n<meta name=\"robots\" content=\"index, follow, max-snippet:-1, max-image-preview:large, max-video-preview:-1\" \/>\n<link rel=\"canonical\" href=\"https:\/\/www.miisoo.com\/cs\/produkt\/full-size-gay-lifelike-male-real-dolls\/\" \/>\n<meta property=\"og:locale\" content=\"cs_CZ\" \/>\n<meta property=\"og:type\" content=\"article\" \/>\n<meta property=\"og:title\" content=\"Kodi - 175cm Full Size Gay Lifelike Male Real Dolls\" \/>\n<meta property=\"og:description\" content=\"This male real\u00a0dolls\u00a0are\u00a0easy going young tourist. The full size gay lifelike real life male sex doll\u00a0may not seem like much to the woman\" \/>\n<meta property=\"og:url\" content=\"https:\/\/www.miisoo.com\/cs\/produkt\/full-size-gay-lifelike-male-real-dolls\/\" \/>\n<meta property=\"og:site_name\" content=\"MiisooDoll\" \/>\n<meta property=\"article:publisher\" content=\"https:\/\/www.facebook.com\/miisoodoll\" \/>\n<meta property=\"article:modified_time\" content=\"2022-01-07T07:51:05+00:00\" \/>\n<meta property=\"og:image\" content=\"https:\/\/www.miisoo.com\/wp-content\/uploads\/2022\/01\/male-real-dolls-725.jpg\" \/>\n\t<meta property=\"og:image:width\" content=\"600\" \/>\n\t<meta property=\"og:image:height\" content=\"900\" \/>\n\t<meta property=\"og:image:type\" content=\"image\/jpeg\" \/>\n<meta name=\"twitter:card\" content=\"summary_large_image\" \/>\n<meta name=\"twitter:site\" content=\"@MiisooSexDolls\" \/>\n<meta name=\"twitter:label1\" content=\"Odhadovan\u00e1 doba \u010dten\u00ed\" \/>\n\t<meta name=\"twitter:data1\" content=\"1 minuta\" \/>\n<!-- \/ Yoast SEO Premium plugin. -->","yoast_head_json":{"title":"Male Real Dolls - Full Size Gay Lifelike Real Life Male Sex Doll","description":"This male real\u00a0dolls\u00a0are\u00a0easy going young tourist. The full size gay lifelike real life male sex doll\u00a0may not seem like much to the woman","robots":{"index":"index","follow":"follow","max-snippet":"max-snippet:-1","max-image-preview":"max-image-preview:large","max-video-preview":"max-video-preview:-1"},"canonical":"https:\/\/www.miisoo.com\/cs\/produkt\/full-size-gay-lifelike-male-real-dolls\/","og_locale":"cs_CZ","og_type":"article","og_title":"Kodi - 175cm Full Size Gay Lifelike Male Real Dolls","og_description":"This male real\u00a0dolls\u00a0are\u00a0easy going young tourist. The full size gay lifelike real life male sex doll\u00a0may not seem like much to the woman","og_url":"https:\/\/www.miisoo.com\/cs\/produkt\/full-size-gay-lifelike-male-real-dolls\/","og_site_name":"MiisooDoll","article_publisher":"https:\/\/www.facebook.com\/miisoodoll","article_modified_time":"2022-01-07T07:51:05+00:00","og_image":[{"width":600,"height":900,"url":"https:\/\/www.miisoo.com\/wp-content\/uploads\/2022\/01\/male-real-dolls-725.jpg","type":"image\/jpeg"}],"twitter_card":"summary_large_image","twitter_site":"@MiisooSexDolls","twitter_misc":{"Odhadovan\u00e1 doba \u010dten\u00ed":"1 minuta"},"schema":{"@context":"https:\/\/schema.org","@graph":[{"@type":"WebPage","@id":"https:\/\/www.miisoo.com\/product\/full-size-gay-lifelike-male-real-dolls\/","url":"https:\/\/www.miisoo.com\/product\/full-size-gay-lifelike-male-real-dolls\/","name":"Male Real Dolls - Full Size Gay Lifelike Real Life Male Sex Doll","isPartOf":{"@id":"https:\/\/www.miisoo.com\/#website"},"primaryImageOfPage":{"@id":"https:\/\/www.miisoo.com\/product\/full-size-gay-lifelike-male-real-dolls\/#primaryimage"},"image":{"@id":"https:\/\/www.miisoo.com\/product\/full-size-gay-lifelike-male-real-dolls\/#primaryimage"},"thumbnailUrl":"https:\/\/www.miisoo.com\/wp-content\/uploads\/2022\/01\/male-real-dolls-725.jpg","datePublished":"2022-01-06T06:07:08+00:00","dateModified":"2022-01-07T07:51:05+00:00","description":"This male real\u00a0dolls\u00a0are\u00a0easy going young tourist. The full size gay lifelike real life male sex doll\u00a0may not seem like much to the woman","breadcrumb":{"@id":"https:\/\/www.miisoo.com\/product\/full-size-gay-lifelike-male-real-dolls\/#breadcrumb"},"inLanguage":"cs","potentialAction":[{"@type":"ReadAction","target":["https:\/\/www.miisoo.com\/product\/full-size-gay-lifelike-male-real-dolls\/"]}]},{"@type":"ImageObject","inLanguage":"cs","@id":"https:\/\/www.miisoo.com\/product\/full-size-gay-lifelike-male-real-dolls\/#primaryimage","url":"https:\/\/www.miisoo.com\/wp-content\/uploads\/2022\/01\/male-real-dolls-725.jpg","contentUrl":"https:\/\/www.miisoo.com\/wp-content\/uploads\/2022\/01\/male-real-dolls-725.jpg","width":600,"height":900,"caption":"Kodi \u2013 175cm Full Size Gay Lifelike Male Real Dolls"},{"@type":"BreadcrumbList","@id":"https:\/\/www.miisoo.com\/product\/full-size-gay-lifelike-male-real-dolls\/#breadcrumb","itemListElement":[{"@type":"ListItem","position":1,"name":"Home","item":"https:\/\/www.miisoo.com\/"},{"@type":"ListItem","position":2,"name":"Sex Doll Shop","item":"https:\/\/www.miisoo.com\/shop\/"},{"@type":"ListItem","position":3,"name":"Kodi &#8211; 175cm Full Size Gay Lifelike Male Real Dolls"}]},{"@type":"WebSite","@id":"https:\/\/www.miisoo.com\/#website","url":"https:\/\/www.miisoo.com\/","name":"MiisooDoll","description":"Sexual Doll, Real Sex Dolls, Love Doll, Best Sex Dolls","publisher":{"@id":"https:\/\/www.miisoo.com\/#organization"},"potentialAction":[{"@type":"SearchAction","target":{"@type":"EntryPoint","urlTemplate":"https:\/\/www.miisoo.com\/?s={search_term_string}"},"query-input":"required name=search_term_string"}],"inLanguage":"cs"},{"@type":"Organization","@id":"https:\/\/www.miisoo.com\/#organization","name":"MiisooDoll","url":"https:\/\/www.miisoo.com\/","logo":{"@type":"ImageObject","inLanguage":"cs","@id":"https:\/\/www.miisoo.com\/#\/schema\/logo\/image\/","url":"https:\/\/www.miisoo.com\/wp-content\/uploads\/2020\/09\/logo-botton.png","contentUrl":"https:\/\/www.miisoo.com\/wp-content\/uploads\/2020\/09\/logo-botton.png","width":181,"height":42,"caption":"MiisooDoll"},"image":{"@id":"https:\/\/www.miisoo.com\/#\/schema\/logo\/image\/"},"sameAs":["https:\/\/www.facebook.com\/miisoodoll","https:\/\/x.com\/MiisooSexDolls"]}]}},"_links":{"self":[{"href":"https:\/\/www.miisoo.com\/cs\/wp-json\/wp\/v2\/product\/21450","targetHints":{"allow":["GET"]}}],"collection":[{"href":"https:\/\/www.miisoo.com\/cs\/wp-json\/wp\/v2\/product"}],"about":[{"href":"https:\/\/www.miisoo.com\/cs\/wp-json\/wp\/v2\/types\/product"}],"replies":[{"embeddable":true,"href":"https:\/\/www.miisoo.com\/cs\/wp-json\/wp\/v2\/comments?post=21450"}],"version-history":[{"count":3,"href":"https:\/\/www.miisoo.com\/cs\/wp-json\/wp\/v2\/product\/21450\/revisions"}],"predecessor-version":[{"id":21610,"href":"https:\/\/www.miisoo.com\/cs\/wp-json\/wp\/v2\/product\/21450\/revisions\/21610"}],"wp:featuredmedia":[{"embeddable":true,"href":"https:\/\/www.miisoo.com\/cs\/wp-json\/wp\/v2\/media\/21497"}],"wp:attachment":[{"href":"https:\/\/www.miisoo.com\/cs\/wp-json\/wp\/v2\/media?parent=21450"}],"wp:term":[{"taxonomy":"product_cat","embeddable":true,"href":"https:\/\/www.miisoo.com\/cs\/wp-json\/wp\/v2\/product_cat?post=21450"},{"taxonomy":"product_tag","embeddable":true,"href":"https:\/\/www.miisoo.com\/cs\/wp-json\/wp\/v2\/product_tag?post=21450"}],"curies":[{"name":"wp","href":"https:\/\/api.w.org\/{rel}","templated":true}]}}