{"id":21124,"date":"2022-01-05T19:57:49","date_gmt":"2022-01-05T11:57:49","guid":{"rendered":"https:\/\/www.miisoo.com\/?post_type=product&#038;p=21124"},"modified":"2022-01-07T10:58:42","modified_gmt":"2022-01-07T02:58:42","slug":"realistic-male-love-doll-for-sale","status":"publish","type":"product","link":"https:\/\/www.miisoo.com\/cs\/product\/realistic-male-love-doll-for-sale\/","title":{"rendered":"John \u2013 165 cm realistick\u00e1 mu\u017esk\u00e1 panenka na prodej"},"content":{"rendered":"<p>John je realistick\u00e1 mu\u017esk\u00e1 milostn\u00e1 panenka, kter\u00e1 vypad\u00e1 jako a <a href=\"https:\/\/nymag.com\/strategist\/article\/best-holiday-gift-ideas-for-teenage-boys.html\">dosp\u00edvaj\u00edc\u00ed chlapec<\/a>. Tato panenka, navr\u017een\u00e1 pro \u017eeny s fantaziemi o mu\u017esk\u00fdch sexu\u00e1ln\u00edch panenk\u00e1ch, je ide\u00e1ln\u00ed pro hran\u00ed rol\u00ed. Jeho mladistv\u00e1 tv\u00e1\u0159 je tv\u00e1\u0159\u00ed nezku\u0161en\u00e9ho mu\u017ee, d\u00edky \u010demu\u017e je mezi d\u00e1mami docela obl\u00edben\u00fd.<\/p>\n<p>Podle jeho obr\u00e1zk\u016f s vybouchnut\u00fdmi panenkami je t\u011b\u017ek\u00e9 ignorovat bouli v jeho polonah\u00fdch oblec\u00edch. Nejen, \u017ee je hezk\u00fd, ale tato realistick\u00e1 mu\u017esk\u00e1 panenka je sexy. Odemkn\u011bte sv\u00e9 touhy jako \u017eena se sexu\u00e1ln\u00ed panenkou a p\u0159ekro\u010dte svou z\u00f3nu pohodl\u00ed. John se neboj\u00ed svl\u00e9knout a uk\u00e1zat sv\u00e9 dosp\u00edvaj\u00edc\u00ed t\u011blo.<\/p>\n<p>Je to sladk\u00e9 d\u00edt\u011b, kter\u00e9 chce, aby o n\u011bj bylo dob\u0159e postar\u00e1no <a href=\"https:\/\/www.miisoo.com\/cs\/produkt\/fucking-life-like-male-sex-dolls\/\">a bude r\u00e1d<\/a> opla\u0165 laskavost. Na rozd\u00edl od jin\u00fdch mu\u017esk\u00fdch silikonov\u00fdch sexu\u00e1ln\u00edch panenek je docela mlad\u00fd a ovlivniteln\u00fd. Proto z\u00e1\u017eitky, kter\u00e9 spolu sd\u00edl\u00edte, budou pro v\u00e1s oba nezapomenuteln\u00e9. Vyu\u017eijte \u0161anci na prodej t\u00e9to mu\u017esk\u00e9 sexu\u00e1ln\u00ed panenky, pokud se v\u00e1m l\u00edb\u00ed mlad\u00e1 a energick\u00e1.<\/p>\n<p><span style=\"color: #000000; font-size: 16px; font-weight: 600;\">Realistick\u00e9 m\u011b\u0159en\u00ed panenky mu\u017esk\u00e9 l\u00e1sky<\/span><\/p>\n<table style=\"border-collapse: collapse; width: 304.52pt;\" border=\"0\" width=\"406\" cellspacing=\"0\" cellpadding=\"0\">\n<tbody>\n<tr style=\"height: 28.00pt;\">\n<td class=\"et2\" style=\"height: 28.00pt; width: 124.50pt;\" width=\"166\" height=\"37\">Zna\u010dka:<\/td>\n<td class=\"et2\" style=\"width: 180.00pt;\" width=\"240\">AF panenka<\/td>\n<\/tr>\n<tr style=\"height: 28.00pt;\">\n<td class=\"et2\" style=\"height: 28.00pt;\" height=\"37\">V\u00fd\u0161ka:<\/td>\n<td class=\"et2\">Skute\u010dn\u00e1 panenka z TPE 165 cm<\/td>\n<\/tr>\n<tr style=\"height: 28.00pt;\">\n<td class=\"et2\" style=\"height: 28.00pt;\" height=\"37\">Poprs\u00ed:<\/td>\n<td class=\"et2\">85 cm<\/td>\n<\/tr>\n<tr style=\"height: 28.00pt;\">\n<td class=\"et2\" style=\"height: 28.00pt;\" height=\"37\">P\u00e1s:<\/td>\n<td class=\"et2\">70 cm<\/td>\n<\/tr>\n<tr style=\"height: 28.00pt;\">\n<td class=\"et2\" style=\"height: 28.00pt;\" height=\"37\">Boky:<\/td>\n<td class=\"et2\">90 cm<\/td>\n<\/tr>\n<tr style=\"height: 28.00pt;\">\n<td class=\"et2\" style=\"height: 28.00pt;\" height=\"37\">Krk:<\/td>\n<td class=\"et2\">26 cm<\/td>\n<\/tr>\n<tr style=\"height: 28.00pt;\">\n<td class=\"et2\" style=\"height: 28.00pt;\" height=\"37\">D\u00e9lka chodidla:<\/td>\n<td class=\"et2\">23 cm<\/td>\n<\/tr>\n<tr style=\"height: 28.00pt;\">\n<td class=\"et2\" style=\"height: 28.00pt;\" height=\"37\">\u0160\u00ed\u0159e ramen:<\/td>\n<td class=\"et2\">42 cm<\/td>\n<\/tr>\n<tr style=\"height: 28.00pt;\">\n<td class=\"et2\" style=\"height: 28.00pt;\" height=\"37\">Hmotnost:<\/td>\n<td class=\"et2\">44 kg<\/td>\n<\/tr>\n<tr style=\"height: 28.00pt;\">\n<td class=\"et2\" style=\"height: 28.00pt;\" height=\"37\">D\u00e9lka penisu:<\/td>\n<td class=\"et2\">19 cm<\/td>\n<\/tr>\n<tr style=\"height: 28.00pt;\">\n<td class=\"et2\" style=\"height: 28.00pt;\" height=\"37\">Obvod penisu:<\/td>\n<td class=\"et2\">12 cm<\/td>\n<\/tr>\n<tr style=\"height: 28.00pt;\">\n<td class=\"et2\" style=\"height: 28.00pt;\" height=\"37\">\u00dastn\u00ed hloubka:<\/td>\n<td class=\"et2\">13 cm<\/td>\n<\/tr>\n<tr style=\"height: 28.00pt;\">\n<td class=\"et2\" style=\"height: 28.00pt;\" height=\"37\">An\u00e1ln\u00ed hloubka:<\/td>\n<td class=\"et2\">16 cm<\/td>\n<\/tr>\n<tr style=\"height: 28.00pt;\">\n<td class=\"et2\" style=\"height: 28.00pt;\" height=\"37\">Velikost balen\u00ed:<\/td>\n<td class=\"et2\">Rozm\u011bry 154 x 40 x 30 cm<\/td>\n<\/tr>\n<\/tbody>\n<\/table>\n<p>&nbsp;<\/p>","protected":false},"excerpt":{"rendered":"<div data-elementor-type=\"section\" data-elementor-id=\"10450\" class=\"elementor elementor-10450\" data-elementor-post-type=\"elementor_library\">\n<section class=\"elementor-section elementor-top-section elementor-element elementor-element-1ac4967 elementor-section-boxed elementor-section-height-default elementor-section-height-default\" data-id=\"1ac4967\" data-element_type=\"section\">\n<div class=\"elementor-container elementor-column-gap-default\">\n<div class=\"elementor-column elementor-col-100 elementor-top-column elementor-element elementor-element-bfbdbdf\" data-id=\"bfbdbdf\" data-element_type=\"column\">\n<div class=\"elementor-widget-wrap elementor-element-populated\">\n<div class=\"elementor-element elementor-element-e4dbd68 elementor-widget elementor-widget-text-editor\" data-id=\"e4dbd68\" data-element_type=\"widget\" data-widget_type=\"text-editor.default\">\n<div class=\"elementor-widget-container\">\n<ul>\n<li>Doprava zdarma po cel\u00e9m sv\u011bt\u011b, diskr\u00e9tn\u00ed doprava.<\/li>\n<li>100% Toto\u017en\u00e9 jako obr\u00e1zky, pokud nen\u00ed p\u0159izp\u016fsobeno.<\/li>\n<li>Ceny zahrnuj\u00ed. DPH a celn\u00ed poplatky<\/li>\n<li>Doprava zdarma, mo\u017enosti rychl\u00e9 dopravy na str\u00e1nce Pokladna<\/li>\n<\/ul><\/div>\n<\/p><\/div>\n<\/p><\/div>\n<\/p><\/div>\n<\/p><\/div>\n<\/section><\/div>\n<div data-elementor-type=\"section\" data-elementor-id=\"10473\" class=\"elementor elementor-10473\" data-elementor-post-type=\"elementor_library\">\n<section class=\"elementor-section elementor-top-section elementor-element elementor-element-03d9b2a elementor-section-boxed elementor-section-height-default elementor-section-height-default\" data-id=\"03d9b2a\" data-element_type=\"section\">\n<div class=\"elementor-container elementor-column-gap-default\">\n<div class=\"elementor-column elementor-col-100 elementor-top-column elementor-element elementor-element-5081c52\" data-id=\"5081c52\" data-element_type=\"column\">\n<div class=\"elementor-widget-wrap elementor-element-populated\">\n<div class=\"elementor-element elementor-element-d2c17df elementor-widget elementor-widget-martfury-banner-small\" data-id=\"d2c17df\" data-element_type=\"widget\" data-widget_type=\"martfury-banner-small.default\">\n<div class=\"elementor-widget-container\">\n<div class=\"mf-elementor-banner-small\">\n<div class=\"banner-featured-image\"><\/div>\n<p>\t\t\t                <a class=\"link\" href=\"https:\/\/mso.aidoll-japan.com\"><\/a><\/p>\n<div class=\"banner-content\">\n<h2 class=\"banner-title\">1500 mini panenek l\u00e1sky<\/p>\n<p>sexdollxxx. com<\/h2>\n<div class=\"banner-desc\">\n<p>60 cm, 80 cm, 100 cm,<\/p>\n<p>120 cm, 130 cm, 140 cm<\/p>\n<\/div>\n<div class=\"banner-price\"><span\n                                class=\"s-price\">sexdollxxx .com<\/span><\/div>\n<\/p><\/div>\n<\/p><\/div>\n<\/p><\/div>\n<\/p><\/div>\n<\/p><\/div>\n<\/p><\/div>\n<\/p><\/div>\n<\/section><\/div>","protected":false},"featured_media":21182,"comment_status":"open","ping_status":"closed","template":"","meta":[],"product_cat":[123,115,116,81],"product_tag":[],"class_list":{"0":"post-21124","1":"product","2":"type-product","3":"status-publish","4":"has-post-thumbnail","6":"product_cat-1000usd-1500usd-sex-dolls","7":"product_cat-161cm-170cm-sex-dolls","8":"product_cat-male-sex-dolls","9":"product_cat-tpe-sex-dolls","10":"tm-no-options","12":"first","13":"instock","14":"sale","15":"shipping-taxable","16":"purchasable","17":"product-type-simple","18":"col-xs-6 col-sm-4","19":"col-md-3 col-lg-3","20":"un-4-cols"},"yoast_head":"<!-- This site is optimized with the Yoast SEO Premium plugin v22.6 (Yoast SEO v22.9) - https:\/\/yoast.com\/wordpress\/plugins\/seo\/ -->\n<title>Realistic Male Love Doll - Male Sex Doll For Sale - Male Silicone Sex Dolls<\/title>\n<meta name=\"description\" content=\"John is a realistic male love doll\u00a0who looks like a boy. for the woman with male sex doll\u00a0fantasies, this doll\u00a0is perfect for role-playing\" \/>\n<meta name=\"robots\" content=\"index, follow, max-snippet:-1, max-image-preview:large, max-video-preview:-1\" \/>\n<link rel=\"canonical\" href=\"https:\/\/www.miisoo.com\/cs\/produkt\/realistic-male-love-doll-for-sale\/\" \/>\n<meta property=\"og:locale\" content=\"cs_CZ\" \/>\n<meta property=\"og:type\" content=\"article\" \/>\n<meta property=\"og:title\" content=\"John - 165cm Realistic Male Love Doll For Sale\" \/>\n<meta property=\"og:description\" content=\"John is a realistic male love doll\u00a0who looks like a boy. for the woman with male sex doll\u00a0fantasies, this doll\u00a0is perfect for role-playing\" \/>\n<meta property=\"og:url\" content=\"https:\/\/www.miisoo.com\/cs\/produkt\/realistic-male-love-doll-for-sale\/\" \/>\n<meta property=\"og:site_name\" content=\"MiisooDoll\" \/>\n<meta property=\"article:publisher\" content=\"https:\/\/www.facebook.com\/miisoodoll\" \/>\n<meta property=\"article:modified_time\" content=\"2022-01-07T02:58:42+00:00\" \/>\n<meta property=\"og:image\" content=\"https:\/\/www.miisoo.com\/wp-content\/uploads\/2022\/01\/male-silicone-sex-dolls-225.jpg\" \/>\n\t<meta property=\"og:image:width\" content=\"600\" \/>\n\t<meta property=\"og:image:height\" content=\"900\" \/>\n\t<meta property=\"og:image:type\" content=\"image\/jpeg\" \/>\n<meta name=\"twitter:card\" content=\"summary_large_image\" \/>\n<meta name=\"twitter:site\" content=\"@MiisooSexDolls\" \/>\n<meta name=\"twitter:label1\" content=\"Odhadovan\u00e1 doba \u010dten\u00ed\" \/>\n\t<meta name=\"twitter:data1\" content=\"1 minuta\" \/>\n<!-- \/ Yoast SEO Premium plugin. -->","yoast_head_json":{"title":"Realistic Male Love Doll - Male Sex Doll For Sale - Male Silicone Sex Dolls","description":"John is a realistic male love doll\u00a0who looks like a boy. for the woman with male sex doll\u00a0fantasies, this doll\u00a0is perfect for role-playing","robots":{"index":"index","follow":"follow","max-snippet":"max-snippet:-1","max-image-preview":"max-image-preview:large","max-video-preview":"max-video-preview:-1"},"canonical":"https:\/\/www.miisoo.com\/cs\/produkt\/realistic-male-love-doll-for-sale\/","og_locale":"cs_CZ","og_type":"article","og_title":"John - 165cm Realistic Male Love Doll For Sale","og_description":"John is a realistic male love doll\u00a0who looks like a boy. for the woman with male sex doll\u00a0fantasies, this doll\u00a0is perfect for role-playing","og_url":"https:\/\/www.miisoo.com\/cs\/produkt\/realistic-male-love-doll-for-sale\/","og_site_name":"MiisooDoll","article_publisher":"https:\/\/www.facebook.com\/miisoodoll","article_modified_time":"2022-01-07T02:58:42+00:00","og_image":[{"width":600,"height":900,"url":"https:\/\/www.miisoo.com\/wp-content\/uploads\/2022\/01\/male-silicone-sex-dolls-225.jpg","type":"image\/jpeg"}],"twitter_card":"summary_large_image","twitter_site":"@MiisooSexDolls","twitter_misc":{"Odhadovan\u00e1 doba \u010dten\u00ed":"1 minuta"},"schema":{"@context":"https:\/\/schema.org","@graph":[{"@type":"WebPage","@id":"https:\/\/www.miisoo.com\/nl\/product\/realistic-male-love-doll-for-sale\/","url":"https:\/\/www.miisoo.com\/nl\/product\/realistic-male-love-doll-for-sale\/","name":"Realistic Male Love Doll - Male Sex Doll For Sale - Male Silicone Sex Dolls","isPartOf":{"@id":"https:\/\/www.miisoo.com\/#website"},"primaryImageOfPage":{"@id":"https:\/\/www.miisoo.com\/nl\/product\/realistic-male-love-doll-for-sale\/#primaryimage"},"image":{"@id":"https:\/\/www.miisoo.com\/nl\/product\/realistic-male-love-doll-for-sale\/#primaryimage"},"thumbnailUrl":"https:\/\/www.miisoo.com\/wp-content\/uploads\/2022\/01\/male-silicone-sex-dolls-225.jpg","datePublished":"2022-01-05T11:57:49+00:00","dateModified":"2022-01-07T02:58:42+00:00","description":"John is a realistic male love doll\u00a0who looks like a boy. for the woman with male sex doll\u00a0fantasies, this doll\u00a0is perfect for role-playing","breadcrumb":{"@id":"https:\/\/www.miisoo.com\/nl\/product\/realistic-male-love-doll-for-sale\/#breadcrumb"},"inLanguage":"cs","potentialAction":[{"@type":"ReadAction","target":["https:\/\/www.miisoo.com\/nl\/product\/realistic-male-love-doll-for-sale\/"]}]},{"@type":"ImageObject","inLanguage":"cs","@id":"https:\/\/www.miisoo.com\/nl\/product\/realistic-male-love-doll-for-sale\/#primaryimage","url":"https:\/\/www.miisoo.com\/wp-content\/uploads\/2022\/01\/male-silicone-sex-dolls-225.jpg","contentUrl":"https:\/\/www.miisoo.com\/wp-content\/uploads\/2022\/01\/male-silicone-sex-dolls-225.jpg","width":600,"height":900,"caption":"John \u2013 165cm Realistic Male Love Doll For Sale"},{"@type":"BreadcrumbList","@id":"https:\/\/www.miisoo.com\/nl\/product\/realistic-male-love-doll-for-sale\/#breadcrumb","itemListElement":[{"@type":"ListItem","position":1,"name":"Home","item":"https:\/\/www.miisoo.com\/"},{"@type":"ListItem","position":2,"name":"Sex Doll Shop","item":"https:\/\/www.miisoo.com\/shop\/"},{"@type":"ListItem","position":3,"name":"John &#8211; 165cm Realistic Male Love Doll For Sale"}]},{"@type":"WebSite","@id":"https:\/\/www.miisoo.com\/#website","url":"https:\/\/www.miisoo.com\/","name":"MiisooDoll","description":"Sexual Doll, Real Sex Dolls, Love Doll, Best Sex Dolls","publisher":{"@id":"https:\/\/www.miisoo.com\/#organization"},"potentialAction":[{"@type":"SearchAction","target":{"@type":"EntryPoint","urlTemplate":"https:\/\/www.miisoo.com\/?s={search_term_string}"},"query-input":"required name=search_term_string"}],"inLanguage":"cs"},{"@type":"Organization","@id":"https:\/\/www.miisoo.com\/#organization","name":"MiisooDoll","url":"https:\/\/www.miisoo.com\/","logo":{"@type":"ImageObject","inLanguage":"cs","@id":"https:\/\/www.miisoo.com\/#\/schema\/logo\/image\/","url":"https:\/\/www.miisoo.com\/wp-content\/uploads\/2020\/09\/logo-botton.png","contentUrl":"https:\/\/www.miisoo.com\/wp-content\/uploads\/2020\/09\/logo-botton.png","width":181,"height":42,"caption":"MiisooDoll"},"image":{"@id":"https:\/\/www.miisoo.com\/#\/schema\/logo\/image\/"},"sameAs":["https:\/\/www.facebook.com\/miisoodoll","https:\/\/x.com\/MiisooSexDolls"]}]}},"_links":{"self":[{"href":"https:\/\/www.miisoo.com\/cs\/wp-json\/wp\/v2\/product\/21124","targetHints":{"allow":["GET"]}}],"collection":[{"href":"https:\/\/www.miisoo.com\/cs\/wp-json\/wp\/v2\/product"}],"about":[{"href":"https:\/\/www.miisoo.com\/cs\/wp-json\/wp\/v2\/types\/product"}],"replies":[{"embeddable":true,"href":"https:\/\/www.miisoo.com\/cs\/wp-json\/wp\/v2\/comments?post=21124"}],"version-history":[{"count":4,"href":"https:\/\/www.miisoo.com\/cs\/wp-json\/wp\/v2\/product\/21124\/revisions"}],"predecessor-version":[{"id":21582,"href":"https:\/\/www.miisoo.com\/cs\/wp-json\/wp\/v2\/product\/21124\/revisions\/21582"}],"wp:featuredmedia":[{"embeddable":true,"href":"https:\/\/www.miisoo.com\/cs\/wp-json\/wp\/v2\/media\/21182"}],"wp:attachment":[{"href":"https:\/\/www.miisoo.com\/cs\/wp-json\/wp\/v2\/media?parent=21124"}],"wp:term":[{"taxonomy":"product_cat","embeddable":true,"href":"https:\/\/www.miisoo.com\/cs\/wp-json\/wp\/v2\/product_cat?post=21124"},{"taxonomy":"product_tag","embeddable":true,"href":"https:\/\/www.miisoo.com\/cs\/wp-json\/wp\/v2\/product_tag?post=21124"}],"curies":[{"name":"wp","href":"https:\/\/api.w.org\/{rel}","templated":true}]}}