{"id":21073,"date":"2022-01-05T19:24:00","date_gmt":"2022-01-05T11:24:00","guid":{"rendered":"https:\/\/www.miisoo.com\/?post_type=product&#038;p=21073"},"modified":"2022-11-18T11:45:03","modified_gmt":"2022-11-18T03:45:03","slug":"full-body-gay-male-sex-dolls-for-women","status":"publish","type":"product","link":"https:\/\/www.miisoo.com\/cs\/product\/full-body-gay-male-sex-dolls-for-women\/","title":{"rendered":"Wesley \u2013 173cm celot\u011blov\u00e9 gay panenky pro \u017eeny"},"content":{"rendered":"<p>Pokud jde o gay panenky, je t\u011b\u017ek\u00e9 ignorovat jemn\u00e9 a pohledn\u00e9 tv\u00e1\u0159e, kter\u00e9 tyto \u017eiv\u00e9 panenky maj\u00ed. Tato 170cm mu\u017esk\u00e1 re\u00e1ln\u00e1 panenka m\u00e1 pro v\u00e1s st\u00e1lou kost a nep\u0159estane, dokud ji nevyl\u00e9\u010d\u00edte. Tato realistick\u00e1 panenka m\u00e1 a <a href=\"https:\/\/www.quora.com\/How-thick-is-a-thick-penis\">tlust\u00fd p\u00e9ro<\/a> to je n\u00e1hodou obl\u00edben\u00fd fanou\u0161ek. Tato zrzka je profesion\u00e1ln\u00ed plavkyn\u011b, kterou neust\u00e1le oslovuj\u00ed mu\u017ei jednaj\u00edc\u00ed v pr\u00e1ci nevhodn\u011b.<\/p>\n<p>Navzdory pokus\u016fm to r\u00e1d udr\u017euje na profesion\u00e1ln\u00ed \u00farovni. Dokud se v\u0161ak nikdo ned\u00edv\u00e1, nech\u00e1 chlapa \u0161ukat <a href=\"https:\/\/www.miisoo.com\/cs\/kategorie-produktu\/male-sex-dolls\/\">mu\u017esk\u00e1 sexu\u00e1ln\u00ed panenka<\/a>. Na rozd\u00edl od mu\u017esk\u00e9 panenky pro \u017eeny m\u00e1 nadpr\u016fm\u011brnou osobnost, kterou si zamilujete. Rozjasn\u00ed v\u00e1\u0161 den; co nemilovat?<\/p>\n<p>U\u017e nen\u00ed t\u0159eba fantaz\u00edrovat o pornhubov\u00fdch vide\u00edch s panenkami. Tady je va\u0161e pornohv\u011bzda v t\u011ble. Posa\u010fte se na tento pevn\u00fd h\u0159\u00eddel pro panenky a dop\u0159ejte si mas\u00e1\u017e cel\u00e9ho t\u011bla mu\u017esk\u00e9 panenky.<\/p>\n<p><span style=\"color: #000000; font-size: 16px; font-weight: 600;\">M\u011b\u0159en\u00ed gay mu\u017esk\u00fdch sexu\u00e1ln\u00edch panenek<\/span><\/p>\n<table style=\"border-collapse: collapse; width: 304.52pt;\" border=\"0\" width=\"406\" cellspacing=\"0\" cellpadding=\"0\">\n<tbody>\n<tr style=\"height: 28.00pt;\">\n<td class=\"et2\" style=\"height: 28.00pt; width: 124.50pt;\" width=\"166\" height=\"37\">Zna\u010dka:<\/td>\n<td class=\"et2\" style=\"width: 180.00pt;\" width=\"240\">Panenka 6YE<\/td>\n<\/tr>\n<tr style=\"height: 28.00pt;\">\n<td class=\"et2\" style=\"height: 28.00pt;\" height=\"37\">V\u00fd\u0161ka:<\/td>\n<td class=\"et2\">173cm TPE t\u011blo + silikonov\u00e1 hlava<\/td>\n<\/tr>\n<tr style=\"height: 28.00pt;\">\n<td class=\"et2\" style=\"height: 28.00pt;\" height=\"37\">Poprs\u00ed:<\/td>\n<td class=\"et2\">76 cm<\/td>\n<\/tr>\n<tr style=\"height: 28.00pt;\">\n<td class=\"et2\" style=\"height: 28.00pt;\" height=\"37\">P\u00e1s:<\/td>\n<td class=\"et2\">64 cm<\/td>\n<\/tr>\n<tr style=\"height: 28.00pt;\">\n<td class=\"et2\" style=\"height: 28.00pt;\" height=\"37\">Boky:<\/td>\n<td class=\"et2\">87 cm<\/td>\n<\/tr>\n<tr style=\"height: 28.00pt;\">\n<td class=\"et2\" style=\"height: 28.00pt;\" height=\"37\">D\u00e9lka pa\u017ee:<\/td>\n<td class=\"et2\">63 cm<\/td>\n<\/tr>\n<tr style=\"height: 28.00pt;\">\n<td class=\"et2\" style=\"height: 28.00pt;\" height=\"37\">\u0160\u00ed\u0159e ramen:<\/td>\n<td class=\"et2\">41 cm<\/td>\n<\/tr>\n<tr style=\"height: 28.00pt;\">\n<td class=\"et2\" style=\"height: 28.00pt;\" height=\"37\">Hmotnost:<\/td>\n<td class=\"et2\">46 kg<\/td>\n<\/tr>\n<tr style=\"height: 28.00pt;\">\n<td class=\"et2\" style=\"height: 28.00pt;\" height=\"37\">D\u00e9lka penisu:<\/td>\n<td class=\"et2\">22 cm<\/td>\n<\/tr>\n<tr style=\"height: 28.00pt;\">\n<td class=\"et2\" style=\"height: 28.00pt;\" height=\"37\">\u00dastn\u00ed hloubka:<\/td>\n<td class=\"et2\">N\/A<\/td>\n<\/tr>\n<tr style=\"height: 28.00pt;\">\n<td class=\"et2\" style=\"height: 28.00pt;\" height=\"37\">An\u00e1ln\u00ed hloubka:<\/td>\n<td class=\"et2\">16 cm<\/td>\n<\/tr>\n<tr style=\"height: 28.00pt;\">\n<td class=\"et2\" style=\"height: 28.00pt;\" height=\"37\">Velikost balen\u00ed:<\/td>\n<td class=\"et2\">Rozm\u011bry 160 x 45 x 30 cm<\/td>\n<\/tr>\n<\/tbody>\n<\/table>\n<p>&nbsp;<\/p>\n<p><img fetchpriority=\"high\" decoding=\"async\" class=\"alignnone wp-image-21114 size-full\" src=\"https:\/\/www.miisoo.com\/wp-content\/uploads\/2022\/01\/male-sex-doll-pornhub-2218.jpg\" alt=\"Sexu\u00e1ln\u00ed panenky pro gay mu\u017ee\" width=\"600\" height=\"900\" srcset=\"https:\/\/www.miisoo.com\/wp-content\/uploads\/2022\/01\/male-sex-doll-pornhub-2218.jpg 600w, https:\/\/www.miisoo.com\/wp-content\/uploads\/2022\/01\/male-sex-doll-pornhub-2218-200x300.jpg 200w, https:\/\/www.miisoo.com\/wp-content\/uploads\/2022\/01\/male-sex-doll-pornhub-2218-370x555.jpg 370w, https:\/\/www.miisoo.com\/wp-content\/uploads\/2022\/01\/male-sex-doll-pornhub-2218-300x450.jpg 300w\" sizes=\"(max-width: 600px) 100vw, 600px\" \/><\/p>","protected":false},"excerpt":{"rendered":"<div data-elementor-type=\"section\" data-elementor-id=\"10450\" class=\"elementor elementor-10450\" data-elementor-post-type=\"elementor_library\">\n<section class=\"elementor-section elementor-top-section elementor-element elementor-element-1ac4967 elementor-section-boxed elementor-section-height-default elementor-section-height-default\" data-id=\"1ac4967\" data-element_type=\"section\">\n<div class=\"elementor-container elementor-column-gap-default\">\n<div class=\"elementor-column elementor-col-100 elementor-top-column elementor-element elementor-element-bfbdbdf\" data-id=\"bfbdbdf\" data-element_type=\"column\">\n<div class=\"elementor-widget-wrap elementor-element-populated\">\n<div class=\"elementor-element elementor-element-e4dbd68 elementor-widget elementor-widget-text-editor\" data-id=\"e4dbd68\" data-element_type=\"widget\" data-widget_type=\"text-editor.default\">\n<div class=\"elementor-widget-container\">\n<ul>\n<li>Doprava zdarma po cel\u00e9m sv\u011bt\u011b, diskr\u00e9tn\u00ed doprava.<\/li>\n<li>100% Toto\u017en\u00e9 jako obr\u00e1zky, pokud nen\u00ed p\u0159izp\u016fsobeno.<\/li>\n<li>Ceny zahrnuj\u00ed. DPH a celn\u00ed poplatky<\/li>\n<li>Doprava zdarma, mo\u017enosti rychl\u00e9 dopravy na str\u00e1nce Pokladna<\/li>\n<\/ul><\/div>\n<\/p><\/div>\n<\/p><\/div>\n<\/p><\/div>\n<\/p><\/div>\n<\/section><\/div>\n<div data-elementor-type=\"section\" data-elementor-id=\"10473\" class=\"elementor elementor-10473\" data-elementor-post-type=\"elementor_library\">\n<section class=\"elementor-section elementor-top-section elementor-element elementor-element-03d9b2a elementor-section-boxed elementor-section-height-default elementor-section-height-default\" data-id=\"03d9b2a\" data-element_type=\"section\">\n<div class=\"elementor-container elementor-column-gap-default\">\n<div class=\"elementor-column elementor-col-100 elementor-top-column elementor-element elementor-element-5081c52\" data-id=\"5081c52\" data-element_type=\"column\">\n<div class=\"elementor-widget-wrap elementor-element-populated\">\n<div class=\"elementor-element elementor-element-d2c17df elementor-widget elementor-widget-martfury-banner-small\" data-id=\"d2c17df\" data-element_type=\"widget\" data-widget_type=\"martfury-banner-small.default\">\n<div class=\"elementor-widget-container\">\n<div class=\"mf-elementor-banner-small\">\n<div class=\"banner-featured-image\"><\/div>\n<p>\t\t\t                <a class=\"link\" href=\"https:\/\/mso.aidoll-japan.com\"><\/a><\/p>\n<div class=\"banner-content\">\n<h2 class=\"banner-title\">1500 mini panenek l\u00e1sky<\/p>\n<p>sexdollxxx. com<\/h2>\n<div class=\"banner-desc\">\n<p>60 cm, 80 cm, 100 cm,<\/p>\n<p>120 cm, 130 cm, 140 cm<\/p>\n<\/div>\n<div class=\"banner-price\"><span\n                                class=\"s-price\">sexdollxxx .com<\/span><\/div>\n<\/p><\/div>\n<\/p><\/div>\n<\/p><\/div>\n<\/p><\/div>\n<\/p><\/div>\n<\/p><\/div>\n<\/p><\/div>\n<\/section><\/div>","protected":false},"featured_media":21115,"comment_status":"open","ping_status":"closed","template":"","meta":[],"product_cat":[114,115,116,117],"product_tag":[],"class_list":{"0":"post-21073","1":"product","2":"type-product","3":"status-publish","4":"has-post-thumbnail","6":"product_cat-1500usd-2000usd-sex-doll","7":"product_cat-161cm-170cm-sex-dolls","8":"product_cat-male-sex-dolls","9":"product_cat-silicone-head-tpe-body","10":"tm-has-options","12":"first","13":"instock","14":"sale","15":"shipping-taxable","16":"purchasable","17":"product-type-simple","18":"col-xs-6 col-sm-4","19":"col-md-3 col-lg-3","20":"un-4-cols"},"yoast_head":"<!-- This site is optimized with the Yoast SEO Premium plugin v22.6 (Yoast SEO v22.9) - https:\/\/yoast.com\/wordpress\/plugins\/seo\/ -->\n<title>Gay Male Sex Dolls - Full Body Gay Male Sex Doll For Women<\/title>\n<meta name=\"description\" content=\"When it comes to gay male sex dolls, it is hard to ignore the soft and handsome faces, buy full body gay male sex doll for women\" \/>\n<meta name=\"robots\" content=\"index, follow, max-snippet:-1, max-image-preview:large, max-video-preview:-1\" \/>\n<link rel=\"canonical\" href=\"https:\/\/www.miisoo.com\/cs\/produkt\/full-body-gay-male-sex-dolls-for-women\/\" \/>\n<meta property=\"og:locale\" content=\"cs_CZ\" \/>\n<meta property=\"og:type\" content=\"article\" \/>\n<meta property=\"og:title\" content=\"Wesley - 173cm Full Body Gay Male Sex Dolls For Women\" \/>\n<meta property=\"og:description\" content=\"When it comes to gay male sex dolls, it is hard to ignore the soft and handsome faces, buy full body gay male sex doll for women\" \/>\n<meta property=\"og:url\" content=\"https:\/\/www.miisoo.com\/cs\/produkt\/full-body-gay-male-sex-dolls-for-women\/\" \/>\n<meta property=\"og:site_name\" content=\"MiisooDoll\" \/>\n<meta property=\"article:publisher\" content=\"https:\/\/www.facebook.com\/miisoodoll\" \/>\n<meta property=\"article:modified_time\" content=\"2022-11-18T03:45:03+00:00\" \/>\n<meta property=\"og:image\" content=\"https:\/\/www.miisoo.com\/wp-content\/uploads\/2022\/01\/male-sex-doll-pornhub-2219.jpg\" \/>\n\t<meta property=\"og:image:width\" content=\"600\" \/>\n\t<meta property=\"og:image:height\" content=\"900\" \/>\n\t<meta property=\"og:image:type\" content=\"image\/jpeg\" \/>\n<meta name=\"twitter:card\" content=\"summary_large_image\" \/>\n<meta name=\"twitter:site\" content=\"@MiisooSexDolls\" \/>\n<meta name=\"twitter:label1\" content=\"Odhadovan\u00e1 doba \u010dten\u00ed\" \/>\n\t<meta name=\"twitter:data1\" content=\"2 minuty\" \/>\n<!-- \/ Yoast SEO Premium plugin. -->","yoast_head_json":{"title":"Gay Male Sex Dolls - Full Body Gay Male Sex Doll For Women","description":"When it comes to gay male sex dolls, it is hard to ignore the soft and handsome faces, buy full body gay male sex doll for women","robots":{"index":"index","follow":"follow","max-snippet":"max-snippet:-1","max-image-preview":"max-image-preview:large","max-video-preview":"max-video-preview:-1"},"canonical":"https:\/\/www.miisoo.com\/cs\/produkt\/full-body-gay-male-sex-dolls-for-women\/","og_locale":"cs_CZ","og_type":"article","og_title":"Wesley - 173cm Full Body Gay Male Sex Dolls For Women","og_description":"When it comes to gay male sex dolls, it is hard to ignore the soft and handsome faces, buy full body gay male sex doll for women","og_url":"https:\/\/www.miisoo.com\/cs\/produkt\/full-body-gay-male-sex-dolls-for-women\/","og_site_name":"MiisooDoll","article_publisher":"https:\/\/www.facebook.com\/miisoodoll","article_modified_time":"2022-11-18T03:45:03+00:00","og_image":[{"width":600,"height":900,"url":"https:\/\/www.miisoo.com\/wp-content\/uploads\/2022\/01\/male-sex-doll-pornhub-2219.jpg","type":"image\/jpeg"}],"twitter_card":"summary_large_image","twitter_site":"@MiisooSexDolls","twitter_misc":{"Odhadovan\u00e1 doba \u010dten\u00ed":"2 minuty"},"schema":{"@context":"https:\/\/schema.org","@graph":[{"@type":"WebPage","@id":"https:\/\/www.miisoo.com\/product\/full-body-gay-male-sex-dolls-for-women\/","url":"https:\/\/www.miisoo.com\/product\/full-body-gay-male-sex-dolls-for-women\/","name":"Gay Male Sex Dolls - Full Body Gay Male Sex Doll For Women","isPartOf":{"@id":"https:\/\/www.miisoo.com\/#website"},"primaryImageOfPage":{"@id":"https:\/\/www.miisoo.com\/product\/full-body-gay-male-sex-dolls-for-women\/#primaryimage"},"image":{"@id":"https:\/\/www.miisoo.com\/product\/full-body-gay-male-sex-dolls-for-women\/#primaryimage"},"thumbnailUrl":"https:\/\/www.miisoo.com\/wp-content\/uploads\/2022\/01\/male-sex-doll-pornhub-2219.jpg","datePublished":"2022-01-05T11:24:00+00:00","dateModified":"2022-11-18T03:45:03+00:00","description":"When it comes to gay male sex dolls, it is hard to ignore the soft and handsome faces, buy full body gay male sex doll for women","breadcrumb":{"@id":"https:\/\/www.miisoo.com\/product\/full-body-gay-male-sex-dolls-for-women\/#breadcrumb"},"inLanguage":"cs","potentialAction":[{"@type":"ReadAction","target":["https:\/\/www.miisoo.com\/product\/full-body-gay-male-sex-dolls-for-women\/"]}]},{"@type":"ImageObject","inLanguage":"cs","@id":"https:\/\/www.miisoo.com\/product\/full-body-gay-male-sex-dolls-for-women\/#primaryimage","url":"https:\/\/www.miisoo.com\/wp-content\/uploads\/2022\/01\/male-sex-doll-pornhub-2219.jpg","contentUrl":"https:\/\/www.miisoo.com\/wp-content\/uploads\/2022\/01\/male-sex-doll-pornhub-2219.jpg","width":600,"height":900,"caption":"Wesley \u2013 173cm Full Body Gay Male Sex Dolls For Women"},{"@type":"BreadcrumbList","@id":"https:\/\/www.miisoo.com\/product\/full-body-gay-male-sex-dolls-for-women\/#breadcrumb","itemListElement":[{"@type":"ListItem","position":1,"name":"Home","item":"https:\/\/www.miisoo.com\/"},{"@type":"ListItem","position":2,"name":"Sex Doll Shop","item":"https:\/\/www.miisoo.com\/shop\/"},{"@type":"ListItem","position":3,"name":"Wesley &#8211; 173cm Full Body Gay Male Sex Dolls For Women"}]},{"@type":"WebSite","@id":"https:\/\/www.miisoo.com\/#website","url":"https:\/\/www.miisoo.com\/","name":"MiisooDoll","description":"Sexual Doll, Real Sex Dolls, Love Doll, Best Sex Dolls","publisher":{"@id":"https:\/\/www.miisoo.com\/#organization"},"potentialAction":[{"@type":"SearchAction","target":{"@type":"EntryPoint","urlTemplate":"https:\/\/www.miisoo.com\/?s={search_term_string}"},"query-input":"required name=search_term_string"}],"inLanguage":"cs"},{"@type":"Organization","@id":"https:\/\/www.miisoo.com\/#organization","name":"MiisooDoll","url":"https:\/\/www.miisoo.com\/","logo":{"@type":"ImageObject","inLanguage":"cs","@id":"https:\/\/www.miisoo.com\/#\/schema\/logo\/image\/","url":"https:\/\/www.miisoo.com\/wp-content\/uploads\/2020\/09\/logo-botton.png","contentUrl":"https:\/\/www.miisoo.com\/wp-content\/uploads\/2020\/09\/logo-botton.png","width":181,"height":42,"caption":"MiisooDoll"},"image":{"@id":"https:\/\/www.miisoo.com\/#\/schema\/logo\/image\/"},"sameAs":["https:\/\/www.facebook.com\/miisoodoll","https:\/\/x.com\/MiisooSexDolls"]}]}},"_links":{"self":[{"href":"https:\/\/www.miisoo.com\/cs\/wp-json\/wp\/v2\/product\/21073","targetHints":{"allow":["GET"]}}],"collection":[{"href":"https:\/\/www.miisoo.com\/cs\/wp-json\/wp\/v2\/product"}],"about":[{"href":"https:\/\/www.miisoo.com\/cs\/wp-json\/wp\/v2\/types\/product"}],"replies":[{"embeddable":true,"href":"https:\/\/www.miisoo.com\/cs\/wp-json\/wp\/v2\/comments?post=21073"}],"version-history":[{"count":6,"href":"https:\/\/www.miisoo.com\/cs\/wp-json\/wp\/v2\/product\/21073\/revisions"}],"predecessor-version":[{"id":21576,"href":"https:\/\/www.miisoo.com\/cs\/wp-json\/wp\/v2\/product\/21073\/revisions\/21576"}],"wp:featuredmedia":[{"embeddable":true,"href":"https:\/\/www.miisoo.com\/cs\/wp-json\/wp\/v2\/media\/21115"}],"wp:attachment":[{"href":"https:\/\/www.miisoo.com\/cs\/wp-json\/wp\/v2\/media?parent=21073"}],"wp:term":[{"taxonomy":"product_cat","embeddable":true,"href":"https:\/\/www.miisoo.com\/cs\/wp-json\/wp\/v2\/product_cat?post=21073"},{"taxonomy":"product_tag","embeddable":true,"href":"https:\/\/www.miisoo.com\/cs\/wp-json\/wp\/v2\/product_tag?post=21073"}],"curies":[{"name":"wp","href":"https:\/\/api.w.org\/{rel}","templated":true}]}}