{"id":19754,"date":"2021-11-30T13:50:59","date_gmt":"2021-11-30T05:50:59","guid":{"rendered":"https:\/\/www.miisoo.com\/?post_type=product&#038;p=19754"},"modified":"2023-02-09T15:16:45","modified_gmt":"2023-02-09T07:16:45","slug":"best-adult-real-look-alike-dolls","status":"publish","type":"product","link":"https:\/\/www.miisoo.com\/cs\/product\/best-adult-real-look-alike-dolls\/","title":{"rendered":"Jayme \u2013 170 cm Nejlep\u0161\u00ed skute\u010dn\u00e9 panenky pro dosp\u011bl\u00e9"},"content":{"rendered":"<p>Pouze ta nejlep\u0161\u00ed spole\u010dnost zab\u00fdvaj\u00edc\u00ed se sexu\u00e1ln\u00edmi panenkami vyr\u00e1b\u00ed vysoce hodnocen\u00e9 panenky, kter\u00e9 vypadaj\u00ed stejn\u011b jako pro dosp\u011bl\u00e9, jako je Jayme. To znamen\u00e1 <a href=\"https:\/\/www.miisoo.com\/cs\/produkt\/realistic-celebrity-look-alike-sex-doll\/\">m\u016f\u017ee\u0161 pouze<\/a> najd\u011bte tak skv\u011blou kvalitu na d\u016fv\u011bryhodn\u00e9 webov\u00e9 str\u00e1nce realdoll s tak dobrou sb\u00edrkou p\u0159irozen\u011b vypadaj\u00edc\u00edch a sexy silikonov\u00fdch panenek.<\/p>\n<p>Nejlep\u0161\u00ed prodejci sexu\u00e1ln\u00edch panenek nav\u00edc zaji\u0161\u0165uj\u00ed, \u017ee maj\u00ed tu nejlep\u0161\u00ed panenku l\u00e1sky se skv\u011blou kvalitou a realistick\u00fdmi funkcemi, jako je Jayme. D\u00edky sv\u00e9 skv\u011bl\u00e9 kvalit\u011b, n\u00e1dhern\u00e9mu vzhledu, sexy k\u0159ivk\u00e1m a hladk\u00e9mu a sexy t\u011blu v\u00e1m Jayme poskytne ten nejlep\u0161\u00ed fantasy z\u00e1\u017eitek s fantasy postavou dle va\u0161eho v\u00fdb\u011bru.<\/p>\n<p>Krom\u011b jej\u00edho vzhledu a super-sexy kost\u00fdmu m\u00e1 Jayme skv\u011bl\u00e9 t\u011blo <a href=\"https:\/\/www.sex.com\/search\/pics?query=soft+curvy\">m\u011bkk\u00e9 smysln\u00e9 k\u0159ivky<\/a>, sexy, \u0161\u0165avnat\u00e1 a energick\u00e1 prsa, sexy, k\u0159ivky upnut\u00fd zadek a realistick\u00e9 otvory, kter\u00fdmi si nacpete penis.<\/p>\n<p>Proto si m\u016f\u017eete b\u00fdt jisti, \u017ee budete dob\u0159e s\u00e1t, laskat, laskat a c\u00edtit jako panenky realistick\u00e1, \u0161\u0165avnat\u00e1 prsa, jej\u00ed n\u00e1dhern\u00fd zadek a jemn\u00e1 hladk\u00e1 poko\u017eka.<\/p>\n<p><span style=\"color: #000000; font-size: 16px; font-weight: 600;\">M\u011b\u0159en\u00ed<\/span><\/p>\n<table style=\"border-collapse: collapse; width: 456px; height: 655px;\" border=\"0\" width=\"382\" cellspacing=\"0\" cellpadding=\"0\">\n<tbody>\n<tr style=\"height: 24.95pt;\">\n<td class=\"et3\" style=\"height: 24.95pt; width: 122.25pt;\" width=\"163\" height=\"33\">Zna\u010dka<\/td>\n<td class=\"et3\" style=\"width: 164.25pt;\" width=\"219\">Panenka QITA<\/td>\n<\/tr>\n<tr style=\"height: 24.95pt;\">\n<td class=\"et4\" style=\"height: 24.95pt;\" height=\"33\">V\u00fd\u0161ka<\/td>\n<td class=\"et5\">170 cm<\/td>\n<\/tr>\n<tr style=\"height: 24.95pt;\">\n<td class=\"et4\" style=\"height: 24.95pt;\" height=\"33\">Hmotnost<\/td>\n<td class=\"et6\"><span class=\"font4\">4<\/span><span class=\"font4\">0 kg<\/span><\/td>\n<\/tr>\n<tr style=\"height: 24.95pt;\">\n<td class=\"et4\" style=\"height: 24.95pt;\" height=\"33\">poprs\u00ed<\/td>\n<td class=\"et6\">82 cm<\/td>\n<\/tr>\n<tr style=\"height: 24.95pt;\">\n<td class=\"et4\" style=\"height: 24.95pt;\" height=\"33\">Obvod pasu<\/td>\n<td class=\"et6\">54 cm<\/td>\n<\/tr>\n<tr style=\"height: 24.95pt;\">\n<td class=\"et4\" style=\"height: 24.95pt;\" height=\"33\">Obvod bok\u016f<\/td>\n<td class=\"et6\">90 cm<\/td>\n<\/tr>\n<tr style=\"height: 24.95pt;\">\n<td class=\"et4\" style=\"height: 24.95pt;\" height=\"33\">D\u00e9lka horn\u00ed \u010d\u00e1sti t\u011bla<\/td>\n<td class=\"et6\">60 cm<\/td>\n<\/tr>\n<tr style=\"height: 24.95pt;\">\n<td class=\"et4\" style=\"height: 24.95pt;\" height=\"33\">\u0160\u00ed\u0159ka ramen<\/td>\n<td class=\"et6\"><span class=\"font4\">3<\/span><span class=\"font4\">8 cm<\/span><\/td>\n<\/tr>\n<tr style=\"height: 24.95pt;\">\n<td class=\"et4\" style=\"height: 24.95pt;\" height=\"33\">D\u00e9lka pa\u017ee<\/td>\n<td class=\"et6\"><span class=\"font4\">5<\/span><span class=\"font4\">4 cm<\/span><\/td>\n<\/tr>\n<tr style=\"height: 24.95pt;\">\n<td class=\"et4\" style=\"height: 24.95pt;\" height=\"33\">D\u00e9lka Ruky<\/td>\n<td class=\"et6\"><span class=\"font4\">1<\/span><span class=\"font4\">6 cm<\/span><\/td>\n<\/tr>\n<tr style=\"height: 24.95pt;\">\n<td class=\"et4\" style=\"height: 24.95pt;\" height=\"33\">D\u00e9lka nohy<\/td>\n<td class=\"et6\"><span class=\"font4\">8<\/span><span class=\"font4\">2 cm<\/span><\/td>\n<\/tr>\n<tr style=\"height: 24.95pt;\">\n<td class=\"et7\" style=\"height: 24.95pt; width: 122.25pt;\" width=\"163\" height=\"33\">Hloubka \u00fast<\/td>\n<td class=\"et7\" style=\"width: 164.25pt;\" width=\"219\">N\/A<\/td>\n<\/tr>\n<tr style=\"height: 24.95pt;\">\n<td class=\"et7\" style=\"height: 24.95pt; width: 122.25pt;\" width=\"163\" height=\"33\">Hloubka vag\u00edny<\/td>\n<td class=\"et7\" style=\"width: 164.25pt;\" width=\"219\">17 cm<\/td>\n<\/tr>\n<tr style=\"height: 24.95pt;\">\n<td class=\"et7\" style=\"height: 24.95pt; width: 122.25pt;\" width=\"163\" height=\"33\">Hloubka kone\u010dn\u00edku<\/td>\n<td class=\"et7\" style=\"width: 164.25pt;\" width=\"219\">17 cm<\/td>\n<\/tr>\n<\/tbody>\n<\/table>\n\t\t<div data-elementor-type=\"section\" data-elementor-id=\"11434\" class=\"elementor elementor-11434\" data-elementor-post-type=\"elementor_library\">\n\t\t\t\t\t<section class=\"elementor-section elementor-top-section elementor-element elementor-element-286f660 elementor-section-boxed elementor-section-height-default elementor-section-height-default\" data-id=\"286f660\" data-element_type=\"section\">\n\t\t\t\t\t\t<div class=\"elementor-container elementor-column-gap-default\">\n\t\t\t\t\t<div class=\"elementor-column elementor-col-100 elementor-top-column elementor-element elementor-element-bbf2196\" data-id=\"bbf2196\" data-element_type=\"column\">\n\t\t\t<div class=\"elementor-widget-wrap elementor-element-populated\">\n\t\t\t\t\t\t<div class=\"elementor-element elementor-element-c50510a elementor-widget elementor-widget-text-editor\" data-id=\"c50510a\" data-element_type=\"widget\" data-widget_type=\"text-editor.default\">\n\t\t\t\t<div class=\"elementor-widget-container\">\n\t\t\t\t\t\t\t\t\t<h4><strong>Funkce:<\/strong><\/h4><p>\u2013 <span style=\"color: #ff9900;\"><strong>Hlava se silikonov\u00fdm materi\u00e1lem, t\u011blo s TPE materi\u00e1lem l\u00e9ka\u0159sk\u00e9 kvality<\/strong><\/span><br \/>\u2013 Odoln\u00e1 ocelov\u00e1 kostra s pohybliv\u00fdmi klouby pro mnoho \u00fa\u017easn\u00fdch sexu\u00e1ln\u00edch pozic<br \/>\u2013 Vagin\u00e1ln\u00ed, or\u00e1ln\u00ed a an\u00e1ln\u00ed schopnosti<br \/>\u2013 Mezin\u00e1rodn\u00ed doprava zdarma a diskr\u00e9tn\u00ed balen\u00ed<br \/>- Sexu\u00e1ln\u00ed panenka vy\u017eaduje 1~3 dny na v\u00fdrobu + 5~12 dn\u016f na odesl\u00e1n\u00ed<\/p><h4><span style=\"color: #000000; font-size: 18px; font-weight: bold;\">D\u00e1rky zdarma<\/span><\/h4><p>D\u00e1rky zdarma: 1x sexy spodn\u00ed pr\u00e1dlo, 1x rukavice, 1x h\u0159eben, 1x vagin\u00e1ln\u00ed oh\u0159\u00edva\u010d, 1x vagin\u00e1ln\u00ed irig\u00e1tor, 1x deka.<br \/><img fetchpriority=\"high\" decoding=\"async\" class=\"wp-image-4748 size-large alignnone\" src=\"https:\/\/miisoo.com\/wp-content\/uploads\/2013\/06\/Accessory-1024x155.jpg\" sizes=\"(max-width: 840px) 100vw, 840px\" srcset=\"https:\/\/cdn.miisoo.com\/wp-content\/uploads\/2013\/06\/Accessory-1024x155.jpg 1024w, https:\/\/cdn.miisoo.com\/wp-content\/uploads\/2013\/06\/Accessory-600x91.jpg 600w, https:\/\/cdn.miisoo.com\/wp-content\/uploads\/2013\/06\/Accessory-300x45.jpg 300w, https:\/\/cdn.miisoo.com\/wp-content\/uploads\/2013\/06\/Accessory-768x116.jpg 768w, https:\/\/cdn.miisoo.com\/wp-content\/uploads\/2013\/06\/Accessory-1536x232.jpg 1536w, https:\/\/cdn.miisoo.com\/wp-content\/uploads\/2013\/06\/Accessory-370x56.jpg 370w, https:\/\/cdn.miisoo.com\/wp-content\/uploads\/2013\/06\/Accessory.jpg 1616w\" alt=\"Renee \u2013 157cm huben\u00e1, tenk\u00e1, okouzluj\u00edc\u00ed teenagersk\u00e1 sexu\u00e1ln\u00ed panenka - MiisooDoll\" width=\"840\" height=\"127\" \/><\/p><p><strong>Z\u00e1ruka: Dostanete 100% stejn\u011b jako panenky s obr\u00e1zky.<\/strong><\/p>\t\t\t\t\t\t\t\t<\/div>\n\t\t\t\t<\/div>\n\t\t\t\t\t<\/div>\n\t\t<\/div>\n\t\t\t\t\t<\/div>\n\t\t<\/section>\n\t\t\t\t<\/div>","protected":false},"excerpt":{"rendered":"<div data-elementor-type=\"section\" data-elementor-id=\"11445\" class=\"elementor elementor-11445\" data-elementor-post-type=\"elementor_library\">\n<section class=\"elementor-section elementor-top-section elementor-element elementor-element-c1f38e4 elementor-section-boxed elementor-section-height-default elementor-section-height-default\" data-id=\"c1f38e4\" data-element_type=\"section\">\n<div class=\"elementor-container elementor-column-gap-default\">\n<div class=\"elementor-column elementor-col-100 elementor-top-column elementor-element elementor-element-07b250a\" data-id=\"07b250a\" data-element_type=\"column\">\n<div class=\"elementor-widget-wrap elementor-element-populated\">\n<div class=\"elementor-element elementor-element-c000e60 elementor-widget elementor-widget-text-editor\" data-id=\"c000e60\" data-element_type=\"widget\" data-widget_type=\"text-editor.default\">\n<div class=\"elementor-widget-container\">\n<ul>\n<li><span style=\"color: #ff9900;\"><strong>Hlava se silikonov\u00fdm materi\u00e1lem, t\u011blo s materi\u00e1lem TPE<\/strong><\/span><\/li>\n<li>Doprava zdarma po cel\u00e9m sv\u011bt\u011b, diskr\u00e9tn\u00ed doprava.<\/li>\n<li>100% Toto\u017en\u00e9 jako obr\u00e1zky, pokud nen\u00ed p\u0159izp\u016fsobeno.<\/li>\n<li>Ceny zahrnuj\u00ed. DPH a celn\u00ed poplatky<\/li>\n<li>Doru\u010den\u00ed k va\u0161im dve\u0159\u00edm za 7-15 pracovn\u00edch dn\u016f!<\/li>\n<\/ul><\/div>\n<\/p><\/div>\n<\/p><\/div>\n<\/p><\/div>\n<\/p><\/div>\n<\/section><\/div>\n<div data-elementor-type=\"section\" data-elementor-id=\"10473\" class=\"elementor elementor-10473\" data-elementor-post-type=\"elementor_library\">\n<section class=\"elementor-section elementor-top-section elementor-element elementor-element-03d9b2a elementor-section-boxed elementor-section-height-default elementor-section-height-default\" data-id=\"03d9b2a\" data-element_type=\"section\">\n<div class=\"elementor-container elementor-column-gap-default\">\n<div class=\"elementor-column elementor-col-100 elementor-top-column elementor-element elementor-element-5081c52\" data-id=\"5081c52\" data-element_type=\"column\">\n<div class=\"elementor-widget-wrap elementor-element-populated\">\n<div class=\"elementor-element elementor-element-d2c17df elementor-widget elementor-widget-martfury-banner-small\" data-id=\"d2c17df\" data-element_type=\"widget\" data-widget_type=\"martfury-banner-small.default\">\n<div class=\"elementor-widget-container\">\n<div class=\"mf-elementor-banner-small\">\n<div class=\"banner-featured-image\"><\/div>\n<p>\t\t\t                <a class=\"link\" href=\"https:\/\/mso.aidoll-japan.com\"><\/a><\/p>\n<div class=\"banner-content\">\n<h2 class=\"banner-title\">1500 mini panenek l\u00e1sky<\/p>\n<p>sexdollxxx. com<\/h2>\n<div class=\"banner-desc\">\n<p>60 cm, 80 cm, 100 cm,<\/p>\n<p>120 cm, 130 cm, 140 cm<\/p>\n<\/div>\n<div class=\"banner-price\"><span\n                                class=\"s-price\">sexdollxxx .com<\/span><\/div>\n<\/p><\/div>\n<\/p><\/div>\n<\/p><\/div>\n<\/p><\/div>\n<\/p><\/div>\n<\/p><\/div>\n<\/p><\/div>\n<\/section><\/div>","protected":false},"featured_media":19758,"comment_status":"open","ping_status":"closed","template":"","meta":[],"product_cat":[123,115,69,837,84,812,117,824,127],"product_tag":[],"class_list":{"0":"post-19754","1":"product","2":"type-product","3":"status-publish","4":"has-post-thumbnail","6":"product_brand-qita-doll","7":"product_cat-1000usd-1500usd-sex-dolls","8":"product_cat-161cm-170cm-sex-dolls","9":"product_cat-asian-sex-dolls","10":"product_cat-c-cup-sex-doll","11":"product_cat-petite-sex-dolls","12":"product_cat-love-doll","13":"product_cat-silicone-head-tpe-body","14":"product_cat-small-breast-sex-doll","15":"product_cat-teen-sex-doll","16":"tm-has-options","18":"first","19":"instock","20":"sale","21":"shipping-taxable","22":"purchasable","23":"product-type-simple","24":"col-xs-6 col-sm-4","25":"col-md-3 col-lg-3","26":"un-4-cols"},"yoast_head":"<!-- This site is optimized with the Yoast SEO Premium plugin v22.6 (Yoast SEO v22.9) - https:\/\/yoast.com\/wordpress\/plugins\/seo\/ -->\n<title>Real Look-Alike Dolls | Best Adult Real Look-Alike Dolls for Sale | MiisooDoll<\/title>\n<meta name=\"description\" content=\"Shop 170cm Best Adult Real Look Alike Dolls online at Miisoo. We have big booty sex dolls that are mostly the choice of every person because of their figure. Buy now!\" \/>\n<meta name=\"robots\" content=\"index, follow, max-snippet:-1, max-image-preview:large, max-video-preview:-1\" \/>\n<link rel=\"canonical\" href=\"https:\/\/www.miisoo.com\/cs\/produkt\/best-adult-real-look-alike-dolls\/\" \/>\n<meta property=\"og:locale\" content=\"cs_CZ\" \/>\n<meta property=\"og:type\" content=\"article\" \/>\n<meta property=\"og:title\" content=\"Jayme - 170cm Best Adult Real Look Alike Dolls\" \/>\n<meta property=\"og:description\" content=\"Shop 170cm Best Adult Real Look Alike Dolls online at Miisoo. We have big booty sex dolls that are mostly the choice of every person because of their figure. Buy now!\" \/>\n<meta property=\"og:url\" content=\"https:\/\/www.miisoo.com\/cs\/produkt\/best-adult-real-look-alike-dolls\/\" \/>\n<meta property=\"og:site_name\" content=\"MiisooDoll\" \/>\n<meta property=\"article:publisher\" content=\"https:\/\/www.facebook.com\/miisoodoll\" \/>\n<meta property=\"article:modified_time\" content=\"2023-02-09T07:16:45+00:00\" \/>\n<meta property=\"og:image\" content=\"https:\/\/www.miisoo.com\/wp-content\/uploads\/2021\/11\/best-love-doll-555.jpg\" \/>\n\t<meta property=\"og:image:width\" content=\"600\" \/>\n\t<meta property=\"og:image:height\" content=\"900\" \/>\n\t<meta property=\"og:image:type\" content=\"image\/jpeg\" \/>\n<meta name=\"twitter:card\" content=\"summary_large_image\" \/>\n<meta name=\"twitter:site\" content=\"@MiisooSexDolls\" \/>\n<meta name=\"twitter:label1\" content=\"Odhadovan\u00e1 doba \u010dten\u00ed\" \/>\n\t<meta name=\"twitter:data1\" content=\"1 minuta\" \/>\n<!-- \/ Yoast SEO Premium plugin. -->","yoast_head_json":{"title":"Real Look-Alike Dolls | Best Adult Real Look-Alike Dolls for Sale | MiisooDoll","description":"Shop 170cm Best Adult Real Look Alike Dolls online at Miisoo. We have big booty sex dolls that are mostly the choice of every person because of their figure. Buy now!","robots":{"index":"index","follow":"follow","max-snippet":"max-snippet:-1","max-image-preview":"max-image-preview:large","max-video-preview":"max-video-preview:-1"},"canonical":"https:\/\/www.miisoo.com\/cs\/produkt\/best-adult-real-look-alike-dolls\/","og_locale":"cs_CZ","og_type":"article","og_title":"Jayme - 170cm Best Adult Real Look Alike Dolls","og_description":"Shop 170cm Best Adult Real Look Alike Dolls online at Miisoo. We have big booty sex dolls that are mostly the choice of every person because of their figure. Buy now!","og_url":"https:\/\/www.miisoo.com\/cs\/produkt\/best-adult-real-look-alike-dolls\/","og_site_name":"MiisooDoll","article_publisher":"https:\/\/www.facebook.com\/miisoodoll","article_modified_time":"2023-02-09T07:16:45+00:00","og_image":[{"width":600,"height":900,"url":"https:\/\/www.miisoo.com\/wp-content\/uploads\/2021\/11\/best-love-doll-555.jpg","type":"image\/jpeg"}],"twitter_card":"summary_large_image","twitter_site":"@MiisooSexDolls","twitter_misc":{"Odhadovan\u00e1 doba \u010dten\u00ed":"1 minuta"},"schema":{"@context":"https:\/\/schema.org","@graph":[{"@type":"WebPage","@id":"https:\/\/www.miisoo.com\/product\/best-adult-real-look-alike-dolls\/","url":"https:\/\/www.miisoo.com\/product\/best-adult-real-look-alike-dolls\/","name":"Real Look-Alike Dolls | Best Adult Real Look-Alike Dolls for Sale | MiisooDoll","isPartOf":{"@id":"https:\/\/www.miisoo.com\/#website"},"primaryImageOfPage":{"@id":"https:\/\/www.miisoo.com\/product\/best-adult-real-look-alike-dolls\/#primaryimage"},"image":{"@id":"https:\/\/www.miisoo.com\/product\/best-adult-real-look-alike-dolls\/#primaryimage"},"thumbnailUrl":"https:\/\/www.miisoo.com\/wp-content\/uploads\/2021\/11\/best-love-doll-555.jpg","datePublished":"2021-11-30T05:50:59+00:00","dateModified":"2023-02-09T07:16:45+00:00","description":"Shop 170cm Best Adult Real Look Alike Dolls online at Miisoo. We have big booty sex dolls that are mostly the choice of every person because of their figure. Buy now!","breadcrumb":{"@id":"https:\/\/www.miisoo.com\/product\/best-adult-real-look-alike-dolls\/#breadcrumb"},"inLanguage":"cs","potentialAction":[{"@type":"ReadAction","target":["https:\/\/www.miisoo.com\/product\/best-adult-real-look-alike-dolls\/"]}]},{"@type":"ImageObject","inLanguage":"cs","@id":"https:\/\/www.miisoo.com\/product\/best-adult-real-look-alike-dolls\/#primaryimage","url":"https:\/\/www.miisoo.com\/wp-content\/uploads\/2021\/11\/best-love-doll-555.jpg","contentUrl":"https:\/\/www.miisoo.com\/wp-content\/uploads\/2021\/11\/best-love-doll-555.jpg","width":600,"height":900,"caption":"Jayme \u2013 170cm Best Adult Real Look Alike Dolls"},{"@type":"BreadcrumbList","@id":"https:\/\/www.miisoo.com\/product\/best-adult-real-look-alike-dolls\/#breadcrumb","itemListElement":[{"@type":"ListItem","position":1,"name":"Home","item":"https:\/\/www.miisoo.com\/"},{"@type":"ListItem","position":2,"name":"Sex Doll Shop","item":"https:\/\/www.miisoo.com\/shop\/"},{"@type":"ListItem","position":3,"name":"Jayme &#8211; 170cm Best Adult Real Look Alike Dolls"}]},{"@type":"WebSite","@id":"https:\/\/www.miisoo.com\/#website","url":"https:\/\/www.miisoo.com\/","name":"MiisooDoll","description":"Sexual Doll, Real Sex Dolls, Love Doll, Best Sex Dolls","publisher":{"@id":"https:\/\/www.miisoo.com\/#organization"},"potentialAction":[{"@type":"SearchAction","target":{"@type":"EntryPoint","urlTemplate":"https:\/\/www.miisoo.com\/?s={search_term_string}"},"query-input":"required name=search_term_string"}],"inLanguage":"cs"},{"@type":"Organization","@id":"https:\/\/www.miisoo.com\/#organization","name":"MiisooDoll","url":"https:\/\/www.miisoo.com\/","logo":{"@type":"ImageObject","inLanguage":"cs","@id":"https:\/\/www.miisoo.com\/#\/schema\/logo\/image\/","url":"https:\/\/www.miisoo.com\/wp-content\/uploads\/2020\/09\/logo-botton.png","contentUrl":"https:\/\/www.miisoo.com\/wp-content\/uploads\/2020\/09\/logo-botton.png","width":181,"height":42,"caption":"MiisooDoll"},"image":{"@id":"https:\/\/www.miisoo.com\/#\/schema\/logo\/image\/"},"sameAs":["https:\/\/www.facebook.com\/miisoodoll","https:\/\/x.com\/MiisooSexDolls"]}]}},"_links":{"self":[{"href":"https:\/\/www.miisoo.com\/cs\/wp-json\/wp\/v2\/product\/19754","targetHints":{"allow":["GET"]}}],"collection":[{"href":"https:\/\/www.miisoo.com\/cs\/wp-json\/wp\/v2\/product"}],"about":[{"href":"https:\/\/www.miisoo.com\/cs\/wp-json\/wp\/v2\/types\/product"}],"replies":[{"embeddable":true,"href":"https:\/\/www.miisoo.com\/cs\/wp-json\/wp\/v2\/comments?post=19754"}],"version-history":[{"count":6,"href":"https:\/\/www.miisoo.com\/cs\/wp-json\/wp\/v2\/product\/19754\/revisions"}],"predecessor-version":[{"id":20747,"href":"https:\/\/www.miisoo.com\/cs\/wp-json\/wp\/v2\/product\/19754\/revisions\/20747"}],"wp:featuredmedia":[{"embeddable":true,"href":"https:\/\/www.miisoo.com\/cs\/wp-json\/wp\/v2\/media\/19758"}],"wp:attachment":[{"href":"https:\/\/www.miisoo.com\/cs\/wp-json\/wp\/v2\/media?parent=19754"}],"wp:term":[{"taxonomy":"product_cat","embeddable":true,"href":"https:\/\/www.miisoo.com\/cs\/wp-json\/wp\/v2\/product_cat?post=19754"},{"taxonomy":"product_tag","embeddable":true,"href":"https:\/\/www.miisoo.com\/cs\/wp-json\/wp\/v2\/product_tag?post=19754"}],"curies":[{"name":"wp","href":"https:\/\/api.w.org\/{rel}","templated":true}]}}