{"id":6199,"date":"2020-11-10T21:28:52","date_gmt":"2020-11-10T13:28:52","guid":{"rendered":"https:\/\/www.miisoo.com\/?page_id=6199"},"modified":"2025-05-07T15:04:48","modified_gmt":"2025-05-07T07:04:48","slug":"sex-doll-affiliate-program","status":"publish","type":"page","link":"https:\/\/www.miisoo.com\/cs\/sex-doll-affiliate-program\/","title":{"rendered":"Sex Doll Partnersk\u00fd program"},"content":{"rendered":"<div data-elementor-type=\"wp-page\" data-elementor-id=\"6199\" class=\"elementor elementor-6199\" data-elementor-post-type=\"page\">\n\t\t\t\t\t\t<section class=\"elementor-section elementor-top-section elementor-element elementor-element-c76458e elementor-section-boxed elementor-section-height-default elementor-section-height-default\" data-id=\"c76458e\" data-element_type=\"section\">\n\t\t\t\t\t\t<div class=\"elementor-container elementor-column-gap-default\">\n\t\t\t\t\t<div class=\"elementor-column elementor-col-25 elementor-top-column elementor-element elementor-element-8b5e8e1\" data-id=\"8b5e8e1\" data-element_type=\"column\">\n\t\t\t<div class=\"elementor-widget-wrap\">\n\t\t\t\t\t\t\t<\/div>\n\t\t<\/div>\n\t\t\t\t<div class=\"elementor-column elementor-col-50 elementor-top-column elementor-element elementor-element-5afa608\" data-id=\"5afa608\" data-element_type=\"column\">\n\t\t\t<div class=\"elementor-widget-wrap elementor-element-populated\">\n\t\t\t\t\t\t<div class=\"elementor-element elementor-element-1111958 elementor-widget elementor-widget-text-editor\" data-id=\"1111958\" data-element_type=\"widget\" data-widget_type=\"text-editor.default\">\n\t\t\t\t<div class=\"elementor-widget-container\">\n\t\t\t\t\t\t\t\t\t<p>Sexu\u00e1ln\u00ed panenky a sexu\u00e1ln\u00ed hra\u010dky jsou jedn\u00edm z nejziskov\u011bj\u0161\u00edch odv\u011btv\u00ed na internetu. N\u00e1\u0161 partnersk\u00fd program Sex Dolls v\u00e1m poskytuje zp\u016fsob, jak vyd\u011blat pen\u00edze nav\u00edc, a toto odv\u011btv\u00ed prudce roste. Pokud m\u00e1te web pro dosp\u011bl\u00e9, blog, influencery nebo cokoli jin\u00e9ho, co by mohlo propagovat na\u0161i webovou str\u00e1nku o sexu panenk\u00e1ch, m\u016f\u017eete z\u00edskat vysok\u00e9 provize z odes\u00edl\u00e1n\u00ed n\u00e1v\u0161t\u011bvnosti na na\u0161e webov\u00e9 str\u00e1nky. Na\u0161e affiliate platforma je tak\u00e9 u\u017eivatelsky p\u0159\u00edv\u011btiv\u00e1 a na\u0161i zam\u011bstnanci v\u00e1m pomohou s nastaven\u00edm.\u00a0<\/p><p>P\u0159e\u010dt\u011bte si n\u00ed\u017ee uveden\u00e9 informace a zaregistrujte se do na\u0161eho partnersk\u00e9ho programu.<\/p><p><a href=\"https:\/\/miisoodoll.goaffpro.com\/\">https:\/\/miisoodoll.goaffpro.com\/<\/a><\/p>\t\t\t\t\t\t\t\t<\/div>\n\t\t\t\t<\/div>\n\t\t\t\t<div class=\"elementor-element elementor-element-4f77285 elementor-widget elementor-widget-text-editor\" data-id=\"4f77285\" data-element_type=\"widget\" data-widget_type=\"text-editor.default\">\n\t\t\t\t<div class=\"elementor-widget-container\">\n\t\t\t\t\t\t\t\t\t<h3><strong>Kolik si m\u016f\u017eete vyd\u011blat jako affiliate partner?<\/strong><\/h3><p>Na\u0161i affiliate partne\u0159i vyd\u011bl\u00e1vaj\u00ed<span style=\"text-decoration: underline;\"> 8%<\/span> provizi za ka\u017ed\u00fd prodej generovan\u00fd jejich doporu\u010den\u00edmi. Vzhledem k tomu, \u017ee na\u0161e panenky jsou velkoobchodn\u00ed ceny a prod\u00e1vaj\u00ed se v tov\u00e1rn\u00edch prodejn\u00e1ch, co\u017e jsou nejkonkurenceschopn\u011bj\u0161\u00ed produkty v oboru, m\u00e1 MiisooDoll vy\u0161\u0161\u00ed m\u00edru konverze objedn\u00e1vek. Nikdy nedovol\u00edme, aby se na\u0161e produkty prod\u00e1valy za vysok\u00e9 ceny. N\u00e1\u0161 zisk d\u00e1me na\u0161im kupuj\u00edc\u00edm. Pokud se produkty prod\u00e1vaj\u00ed za vysokou cenu, i kdy\u017e affiliate \u010dlen m\u016f\u017ee z\u00edskat vysokou provizi, je to chov\u00e1n\u00ed, kter\u00e9 klame spot\u0159ebitele. Celkov\u011b tyto vysok\u00e9 ceny produkt\u016f povedou tak\u00e9 k n\u00edzk\u00e9 m\u00ed\u0159e konverze objedn\u00e1vek. Dr\u017e\u00edme se 15% hrub\u00e9ho zisku pro sebe a 8% zisku pro na\u0161e affiliate partnery.<\/p><p>P\u0159\u00edklad provize: Na\u0161e nejprod\u00e1van\u011bj\u0161\u00ed panenka Vada m\u00e1 hodnotu $1466. Na\u0161i affiliate partne\u0159i vyd\u011blaj\u00ed $117,28 poka\u017ed\u00e9, kdy\u017e si ji jeden z jejich doporu\u010den\u00fdch z\u00e1kazn\u00edk\u016f koup\u00ed. ($1466 X 0,08 = $117,28)<\/p>\t\t\t\t\t\t\t\t<\/div>\n\t\t\t\t<\/div>\n\t\t\t\t<div class=\"elementor-element elementor-element-1c6a6f3 elementor-widget elementor-widget-text-editor\" data-id=\"1c6a6f3\" data-element_type=\"widget\" data-widget_type=\"text-editor.default\">\n\t\t\t\t<div class=\"elementor-widget-container\">\n\t\t\t\t\t\t\t\t\t<h3><strong>Jak to funguje?<\/strong><\/h3><p>\u2013 Zaregistrujte se jako affiliate partner MIISOO SEXDOLL.<\/p><p><a href=\"https:\/\/miisoodoll.goaffpro.com\/create-account\">https:\/\/miisoodoll.goaffpro.com\/create-account<\/a><\/p><p>\u2013 Um\u00edst\u011bte svou p\u0159idru\u017eenou adresu URL na sv\u016fj web.<\/p><p>\u2013 Kdy\u017e u\u017eivatel klikne na miisoo.com a provede n\u00e1kup, automaticky z\u00edsk\u00e1te z prodeje 8%.<\/p><p>\u2013 Kdykoli se p\u0159ihlaste do sv\u00e9ho panelu affiliate partner, abyste mohli sledovat kliknut\u00ed, konverze a v\u00fdd\u011blky.<\/p><p>\u2013 V\u00fdplaty budou provedeny p\u0159es paypal, jakmile bude dosa\u017eeno prahov\u00e9 hodnoty $300.00.<\/p>\t\t\t\t\t\t\t\t<\/div>\n\t\t\t\t<\/div>\n\t\t\t\t<div class=\"elementor-element elementor-element-46b4b24 elementor-widget elementor-widget-text-editor\" data-id=\"46b4b24\" data-element_type=\"widget\" data-widget_type=\"text-editor.default\">\n\t\t\t\t<div class=\"elementor-widget-container\">\n\t\t\t\t\t\t\t\t\t<h3><strong>Jak se st\u00e1t affiliate partnerem?<\/strong><\/h3><div class=\"accordion-inner\"><p>Pokud nejste affiliate, ale chcete se j\u00edm st\u00e1t, pros\u00edm <a href=\"https:\/\/miisoodoll.goaffpro.com\/create-account\">Registrujte se zde<\/a>. r\u00e1di bychom v\u00e1s m\u011bli na palub\u011b. Po schv\u00e1len\u00ed v\u00e1m za\u0161leme personalizovanou adresu URL.  Je d\u016fle\u017eit\u00e9, abyste pou\u017eili tuto adresu URL, abychom mohli zp\u011btn\u011b vysledovat prodeje k va\u0161emu \u00fa\u010dtu a vypl\u00e1cet va\u0161e provize.<\/p><p>Pokud jste st\u00e1vaj\u00edc\u00edm partnerem, p\u0159ihlaste se pros\u00edm pro p\u0159\u00edstup k ovl\u00e1dac\u00edmu panelu.<\/p><p><a href=\"https:\/\/miisoodoll.goaffpro.com\/login\">https:\/\/miisoodoll.goaffpro.com\/login<\/a><\/p><\/div>\t\t\t\t\t\t\t\t<\/div>\n\t\t\t\t<\/div>\n\t\t\t\t\t<\/div>\n\t\t<\/div>\n\t\t\t\t<div class=\"elementor-column elementor-col-25 elementor-top-column elementor-element elementor-element-df603f8\" data-id=\"df603f8\" data-element_type=\"column\">\n\t\t\t<div class=\"elementor-widget-wrap\">\n\t\t\t\t\t\t\t<\/div>\n\t\t<\/div>\n\t\t\t\t\t<\/div>\n\t\t<\/section>\n\t\t\t\t<\/div>","protected":false},"excerpt":{"rendered":"<p>Adult sex dolls and sex toys are one of the most profitable industry on the internet. Our Sex Dolls Affiliate Program gives you a way to make extra money and this industry is growing explosively. If you have an adult related website, blog, influencers or anything else that could promote our sex dolls website, you&hellip;<\/p>","protected":false},"author":455,"featured_media":0,"parent":0,"menu_order":0,"comment_status":"closed","ping_status":"open","template":"","meta":{"footnotes":""},"class_list":["post-6199","page","type-page","status-publish","hentry"],"yoast_head":"<!-- This site is optimized with the Yoast SEO Premium plugin v22.6 (Yoast SEO v22.9) - https:\/\/yoast.com\/wordpress\/plugins\/seo\/ -->\n<title>Become a Partner in the Sex Doll Affiliate Program | MiisooDoll<\/title>\n<meta name=\"description\" content=\"Miisoo Sex Dolls Affiliate Program gives you a way to make extra money, this industry is growing fast. you can earn high commissions revenue\" \/>\n<meta name=\"robots\" content=\"index, follow, max-snippet:-1, max-image-preview:large, max-video-preview:-1\" \/>\n<link rel=\"canonical\" href=\"https:\/\/www.miisoo.com\/cs\/sex-doll-affiliate-program\/\" \/>\n<meta property=\"og:locale\" content=\"cs_CZ\" \/>\n<meta property=\"og:type\" content=\"article\" \/>\n<meta property=\"og:title\" content=\"Sex Doll Affiliate Program\" \/>\n<meta property=\"og:description\" content=\"Miisoo Sex Dolls Affiliate Program gives you a way to make extra money, this industry is growing fast. you can earn high commissions revenue\" \/>\n<meta property=\"og:url\" content=\"https:\/\/www.miisoo.com\/cs\/sex-doll-affiliate-program\/\" \/>\n<meta property=\"og:site_name\" content=\"MiisooDoll\" \/>\n<meta property=\"article:publisher\" content=\"https:\/\/www.facebook.com\/miisoodoll\" \/>\n<meta property=\"article:modified_time\" content=\"2025-05-07T07:04:48+00:00\" \/>\n<meta name=\"twitter:card\" content=\"summary_large_image\" \/>\n<meta name=\"twitter:site\" content=\"@MiisooSexDolls\" \/>\n<meta name=\"twitter:label1\" content=\"Odhadovan\u00e1 doba \u010dten\u00ed\" \/>\n\t<meta name=\"twitter:data1\" content=\"2 minuty\" \/>\n<!-- \/ Yoast SEO Premium plugin. -->","yoast_head_json":{"title":"Become a Partner in the Sex Doll Affiliate Program | MiisooDoll","description":"Miisoo Sex Dolls Affiliate Program gives you a way to make extra money, this industry is growing fast. you can earn high commissions revenue","robots":{"index":"index","follow":"follow","max-snippet":"max-snippet:-1","max-image-preview":"max-image-preview:large","max-video-preview":"max-video-preview:-1"},"canonical":"https:\/\/www.miisoo.com\/cs\/sex-doll-affiliate-program\/","og_locale":"cs_CZ","og_type":"article","og_title":"Sex Doll Affiliate Program","og_description":"Miisoo Sex Dolls Affiliate Program gives you a way to make extra money, this industry is growing fast. you can earn high commissions revenue","og_url":"https:\/\/www.miisoo.com\/cs\/sex-doll-affiliate-program\/","og_site_name":"MiisooDoll","article_publisher":"https:\/\/www.facebook.com\/miisoodoll","article_modified_time":"2025-05-07T07:04:48+00:00","twitter_card":"summary_large_image","twitter_site":"@MiisooSexDolls","twitter_misc":{"Odhadovan\u00e1 doba \u010dten\u00ed":"2 minuty"},"schema":{"@context":"https:\/\/schema.org","@graph":[{"@type":"WebPage","@id":"https:\/\/www.miisoo.com\/sex-doll-affiliate-program\/","url":"https:\/\/www.miisoo.com\/sex-doll-affiliate-program\/","name":"Become a Partner in the Sex Doll Affiliate Program | MiisooDoll","isPartOf":{"@id":"https:\/\/www.miisoo.com\/#website"},"datePublished":"2020-11-10T13:28:52+00:00","dateModified":"2025-05-07T07:04:48+00:00","description":"Miisoo Sex Dolls Affiliate Program gives you a way to make extra money, this industry is growing fast. you can earn high commissions revenue","breadcrumb":{"@id":"https:\/\/www.miisoo.com\/sex-doll-affiliate-program\/#breadcrumb"},"inLanguage":"cs","potentialAction":[{"@type":"ReadAction","target":["https:\/\/www.miisoo.com\/sex-doll-affiliate-program\/"]}]},{"@type":"BreadcrumbList","@id":"https:\/\/www.miisoo.com\/sex-doll-affiliate-program\/#breadcrumb","itemListElement":[{"@type":"ListItem","position":1,"name":"Home","item":"https:\/\/www.miisoo.com\/"},{"@type":"ListItem","position":2,"name":"Sex Doll Affiliate Program"}]},{"@type":"WebSite","@id":"https:\/\/www.miisoo.com\/#website","url":"https:\/\/www.miisoo.com\/","name":"MiisooDoll","description":"Sexual Doll, Real Sex Dolls, Love Doll, Best Sex Dolls","publisher":{"@id":"https:\/\/www.miisoo.com\/#organization"},"potentialAction":[{"@type":"SearchAction","target":{"@type":"EntryPoint","urlTemplate":"https:\/\/www.miisoo.com\/?s={search_term_string}"},"query-input":"required name=search_term_string"}],"inLanguage":"cs"},{"@type":"Organization","@id":"https:\/\/www.miisoo.com\/#organization","name":"MiisooDoll","url":"https:\/\/www.miisoo.com\/","logo":{"@type":"ImageObject","inLanguage":"cs","@id":"https:\/\/www.miisoo.com\/#\/schema\/logo\/image\/","url":"https:\/\/www.miisoo.com\/wp-content\/uploads\/2020\/09\/logo-botton.png","contentUrl":"https:\/\/www.miisoo.com\/wp-content\/uploads\/2020\/09\/logo-botton.png","width":181,"height":42,"caption":"MiisooDoll"},"image":{"@id":"https:\/\/www.miisoo.com\/#\/schema\/logo\/image\/"},"sameAs":["https:\/\/www.facebook.com\/miisoodoll","https:\/\/x.com\/MiisooSexDolls"]}]}},"_links":{"self":[{"href":"https:\/\/www.miisoo.com\/cs\/wp-json\/wp\/v2\/pages\/6199","targetHints":{"allow":["GET"]}}],"collection":[{"href":"https:\/\/www.miisoo.com\/cs\/wp-json\/wp\/v2\/pages"}],"about":[{"href":"https:\/\/www.miisoo.com\/cs\/wp-json\/wp\/v2\/types\/page"}],"author":[{"embeddable":true,"href":"https:\/\/www.miisoo.com\/cs\/wp-json\/wp\/v2\/users\/455"}],"replies":[{"embeddable":true,"href":"https:\/\/www.miisoo.com\/cs\/wp-json\/wp\/v2\/comments?post=6199"}],"version-history":[{"count":12,"href":"https:\/\/www.miisoo.com\/cs\/wp-json\/wp\/v2\/pages\/6199\/revisions"}],"predecessor-version":[{"id":49126,"href":"https:\/\/www.miisoo.com\/cs\/wp-json\/wp\/v2\/pages\/6199\/revisions\/49126"}],"wp:attachment":[{"href":"https:\/\/www.miisoo.com\/cs\/wp-json\/wp\/v2\/media?parent=6199"}],"curies":[{"name":"wp","href":"https:\/\/api.w.org\/{rel}","templated":true}]}}