{"id":4328,"date":"2020-09-14T11:57:34","date_gmt":"2020-09-14T03:57:34","guid":{"rendered":"http:\/\/miisoo.com\/?page_id=4328"},"modified":"2023-12-22T20:03:50","modified_gmt":"2023-12-22T12:03:50","slug":"buyers-protection-guarantee","status":"publish","type":"page","link":"https:\/\/www.miisoo.com\/cs\/buyers-protection-guarantee\/","title":{"rendered":"Z\u00e1ruka ochrany kupuj\u00edc\u00edch"},"content":{"rendered":"<div data-elementor-type=\"wp-post\" data-elementor-id=\"4328\" class=\"elementor elementor-4328\" data-elementor-post-type=\"page\">\n\t\t\t\t\t\t<section class=\"elementor-section elementor-top-section elementor-element elementor-element-499101e2 elementor-section-full_width elementor-section-stretched elementor-section-height-default elementor-section-height-default\" data-id=\"499101e2\" data-element_type=\"section\" data-settings=\"{&quot;stretch_section&quot;:&quot;section-stretched&quot;}\">\n\t\t\t\t\t\t<div class=\"elementor-container elementor-column-gap-no\">\n\t\t\t\t\t<div class=\"elementor-column elementor-col-100 elementor-top-column elementor-element elementor-element-3ca9cf60\" data-id=\"3ca9cf60\" data-element_type=\"column\">\n\t\t\t<div class=\"elementor-widget-wrap elementor-element-populated\">\n\t\t\t\t\t\t<div class=\"elementor-element elementor-element-54251667 elementor-widget elementor-widget-image\" data-id=\"54251667\" data-element_type=\"widget\" data-widget_type=\"image.default\">\n\t\t\t\t<div class=\"elementor-widget-container\">\n\t\t\t\t\t\t\t\t\t\t\t\t\t\t\t<img fetchpriority=\"high\" decoding=\"async\" width=\"1536\" height=\"480\" src=\"https:\/\/www.miisoo.com\/wp-content\/uploads\/2020\/12\/banner-sex-doll-1.jpg\" class=\"attachment-full size-full wp-image-7398\" alt=\"\" srcset=\"https:\/\/www.miisoo.com\/wp-content\/uploads\/2020\/12\/banner-sex-doll-1.jpg 1536w, https:\/\/www.miisoo.com\/wp-content\/uploads\/2020\/12\/banner-sex-doll-1-300x94.jpg 300w, https:\/\/www.miisoo.com\/wp-content\/uploads\/2020\/12\/banner-sex-doll-1-1024x320.jpg 1024w, https:\/\/www.miisoo.com\/wp-content\/uploads\/2020\/12\/banner-sex-doll-1-768x240.jpg 768w, https:\/\/www.miisoo.com\/wp-content\/uploads\/2020\/12\/banner-sex-doll-1-370x116.jpg 370w, https:\/\/www.miisoo.com\/wp-content\/uploads\/2020\/12\/banner-sex-doll-1-600x188.jpg 600w\" sizes=\"(max-width: 1536px) 100vw, 1536px\" \/>\t\t\t\t\t\t\t\t\t\t\t\t\t\t\t<\/div>\n\t\t\t\t<\/div>\n\t\t\t\t<div class=\"elementor-element elementor-element-a61e060 elementor-widget elementor-widget-spacer\" data-id=\"a61e060\" data-element_type=\"widget\" data-widget_type=\"spacer.default\">\n\t\t\t\t<div class=\"elementor-widget-container\">\n\t\t\t\t\t\t\t<div class=\"elementor-spacer\">\n\t\t\t<div class=\"elementor-spacer-inner\"><\/div>\n\t\t<\/div>\n\t\t\t\t\t\t<\/div>\n\t\t\t\t<\/div>\n\t\t\t\t\t<\/div>\n\t\t<\/div>\n\t\t\t\t\t<\/div>\n\t\t<\/section>\n\t\t\t\t<section class=\"elementor-section elementor-top-section elementor-element elementor-element-3ff6745a elementor-section-boxed elementor-section-height-default elementor-section-height-default\" data-id=\"3ff6745a\" data-element_type=\"section\">\n\t\t\t\t\t\t<div class=\"elementor-container elementor-column-gap-extended\">\n\t\t\t\t\t<div class=\"elementor-column elementor-col-33 elementor-top-column elementor-element elementor-element-5847672a\" data-id=\"5847672a\" data-element_type=\"column\">\n\t\t\t<div class=\"elementor-widget-wrap\">\n\t\t\t\t\t\t\t<\/div>\n\t\t<\/div>\n\t\t\t\t<div class=\"elementor-column elementor-col-33 elementor-top-column elementor-element elementor-element-31cd9c6a\" data-id=\"31cd9c6a\" data-element_type=\"column\">\n\t\t\t<div class=\"elementor-widget-wrap elementor-element-populated\">\n\t\t\t\t\t\t<div class=\"elementor-element elementor-element-4596bb93 elementor-widget elementor-widget-heading\" data-id=\"4596bb93\" data-element_type=\"widget\" data-widget_type=\"heading.default\">\n\t\t\t\t<div class=\"elementor-widget-container\">\n\t\t\t\t\t<h1 class=\"elementor-heading-title elementor-size-default\">Z\u00e1ruka ochrany kupuj\u00edc\u00edch<\/h1>\t\t\t\t<\/div>\n\t\t\t\t<\/div>\n\t\t\t\t<div class=\"elementor-element elementor-element-24950485 elementor-widget elementor-widget-spacer\" data-id=\"24950485\" data-element_type=\"widget\" data-widget_type=\"spacer.default\">\n\t\t\t\t<div class=\"elementor-widget-container\">\n\t\t\t\t\t\t\t<div class=\"elementor-spacer\">\n\t\t\t<div class=\"elementor-spacer-inner\"><\/div>\n\t\t<\/div>\n\t\t\t\t\t\t<\/div>\n\t\t\t\t<\/div>\n\t\t\t\t<div class=\"elementor-element elementor-element-ac8375b elementor-widget elementor-widget-heading\" data-id=\"ac8375b\" data-element_type=\"widget\" data-widget_type=\"heading.default\">\n\t\t\t\t<div class=\"elementor-widget-container\">\n\t\t\t\t\t<h2 class=\"elementor-heading-title elementor-size-default\">N\u00e1kup sexu\u00e1ln\u00ed panenky je velk\u00fd z\u00e1vazek. Jako zbo\u017e\u00ed s vysokou hodnotou ch\u00e1peme, \u017ee nejde pouze o sexu\u00e1ln\u00ed hra\u010dky, ale o dlouhodob\u00e9 investice.<\/h2>\t\t\t\t<\/div>\n\t\t\t\t<\/div>\n\t\t\t\t<div class=\"elementor-element elementor-element-2362e4d6 elementor-widget elementor-widget-spacer\" data-id=\"2362e4d6\" data-element_type=\"widget\" data-widget_type=\"spacer.default\">\n\t\t\t\t<div class=\"elementor-widget-container\">\n\t\t\t\t\t\t\t<div class=\"elementor-spacer\">\n\t\t\t<div class=\"elementor-spacer-inner\"><\/div>\n\t\t<\/div>\n\t\t\t\t\t\t<\/div>\n\t\t\t\t<\/div>\n\t\t\t\t<div class=\"elementor-element elementor-element-d352fa4 elementor-widget elementor-widget-text-editor\" data-id=\"d352fa4\" data-element_type=\"widget\" data-widget_type=\"text-editor.default\">\n\t\t\t\t<div class=\"elementor-widget-container\">\n\t\t\t\t\t\t\t\t\t<p>Proto je podporujeme z\u00e1rukou ochrany kupuj\u00edc\u00edho BLSD, kter\u00e1 chr\u00e1n\u00ed na\u0161e z\u00e1kazn\u00edky p\u0159ed n\u00e1kupem \u010dehokoli jin\u00e9ho ne\u017e t\u00e9 nejkvalitn\u011bj\u0161\u00ed sexu\u00e1ln\u00ed panenky v perfektn\u00edm stavu. Pokud jsme ud\u011blali chybu ve va\u0161\u00ed objedn\u00e1vce nebo m\u00e1 produkt podstatnou chybu, kompenzujeme, pom\u016f\u017eeme v\u00e1m s opravou nebo p\u0159\u00edpadn\u011b vym\u011bn\u00edme va\u0161i panenku zdarma, pokud se jedn\u00e1 jednozna\u010dn\u011b o v\u00fdrobn\u00ed chybu.<\/p>\t\t\t\t\t\t\t\t<\/div>\n\t\t\t\t<\/div>\n\t\t\t\t<div class=\"elementor-element elementor-element-7539c4d elementor-widget elementor-widget-text-editor\" data-id=\"7539c4d\" data-element_type=\"widget\" data-widget_type=\"text-editor.default\">\n\t\t\t\t<div class=\"elementor-widget-container\">\n\t\t\t\t\t\t\t\t\t<p>V p\u0159\u00edpad\u011b z\u00e1vady:<br \/>Prohl\u00e9dn\u011bte si panenku ihned po p\u0159\u00edjezdu.<br \/>Pokud si v\u0161imnete z\u00e1vady na va\u0161em produktu nebo si v\u0161imnete, \u017ee se panenka v\u00fdrazn\u011b li\u0161\u00ed od va\u0161\u00ed objedn\u00e1vky. Nahlaste n\u00e1m to s fotografiemi a videi do 48 hodin od obdr\u017een\u00ed objedn\u00e1vky.\u00a0<br \/>Pokud se domn\u00edv\u00e1te, \u017ee m\u00e1te n\u00e1rok na n\u00e1hradu nebo v\u00fdm\u011bnu, nepou\u017e\u00edvejte svou panenku. Uchov\u00e1vejte jej jako nov\u00fd a nepou\u017eit\u00fd, s krabic\u00ed a ve\u0161ker\u00fdm balic\u00edm materi\u00e1lem. Pokud je v\u00e1\u0161 produkt zjevn\u011b rozbit\u00fd nebo vadn\u00fd a chyba poch\u00e1z\u00ed z v\u00fdrobn\u00edho procesu, doru\u010d\u00edme zpr\u00e1vu do tov\u00e1rny a pokus\u00edme se vyjednat nov\u00fd.<\/p>\t\t\t\t\t\t\t\t<\/div>\n\t\t\t\t<\/div>\n\t\t\t\t<div class=\"elementor-element elementor-element-0708a5d elementor-widget elementor-widget-text-editor\" data-id=\"0708a5d\" data-element_type=\"widget\" data-widget_type=\"text-editor.default\">\n\t\t\t\t<div class=\"elementor-widget-container\">\n\t\t\t\t\t\t\t\t\t<p><strong>Co je dobr\u00e9 v\u011bd\u011bt p\u0159ed objedn\u00e1vkou:<\/strong><br \/>Jsme jedn\u00edm z nejlep\u0161\u00edch v\u00fdrobc\u016f sexu\u00e1ln\u00edch panenek. V\u0161echny na\u0161e sexu\u00e1ln\u00ed panenky maj\u00ed certifik\u00e1t CE, ROHS, 6P, MSDS.<br \/>Panenky jsou zas\u00edl\u00e1ny p\u0159\u00edmo z \u010c\u00edny, kde se nach\u00e1z\u00ed na\u0161e tov\u00e1rna. ale n\u011bkdy m\u00e1me n\u011bjak\u00e9 z\u00e1soby v USA nebo evropsk\u00e9 zemi, pak dod\u00e1v\u00e1me p\u0159\u00edmo z m\u00edstn\u00edho skladu<br \/>Sex Doll je zak\u00e1zkov\u00fd produkt, kter\u00fd je vytvo\u0159en speci\u00e1ln\u011b pro v\u00e1s. Objedn\u00e1vky nelze z jak\u00e9hokoli d\u016fvodu zru\u0161it.<br \/>Na\u0161i z\u00e1kazn\u00edci jsou spokojeni. Pono\u0159te se do p\u0159\u00edb\u011bh\u016f na\u0161ich spokojen\u00fdch z\u00e1kazn\u00edk\u016f zde<br \/>V\u017edy je tu n\u011bkdo, kdo odpov\u00edd\u00e1 na va\u0161e ot\u00e1zky 24\/7 prost\u0159ednictv\u00edm chatu nebo e-mailu.<\/p>\t\t\t\t\t\t\t\t<\/div>\n\t\t\t\t<\/div>\n\t\t\t\t<div class=\"elementor-element elementor-element-ae7dca5 elementor-widget elementor-widget-text-editor\" data-id=\"ae7dca5\" data-element_type=\"widget\" data-widget_type=\"text-editor.default\">\n\t\t\t\t<div class=\"elementor-widget-container\">\n\t\t\t\t\t\t\t\t\t<p>Spokojenost z\u00e1kazn\u00edka je pro n\u00e1s velmi d\u016fle\u017eit\u00e1. Pokud m\u00e1te probl\u00e9m s objedn\u00e1vkou nebo produktem, kontaktujte n\u00e1s a my ud\u011bl\u00e1me v\u0161e pro to, abychom probl\u00e9m okam\u017eit\u011b vy\u0159e\u0161ili.<br \/>Podpora: service@miisoo.com<\/p>\t\t\t\t\t\t\t\t<\/div>\n\t\t\t\t<\/div>\n\t\t\t\t<div class=\"elementor-element elementor-element-5873c051 elementor-widget elementor-widget-spacer\" data-id=\"5873c051\" data-element_type=\"widget\" data-widget_type=\"spacer.default\">\n\t\t\t\t<div class=\"elementor-widget-container\">\n\t\t\t\t\t\t\t<div class=\"elementor-spacer\">\n\t\t\t<div class=\"elementor-spacer-inner\"><\/div>\n\t\t<\/div>\n\t\t\t\t\t\t<\/div>\n\t\t\t\t<\/div>\n\t\t\t\t\t<\/div>\n\t\t<\/div>\n\t\t\t\t<div class=\"elementor-column elementor-col-33 elementor-top-column elementor-element elementor-element-5e91253d\" data-id=\"5e91253d\" data-element_type=\"column\">\n\t\t\t<div class=\"elementor-widget-wrap\">\n\t\t\t\t\t\t\t<\/div>\n\t\t<\/div>\n\t\t\t\t\t<\/div>\n\t\t<\/section>\n\t\t\t\t<section class=\"elementor-section elementor-top-section elementor-element elementor-element-16c58fea elementor-section-boxed elementor-section-height-default elementor-section-height-default\" data-id=\"16c58fea\" data-element_type=\"section\">\n\t\t\t\t\t\t<div class=\"elementor-container elementor-column-gap-default\">\n\t\t\t\t\t<div class=\"elementor-column elementor-col-100 elementor-top-column elementor-element elementor-element-74ba8617\" data-id=\"74ba8617\" data-element_type=\"column\">\n\t\t\t<div class=\"elementor-widget-wrap elementor-element-populated\">\n\t\t\t\t\t\t<div class=\"elementor-element elementor-element-312fc24e elementor-widget elementor-widget-spacer\" data-id=\"312fc24e\" data-element_type=\"widget\" data-widget_type=\"spacer.default\">\n\t\t\t\t<div class=\"elementor-widget-container\">\n\t\t\t\t\t\t\t<div class=\"elementor-spacer\">\n\t\t\t<div class=\"elementor-spacer-inner\"><\/div>\n\t\t<\/div>\n\t\t\t\t\t\t<\/div>\n\t\t\t\t<\/div>\n\t\t\t\t\t<\/div>\n\t\t<\/div>\n\t\t\t\t\t<\/div>\n\t\t<\/section>\n\t\t\t\t<\/div>","protected":false},"excerpt":{"rendered":"<p>Z\u00e1ruka ochrany kupuj\u00edc\u00edch N\u00e1kup sexu\u00e1ln\u00ed panenky je velk\u00fd z\u00e1vazek. Jako zbo\u017e\u00ed s vysokou hodnotou ch\u00e1peme, \u017ee nejde pouze o sexu\u00e1ln\u00ed hra\u010dky, ale o dlouhodob\u00e9 investice. Proto je podporujeme z\u00e1rukou ochrany kupuj\u00edc\u00edho BLSD, kter\u00e1 chr\u00e1n\u00ed na\u0161e z\u00e1kazn\u00edky p\u0159ed n\u00e1kupem \u010dehokoli jin\u00e9ho ne\u017e t\u00e9 nejkvalitn\u011bj\u0161\u00ed sexu\u00e1ln\u00ed panenky v\u2026<\/p>","protected":false},"author":455,"featured_media":0,"parent":0,"menu_order":0,"comment_status":"closed","ping_status":"closed","template":"template-full-width.php","meta":{"footnotes":""},"class_list":["post-4328","page","type-page","status-publish","hentry"],"yoast_head":"<!-- This site is optimized with the Yoast SEO Premium plugin v22.6 (Yoast SEO v22.9) - https:\/\/yoast.com\/wordpress\/plugins\/seo\/ -->\n<title>MiisooDoll Buyer&#039;s Protection | Secure Your Satisfaction<\/title>\n<meta name=\"description\" content=\"Experience peace of mind with MiisooDoll Buyer&#039;s Protection. Safeguard your satisfaction with our commitment to secure, reliable, and delightful purchases. Explore now.\" \/>\n<meta name=\"robots\" content=\"index, follow, max-snippet:-1, max-image-preview:large, max-video-preview:-1\" \/>\n<link rel=\"canonical\" href=\"https:\/\/www.miisoo.com\/cs\/buyers-protection-guarantee\/\" \/>\n<meta property=\"og:locale\" content=\"cs_CZ\" \/>\n<meta property=\"og:type\" content=\"article\" \/>\n<meta property=\"og:title\" content=\"Buyers Protection Guarantee\" \/>\n<meta property=\"og:description\" content=\"Experience peace of mind with MiisooDoll Buyer&#039;s Protection. Safeguard your satisfaction with our commitment to secure, reliable, and delightful purchases. Explore now.\" \/>\n<meta property=\"og:url\" content=\"https:\/\/www.miisoo.com\/cs\/buyers-protection-guarantee\/\" \/>\n<meta property=\"og:site_name\" content=\"MiisooDoll\" \/>\n<meta property=\"article:publisher\" content=\"https:\/\/www.facebook.com\/miisoodoll\" \/>\n<meta property=\"article:modified_time\" content=\"2023-12-22T12:03:50+00:00\" \/>\n<meta property=\"og:image\" content=\"https:\/\/www.miisoo.com\/wp-content\/uploads\/2020\/12\/banner-sex-doll-1.jpg\" \/>\n<meta name=\"twitter:card\" content=\"summary_large_image\" \/>\n<meta name=\"twitter:site\" content=\"@MiisooSexDolls\" \/>\n<meta name=\"twitter:label1\" content=\"Odhadovan\u00e1 doba \u010dten\u00ed\" \/>\n\t<meta name=\"twitter:data1\" content=\"2 minuty\" \/>\n<!-- \/ Yoast SEO Premium plugin. -->","yoast_head_json":{"title":"MiisooDoll Buyer's Protection | Secure Your Satisfaction","description":"Experience peace of mind with MiisooDoll Buyer's Protection. Safeguard your satisfaction with our commitment to secure, reliable, and delightful purchases. Explore now.","robots":{"index":"index","follow":"follow","max-snippet":"max-snippet:-1","max-image-preview":"max-image-preview:large","max-video-preview":"max-video-preview:-1"},"canonical":"https:\/\/www.miisoo.com\/cs\/buyers-protection-guarantee\/","og_locale":"cs_CZ","og_type":"article","og_title":"Buyers Protection Guarantee","og_description":"Experience peace of mind with MiisooDoll Buyer's Protection. Safeguard your satisfaction with our commitment to secure, reliable, and delightful purchases. Explore now.","og_url":"https:\/\/www.miisoo.com\/cs\/buyers-protection-guarantee\/","og_site_name":"MiisooDoll","article_publisher":"https:\/\/www.facebook.com\/miisoodoll","article_modified_time":"2023-12-22T12:03:50+00:00","og_image":[{"url":"https:\/\/www.miisoo.com\/wp-content\/uploads\/2020\/12\/banner-sex-doll-1.jpg"}],"twitter_card":"summary_large_image","twitter_site":"@MiisooSexDolls","twitter_misc":{"Odhadovan\u00e1 doba \u010dten\u00ed":"2 minuty"},"schema":{"@context":"https:\/\/schema.org","@graph":[{"@type":"WebPage","@id":"https:\/\/www.miisoo.com\/buyers-protection-guarantee\/","url":"https:\/\/www.miisoo.com\/buyers-protection-guarantee\/","name":"MiisooDoll Buyer's Protection | Secure Your Satisfaction","isPartOf":{"@id":"https:\/\/www.miisoo.com\/#website"},"primaryImageOfPage":{"@id":"https:\/\/www.miisoo.com\/buyers-protection-guarantee\/#primaryimage"},"image":{"@id":"https:\/\/www.miisoo.com\/buyers-protection-guarantee\/#primaryimage"},"thumbnailUrl":"https:\/\/www.miisoo.com\/wp-content\/uploads\/2020\/12\/banner-sex-doll-1.jpg","datePublished":"2020-09-14T03:57:34+00:00","dateModified":"2023-12-22T12:03:50+00:00","description":"Experience peace of mind with MiisooDoll Buyer's Protection. Safeguard your satisfaction with our commitment to secure, reliable, and delightful purchases. Explore now.","breadcrumb":{"@id":"https:\/\/www.miisoo.com\/buyers-protection-guarantee\/#breadcrumb"},"inLanguage":"cs","potentialAction":[{"@type":"ReadAction","target":["https:\/\/www.miisoo.com\/buyers-protection-guarantee\/"]}]},{"@type":"ImageObject","inLanguage":"cs","@id":"https:\/\/www.miisoo.com\/buyers-protection-guarantee\/#primaryimage","url":"https:\/\/www.miisoo.com\/wp-content\/uploads\/2020\/12\/banner-sex-doll-1.jpg","contentUrl":"https:\/\/www.miisoo.com\/wp-content\/uploads\/2020\/12\/banner-sex-doll-1.jpg"},{"@type":"BreadcrumbList","@id":"https:\/\/www.miisoo.com\/buyers-protection-guarantee\/#breadcrumb","itemListElement":[{"@type":"ListItem","position":1,"name":"Home","item":"https:\/\/www.miisoo.com\/"},{"@type":"ListItem","position":2,"name":"Buyers Protection Guarantee"}]},{"@type":"WebSite","@id":"https:\/\/www.miisoo.com\/#website","url":"https:\/\/www.miisoo.com\/","name":"MiisooDoll","description":"Sexual Doll, Real Sex Dolls, Love Doll, Best Sex Dolls","publisher":{"@id":"https:\/\/www.miisoo.com\/#organization"},"potentialAction":[{"@type":"SearchAction","target":{"@type":"EntryPoint","urlTemplate":"https:\/\/www.miisoo.com\/?s={search_term_string}"},"query-input":"required name=search_term_string"}],"inLanguage":"cs"},{"@type":"Organization","@id":"https:\/\/www.miisoo.com\/#organization","name":"MiisooDoll","url":"https:\/\/www.miisoo.com\/","logo":{"@type":"ImageObject","inLanguage":"cs","@id":"https:\/\/www.miisoo.com\/#\/schema\/logo\/image\/","url":"https:\/\/www.miisoo.com\/wp-content\/uploads\/2020\/09\/logo-botton.png","contentUrl":"https:\/\/www.miisoo.com\/wp-content\/uploads\/2020\/09\/logo-botton.png","width":181,"height":42,"caption":"MiisooDoll"},"image":{"@id":"https:\/\/www.miisoo.com\/#\/schema\/logo\/image\/"},"sameAs":["https:\/\/www.facebook.com\/miisoodoll","https:\/\/x.com\/MiisooSexDolls"]}]}},"_links":{"self":[{"href":"https:\/\/www.miisoo.com\/cs\/wp-json\/wp\/v2\/pages\/4328","targetHints":{"allow":["GET"]}}],"collection":[{"href":"https:\/\/www.miisoo.com\/cs\/wp-json\/wp\/v2\/pages"}],"about":[{"href":"https:\/\/www.miisoo.com\/cs\/wp-json\/wp\/v2\/types\/page"}],"author":[{"embeddable":true,"href":"https:\/\/www.miisoo.com\/cs\/wp-json\/wp\/v2\/users\/455"}],"replies":[{"embeddable":true,"href":"https:\/\/www.miisoo.com\/cs\/wp-json\/wp\/v2\/comments?post=4328"}],"version-history":[{"count":1,"href":"https:\/\/www.miisoo.com\/cs\/wp-json\/wp\/v2\/pages\/4328\/revisions"}],"predecessor-version":[{"id":34668,"href":"https:\/\/www.miisoo.com\/cs\/wp-json\/wp\/v2\/pages\/4328\/revisions\/34668"}],"wp:attachment":[{"href":"https:\/\/www.miisoo.com\/cs\/wp-json\/wp\/v2\/media?parent=4328"}],"curies":[{"name":"wp","href":"https:\/\/api.w.org\/{rel}","templated":true}]}}