{"id":3,"date":"2020-09-05T13:19:56","date_gmt":"2020-09-05T13:19:56","guid":{"rendered":"http:\/\/miisoo.com\/?page_id=3"},"modified":"2023-12-22T20:16:22","modified_gmt":"2023-12-22T12:16:22","slug":"privacy-policy","status":"publish","type":"page","link":"https:\/\/www.miisoo.com\/cs\/privacy-policy\/","title":{"rendered":"Z\u00e1sady ochrany osobn\u00edch \u00fadaj\u016f"},"content":{"rendered":"<div data-elementor-type=\"wp-page\" data-elementor-id=\"3\" class=\"elementor elementor-3\" data-elementor-post-type=\"page\">\n\t\t\t\t\t\t<section class=\"elementor-section elementor-top-section elementor-element elementor-element-c76458e elementor-section-boxed elementor-section-height-default elementor-section-height-default\" data-id=\"c76458e\" data-element_type=\"section\">\n\t\t\t\t\t\t<div class=\"elementor-container elementor-column-gap-default\">\n\t\t\t\t\t<div class=\"elementor-column elementor-col-25 elementor-top-column elementor-element elementor-element-8b5e8e1\" data-id=\"8b5e8e1\" data-element_type=\"column\">\n\t\t\t<div class=\"elementor-widget-wrap\">\n\t\t\t\t\t\t\t<\/div>\n\t\t<\/div>\n\t\t\t\t<div class=\"elementor-column elementor-col-50 elementor-top-column elementor-element elementor-element-5afa608\" data-id=\"5afa608\" data-element_type=\"column\">\n\t\t\t<div class=\"elementor-widget-wrap elementor-element-populated\">\n\t\t\t\t\t\t<div class=\"elementor-element elementor-element-1111958 elementor-widget elementor-widget-text-editor\" data-id=\"1111958\" data-element_type=\"widget\" data-widget_type=\"text-editor.default\">\n\t\t\t\t<div class=\"elementor-widget-container\">\n\t\t\t\t\t\t\t\t\t<p>MIISOO je v\u00fdhradn\u00edm vlastn\u00edkem informac\u00ed, kter\u00e9 shroma\u017e\u010fujeme na t\u00e9to str\u00e1nce, neprod\u00e1v\u00e1me, nepronaj\u00edm\u00e1me ani nesd\u00edl\u00edme tyto informace s \u017e\u00e1dnou jinou spole\u010dnost\u00ed za \u00fa\u010delem marketingu. V\u00edme, \u017ee v\u00e1m z\u00e1le\u017e\u00ed na tom, jak jsou va\u0161e osobn\u00ed \u00fadaje pou\u017e\u00edv\u00e1ny a sd\u00edleny, a v\u00e1\u017e\u00edme si va\u0161\u00ed d\u016fv\u011bry v n\u00e1s. S va\u0161imi osobn\u00edmi \u00fadaji zach\u00e1z\u00edme s nejvy\u0161\u0161\u00edmi standardy bezpe\u010dnosti, zabezpe\u010den\u00ed a d\u016fv\u011brnosti.<\/p>\n<p><strong>Ot\u00e1zka: Boj\u00edm se o sv\u00e9 soukrom\u00ed. Jak m\u016f\u017eete chr\u00e1nit moji d\u016fv\u011brnost?<\/strong><\/p>\n<p>Odpov\u011b\u010f: Jsme velmi znepokojeni elektronick\u00fdm soukrom\u00edm, vzhledem k tomu, \u017ee jsme internetov\u00fd obchod. Chr\u00e1n\u00edme va\u0161e soukrom\u00ed, d\u016fv\u011brnost a osobn\u00ed \u00fadaje prost\u0159ednictv\u00edm procesu objedn\u00e1v\u00e1n\u00ed a pln\u011bn\u00ed. Va\u0161e data neukl\u00e1d\u00e1me do po\u010d\u00edta\u010de na na\u0161\u00ed stran\u011b, tak\u017ee to znamen\u00e1, \u017ee neexistuje \u017e\u00e1dn\u00fd zp\u016fsob, jak pou\u017e\u00edt va\u0161e osobn\u00ed \u00fadaje proti v\u00e1m nebo si je nechat odcizit na webu t\u0159et\u00ed strany. Chr\u00e1n\u00edme va\u0161e soukrom\u00ed tak\u00e9 t\u00edm, \u017ee \u0161kol\u00edme na\u0161e prodejce, aby byli vst\u0159\u00edcn\u00ed a p\u0159edev\u0161\u00edm diskr\u00e9tn\u00ed. Na\u0161i administrativn\u00ed pracovn\u00edci nebudou s nik\u00fdm diskutovat o v\u00e1s ani va\u0161em podnik\u00e1n\u00ed. M\u016f\u017eete si b\u00fdt jisti, \u017ee v\u0161e, co se u v\u00e1s nashrom\u00e1\u017ed\u00ed, okam\u017eit\u011b zapomeneme. Takov\u00e9 informace neuchov\u00e1v\u00e1me, tak\u017ee se nemus\u00edte b\u00e1t.<\/p>\n<p>V\u0161ichni na\u0161i prodejci jsou ru\u010dn\u011b vyb\u00edr\u00e1ni a \u0161koleni, aby se ujistili, \u017ee rozum\u00ed tomu, jak zachovat d\u016fv\u011brnost klienta. \u017d\u00e1dn\u00fd zam\u011bstnanec, kter\u00fd poru\u0161\u00ed tato pravidla d\u016fv\u011brnosti, nesm\u00ed z\u016fstat. Na\u0161i pracovn\u00edci mezi sebou klienty ani jejich n\u00e1kupy neprob\u00edraj\u00ed. U\u010d\u00edme je, \u017ee tento typ plan\u00fdch pomluv prost\u011b nen\u00ed n\u011bco, co je u\u017eite\u010dn\u00e9 nebo u\u017eite\u010dn\u00e9, tak\u017ee nejlep\u0161\u00ed zp\u016fsob, jak se s t\u00edm vypo\u0159\u00e1dat, je prost\u011b to ned\u011blat. Nem\u016f\u017eete si pln\u011b u\u017e\u00edt sv\u016fj n\u00e1kup, pokud se ob\u00e1v\u00e1te, \u017ee bude va\u0161e osobn\u00ed podnik\u00e1n\u00ed odhaleno.<\/p>\n<p>V\u00e1\u0161 n\u00e1kup sexu\u00e1ln\u00ed panenky z\u016fstane zcela tajn\u00fd, dokud k n\u011bmu budeme m\u00edt co \u0159\u00edci. Zachov\u00e1me va\u0161e soukrom\u00ed od za\u010d\u00e1tku do konce a v tomto bod\u011b se nikdy nevzd\u00e1me. Jakmile v\u00edte, \u017ee va\u0161e soukrom\u00ed je chr\u00e1n\u011bno, m\u016f\u017eete se posadit, relaxovat a u\u017e\u00edvat si to, co jste si koupili. \u010c\u00edm uvoln\u011bn\u011bj\u0161\u00ed budete, t\u00edm v\u00edce se budete bavit, a \u010d\u00edm v\u00edce z\u00e1bavy budete m\u00edt vy, t\u00edm l\u00e9pe jsme odvedli svou pr\u00e1ci. Ned\u00e1me pokoj, dokud nebudeme v\u011bd\u011bt, \u017ee jste spokojeni. Va\u0161e spokojenost a va\u0161e sexu\u00e1ln\u00ed panenky jsou pro n\u00e1s nesm\u00edrn\u011b d\u016fle\u017eit\u00e9.<\/p>\n<h3>Jak\u00e9 informace shroma\u017e\u010fujeme?<\/h3>\n<p>Shroma\u017e\u010fujeme od v\u00e1s informace, kdy\u017e se zaregistrujete na na\u0161em webu, zad\u00e1te objedn\u00e1vku nebo se p\u0159ihl\u00e1s\u00edte k odb\u011bru na\u0161eho newsletteru.<\/p>\n<p>P\u0159i objedn\u00e1vce nebo registraci na na\u0161ich str\u00e1nk\u00e1ch m\u016f\u017eete b\u00fdt p\u0159\u00edpadn\u011b po\u017e\u00e1d\u00e1ni o zad\u00e1n\u00ed: jm\u00e9na, e-mailov\u00e9 adresy, po\u0161tovn\u00ed adresy nebo telefonn\u00edho \u010d\u00edsla. Na\u0161e str\u00e1nky v\u0161ak m\u016f\u017eete nav\u0161t\u00edvit anonymn\u011b.<\/p>\n<h3>K \u010demu va\u0161e informace pou\u017e\u00edv\u00e1me?<\/h3>\n<p>Jak\u00e9koli informace, kter\u00e9 od v\u00e1s shroma\u017e\u010fujeme, mohou b\u00fdt pou\u017eity jedn\u00edm z n\u00e1sleduj\u00edc\u00edch zp\u016fsob\u016f:<\/p>\n<p>P\u0159izp\u016fsoben\u00ed prost\u0159ed\u00ed:<br>(va\u0161e \u00fadaje n\u00e1m pom\u00e1haj\u00ed l\u00e9pe reagovat na va\u0161e individu\u00e1ln\u00ed pot\u0159eby)<\/p>\n<p>Pro zpracov\u00e1n\u00ed transakc\u00ed:<br>Va\u0161e informace, a\u0165 u\u017e ve\u0159ejn\u00e9 nebo soukrom\u00e9, nebudou prod\u00e1ny, vym\u011bn\u011bny, p\u0159evedeny ani poskytnuty \u017e\u00e1dn\u00e9 jin\u00e9 spole\u010dnosti z jak\u00e9hokoli d\u016fvodu bez va\u0161eho souhlasu, krom\u011b v\u00fdslovn\u00e9ho \u00fa\u010delu dod\u00e1n\u00ed po\u017eadovan\u00e9ho zakoupen\u00e9ho produktu nebo slu\u017eby.<\/p>\n<p>Chcete-li pos\u00edlat pravideln\u00e9 e-maily:<br>E-mailov\u00e1 adresa, kterou zad\u00e1te pro zpracov\u00e1n\u00ed objedn\u00e1vky, m\u016f\u017ee b\u00fdt pou\u017eita k zas\u00edl\u00e1n\u00ed informac\u00ed a aktualizac\u00ed t\u00fdkaj\u00edc\u00edch se va\u0161\u00ed objedn\u00e1vky. Krom\u011b p\u0159\u00edle\u017eitostn\u00fdch zpr\u00e1v o spole\u010dnosti, aktualizac\u00ed, souvisej\u00edc\u00edch informac\u00ed o produktech nebo slu\u017eb\u00e1ch atd.<br>Pozn\u00e1mka: Pokud se kdykoli budete cht\u00edt z odb\u011bru budouc\u00edch e-mail\u016f odhl\u00e1sit, v doln\u00ed \u010d\u00e1sti ka\u017ed\u00e9ho e-mailu uv\u00e1d\u00edme podrobn\u00e9 pokyny k odhl\u00e1\u0161en\u00ed.<\/p>\n<h3 class=\"m_top\">Jak chr\u00e1n\u00edme va\u0161e informace?<\/h3>\n<p class=\"m_bottom\">Zav\u00e1d\u00edme \u0159adu bezpe\u010dnostn\u00edch opat\u0159en\u00ed, abychom zachovali bezpe\u010dnost va\u0161ich osobn\u00edch \u00fadaj\u016f, kdy\u017e zad\u00e1te objedn\u00e1vku nebo zad\u00e1te, ode\u0161lete nebo p\u0159istupujete k va\u0161im osobn\u00edm \u00fadaj\u016fm.<br>Nab\u00edz\u00edme pou\u017eit\u00ed zabezpe\u010den\u00e9ho serveru. V\u0161echny poskytnut\u00e9 citliv\u00e9\/kreditn\u00ed informace jsou p\u0159en\u00e1\u0161eny prost\u0159ednictv\u00edm technologie Secure Socket Layer (SSL) a pot\u00e9 za\u0161ifrov\u00e1ny do na\u0161\u00ed datab\u00e1ze poskytovatel\u016f platebn\u00edch bran, aby byly p\u0159\u00edstupn\u00e9 pouze osob\u00e1m opr\u00e1vn\u011bn\u00fdm se zvl\u00e1\u0161tn\u00edmi p\u0159\u00edstupov\u00fdmi pr\u00e1vy k t\u011bmto syst\u00e9m\u016fm a jsou povinni uchov\u00e1vat informace v tajnosti.<br>Po transakci nebudou va\u0161e soukrom\u00e9 informace (kreditn\u00ed karty, \u010d\u00edsla soci\u00e1ln\u00edho poji\u0161t\u011bn\u00ed, finance atd.) ulo\u017eeny na na\u0161ich serverech.<\/p>\n<h3>Pou\u017e\u00edv\u00e1me cookies?<\/h3>\n<p>es. Cookies jsou mal\u00e9 soubory, kter\u00e9 web nebo jeho poskytovatel slu\u017eeb p\u0159enese na pevn\u00fd disk va\u0161eho po\u010d\u00edta\u010de prost\u0159ednictv\u00edm va\u0161eho webov\u00e9ho prohl\u00ed\u017ee\u010de (pokud to povol\u00edte), co\u017e umo\u017e\u0148uje web\u016fm nebo syst\u00e9m\u016fm poskytovatel\u016f slu\u017eeb rozpoznat v\u00e1\u0161 prohl\u00ed\u017ee\u010d a zachytit a zapamatovat si ur\u010dit\u00e9 informace Pou\u017e\u00edv\u00e1me soubory cookie, kter\u00e9 n\u00e1m pom\u00e1haj\u00ed pamatovat si a zpracov\u00e1vat polo\u017eky ve va\u0161em n\u00e1kupn\u00edm ko\u0161\u00edku, porozum\u011bt a ukl\u00e1dat va\u0161e preference pro budouc\u00ed n\u00e1v\u0161t\u011bvy, sledovat reklamy a sestavovat souhrnn\u00e1 data o n\u00e1v\u0161t\u011bvnosti webu a interakci se str\u00e1nkou, abychom mohli v budoucnu nab\u00edzet lep\u0161\u00ed zku\u0161enosti a n\u00e1stroje na webu.<\/p>\n<h3>Sd\u011blujeme n\u011bjak\u00e9 informace vn\u011bj\u0161\u00edm stran\u00e1m?<\/h3>\n<p>Va\u0161e osobn\u00ed \u00fadaje neprod\u00e1v\u00e1me, neobchodujeme ani jinak nep\u0159ev\u00e1d\u00edme na t\u0159et\u00ed strany. To nezahrnuje d\u016fv\u011bryhodn\u00e9 t\u0159et\u00ed strany, kter\u00e9 n\u00e1m pom\u00e1haj\u00ed s provozov\u00e1n\u00edm na\u0161ich webov\u00fdch str\u00e1nek, provozov\u00e1n\u00edm na\u0161eho podnik\u00e1n\u00ed nebo poskytov\u00e1n\u00edm slu\u017eeb v\u00e1m, pokud tyto strany souhlas\u00ed s t\u00edm, \u017ee budou tyto informace dr\u017eet v tajnosti. M\u016f\u017eeme tak\u00e9 zp\u0159\u00edstupnit va\u0161e informace, pokud se domn\u00edv\u00e1me, \u017ee je zve\u0159ejn\u011bn\u00ed vhodn\u00e9 pro dodr\u017een\u00ed z\u00e1kona, prosazov\u00e1n\u00ed z\u00e1sad na\u0161ich str\u00e1nek nebo pro ochranu na\u0161ich nebo jin\u00fdch pr\u00e1v, majetku nebo bezpe\u010dnosti. Informace o n\u00e1v\u0161t\u011bvn\u00edc\u00edch, kter\u00e9 nelze osobn\u011b identifikovat, v\u0161ak mohou b\u00fdt poskytnuty dal\u0161\u00edm stran\u00e1m pro marketing, reklamu nebo jin\u00e9 \u00fa\u010dely.<\/p>\n<h3>Odkazy t\u0159et\u00edch stran<\/h3>\n<p>P\u0159\u00edle\u017eitostn\u011b m\u016f\u017eeme podle na\u0161eho uv\u00e1\u017een\u00ed zahrnout nebo nab\u00eddnout produkty nebo slu\u017eby t\u0159et\u00edch stran na na\u0161ich webov\u00fdch str\u00e1nk\u00e1ch. Tyto str\u00e1nky t\u0159et\u00edch stran maj\u00ed samostatn\u00e9 a nez\u00e1visl\u00e9 z\u00e1sady ochrany osobn\u00edch \u00fadaj\u016f. proto neneseme \u017e\u00e1dnou odpov\u011bdnost za obsah a aktivity t\u011bchto propojen\u00fdch str\u00e1nek. P\u0159esto se sna\u017e\u00edme chr\u00e1nit integritu na\u0161ich str\u00e1nek a v\u00edt\u00e1me jakoukoli zp\u011btnou vazbu k t\u011bmto str\u00e1nk\u00e1m.<\/p>\n<p class=\"m_bottom\">\n<\/p><h3>Soulad se z\u00e1konem o ochran\u011b soukrom\u00ed d\u011bt\u00ed online<\/h3>\n<p>Dodr\u017eujeme po\u017eadavky z\u00e1kona COPPA (Children&#039;s Online Privacy Protection Act). Neshroma\u017e\u010fujeme \u017e\u00e1dn\u00e9 informace od nikoho mlad\u0161\u00edho 13 let. V\u0161echny na\u0161e webov\u00e9 str\u00e1nky, produkty a slu\u017eby jsou ur\u010deny lidem, kte\u0159\u00ed jsou star\u0161\u00ed 13 let.<\/p>\n<h3>Pouze online z\u00e1sady ochrany osobn\u00edch \u00fadaj\u016f<\/h3>\n<p>Tyto online z\u00e1sady ochrany osobn\u00edch \u00fadaj\u016f se vztahuj\u00ed pouze na informace shrom\u00e1\u017ed\u011bn\u00e9 prost\u0159ednictv\u00edm na\u0161ich webov\u00fdch str\u00e1nek a nikoli na informace shrom\u00e1\u017ed\u011bn\u00e9 offline.<\/p>\n<h3>Pravidla a podm\u00ednky<\/h3>\n<p>Nav\u0161tivte tak\u00e9 na\u0161i sekci Smluvn\u00ed podm\u00ednky, kter\u00e1 stanov\u00ed pou\u017eit\u00ed, vylou\u010den\u00ed odpov\u011bdnosti a omezen\u00ed odpov\u011bdnosti upravuj\u00edc\u00ed pou\u017e\u00edv\u00e1n\u00ed na\u0161ich webov\u00fdch str\u00e1nek na adrese&nbsp;<a href=\"https:\/\/www.miisoo.com\/cs\/\" target=\"_blank\" style=\"font-family: inherit; font-weight: var( --e-global-typography-text-font-weight ); background-color: rgb(255, 255, 255);\">www.miisoo.com<\/a><\/p>\n<h3>V\u00e1\u0161 souhlas<\/h3>\n<p>Pou\u017e\u00edv\u00e1n\u00edm na\u0161ich str\u00e1nek souhlas\u00edte s na\u0161imi z\u00e1sadami ochrany osobn\u00edch \u00fadaj\u016f na webov\u00fdch str\u00e1nk\u00e1ch.<\/p>\n<h3>Zm\u011bny na\u0161ich z\u00e1sad ochrany osobn\u00edch \u00fadaj\u016f<\/h3>\n<p>Pokud se rozhodneme zm\u011bnit na\u0161e z\u00e1sady ochrany osobn\u00edch \u00fadaj\u016f, aktualizujeme n\u00ed\u017ee uveden\u00e9 datum zm\u011bny z\u00e1sad ochrany osobn\u00edch \u00fadaj\u016f.<br>Tyto z\u00e1sady byly naposledy zm\u011bn\u011bny dne 03.06.2018<\/p>\t\t\t\t\t\t\t\t<\/div>\n\t\t\t\t<\/div>\n\t\t\t\t\t<\/div>\n\t\t<\/div>\n\t\t\t\t<div class=\"elementor-column elementor-col-25 elementor-top-column elementor-element elementor-element-df603f8\" data-id=\"df603f8\" data-element_type=\"column\">\n\t\t\t<div class=\"elementor-widget-wrap\">\n\t\t\t\t\t\t\t<\/div>\n\t\t<\/div>\n\t\t\t\t\t<\/div>\n\t\t<\/section>\n\t\t\t\t<\/div>","protected":false},"excerpt":{"rendered":"<p>MIISOO is the sole owner of the information we collect at this site, we do not sell, rent or share this information with any other company for the purpose of marketing. We know that you care how your personal information is used and shared, and we appreciate your trust in us. We treat your personal&hellip;<\/p>","protected":false},"author":455,"featured_media":0,"parent":0,"menu_order":0,"comment_status":"closed","ping_status":"open","template":"","meta":{"footnotes":""},"class_list":["post-3","page","type-page","status-publish","hentry"],"yoast_head":"<!-- This site is optimized with the Yoast SEO Premium plugin v22.6 (Yoast SEO v22.9) - https:\/\/yoast.com\/wordpress\/plugins\/seo\/ -->\n<title>Privacy Policy | Cheap Real Sex Dolls | MiisooDoll<\/title>\n<meta name=\"description\" content=\"Review MiisooDoll&#039;s privacy policy for transparent handling of data. Shop confidently for cheap real sex dolls. Your privacy, our priority at MiisooDoll.\" \/>\n<meta name=\"robots\" content=\"index, follow, max-snippet:-1, max-image-preview:large, max-video-preview:-1\" \/>\n<link rel=\"canonical\" href=\"https:\/\/www.miisoo.com\/cs\/privacy-policy\/\" \/>\n<meta property=\"og:locale\" content=\"cs_CZ\" \/>\n<meta property=\"og:type\" content=\"article\" \/>\n<meta property=\"og:title\" content=\"Privacy Policy\" \/>\n<meta property=\"og:description\" content=\"Review MiisooDoll&#039;s privacy policy for transparent handling of data. Shop confidently for cheap real sex dolls. Your privacy, our priority at MiisooDoll.\" \/>\n<meta property=\"og:url\" content=\"https:\/\/www.miisoo.com\/cs\/privacy-policy\/\" \/>\n<meta property=\"og:site_name\" content=\"MiisooDoll\" \/>\n<meta property=\"article:publisher\" content=\"https:\/\/www.facebook.com\/miisoodoll\" \/>\n<meta property=\"article:modified_time\" content=\"2023-12-22T12:16:22+00:00\" \/>\n<meta name=\"twitter:card\" content=\"summary_large_image\" \/>\n<meta name=\"twitter:site\" content=\"@MiisooSexDolls\" \/>\n<meta name=\"twitter:label1\" content=\"Odhadovan\u00e1 doba \u010dten\u00ed\" \/>\n\t<meta name=\"twitter:data1\" content=\"5 minut\" \/>\n<!-- \/ Yoast SEO Premium plugin. -->","yoast_head_json":{"title":"Privacy Policy | Cheap Real Sex Dolls | MiisooDoll","description":"Review MiisooDoll's privacy policy for transparent handling of data. Shop confidently for cheap real sex dolls. Your privacy, our priority at MiisooDoll.","robots":{"index":"index","follow":"follow","max-snippet":"max-snippet:-1","max-image-preview":"max-image-preview:large","max-video-preview":"max-video-preview:-1"},"canonical":"https:\/\/www.miisoo.com\/cs\/privacy-policy\/","og_locale":"cs_CZ","og_type":"article","og_title":"Privacy Policy","og_description":"Review MiisooDoll's privacy policy for transparent handling of data. Shop confidently for cheap real sex dolls. Your privacy, our priority at MiisooDoll.","og_url":"https:\/\/www.miisoo.com\/cs\/privacy-policy\/","og_site_name":"MiisooDoll","article_publisher":"https:\/\/www.facebook.com\/miisoodoll","article_modified_time":"2023-12-22T12:16:22+00:00","twitter_card":"summary_large_image","twitter_site":"@MiisooSexDolls","twitter_misc":{"Odhadovan\u00e1 doba \u010dten\u00ed":"5 minut"},"schema":{"@context":"https:\/\/schema.org","@graph":[{"@type":"WebPage","@id":"https:\/\/www.miisoo.com\/nl\/privacy-policy\/","url":"https:\/\/www.miisoo.com\/nl\/privacy-policy\/","name":"Privacy Policy | Cheap Real Sex Dolls | MiisooDoll","isPartOf":{"@id":"https:\/\/www.miisoo.com\/#website"},"datePublished":"2020-09-05T13:19:56+00:00","dateModified":"2023-12-22T12:16:22+00:00","description":"Review MiisooDoll's privacy policy for transparent handling of data. Shop confidently for cheap real sex dolls. Your privacy, our priority at MiisooDoll.","breadcrumb":{"@id":"https:\/\/www.miisoo.com\/nl\/privacy-policy\/#breadcrumb"},"inLanguage":"cs","potentialAction":[{"@type":"ReadAction","target":["https:\/\/www.miisoo.com\/nl\/privacy-policy\/"]}]},{"@type":"BreadcrumbList","@id":"https:\/\/www.miisoo.com\/nl\/privacy-policy\/#breadcrumb","itemListElement":[{"@type":"ListItem","position":1,"name":"Home","item":"https:\/\/www.miisoo.com\/"},{"@type":"ListItem","position":2,"name":"Privacy Policy"}]},{"@type":"WebSite","@id":"https:\/\/www.miisoo.com\/#website","url":"https:\/\/www.miisoo.com\/","name":"MiisooDoll","description":"Sexual Doll, Real Sex Dolls, Love Doll, Best Sex Dolls","publisher":{"@id":"https:\/\/www.miisoo.com\/#organization"},"potentialAction":[{"@type":"SearchAction","target":{"@type":"EntryPoint","urlTemplate":"https:\/\/www.miisoo.com\/?s={search_term_string}"},"query-input":"required name=search_term_string"}],"inLanguage":"cs"},{"@type":"Organization","@id":"https:\/\/www.miisoo.com\/#organization","name":"MiisooDoll","url":"https:\/\/www.miisoo.com\/","logo":{"@type":"ImageObject","inLanguage":"cs","@id":"https:\/\/www.miisoo.com\/#\/schema\/logo\/image\/","url":"https:\/\/www.miisoo.com\/wp-content\/uploads\/2020\/09\/logo-botton.png","contentUrl":"https:\/\/www.miisoo.com\/wp-content\/uploads\/2020\/09\/logo-botton.png","width":181,"height":42,"caption":"MiisooDoll"},"image":{"@id":"https:\/\/www.miisoo.com\/#\/schema\/logo\/image\/"},"sameAs":["https:\/\/www.facebook.com\/miisoodoll","https:\/\/x.com\/MiisooSexDolls"]}]}},"_links":{"self":[{"href":"https:\/\/www.miisoo.com\/cs\/wp-json\/wp\/v2\/pages\/3","targetHints":{"allow":["GET"]}}],"collection":[{"href":"https:\/\/www.miisoo.com\/cs\/wp-json\/wp\/v2\/pages"}],"about":[{"href":"https:\/\/www.miisoo.com\/cs\/wp-json\/wp\/v2\/types\/page"}],"author":[{"embeddable":true,"href":"https:\/\/www.miisoo.com\/cs\/wp-json\/wp\/v2\/users\/455"}],"replies":[{"embeddable":true,"href":"https:\/\/www.miisoo.com\/cs\/wp-json\/wp\/v2\/comments?post=3"}],"version-history":[{"count":1,"href":"https:\/\/www.miisoo.com\/cs\/wp-json\/wp\/v2\/pages\/3\/revisions"}],"predecessor-version":[{"id":34673,"href":"https:\/\/www.miisoo.com\/cs\/wp-json\/wp\/v2\/pages\/3\/revisions\/34673"}],"wp:attachment":[{"href":"https:\/\/www.miisoo.com\/cs\/wp-json\/wp\/v2\/media?parent=3"}],"curies":[{"name":"wp","href":"https:\/\/api.w.org\/{rel}","templated":true}]}}