{"id":21906,"date":"2022-01-25T17:17:49","date_gmt":"2022-01-25T09:17:49","guid":{"rendered":"https:\/\/www.miisoo.com\/?page_id=21906"},"modified":"2024-08-17T12:51:08","modified_gmt":"2024-08-17T04:51:08","slug":"more-sex-sites","status":"publish","type":"page","link":"https:\/\/www.miisoo.com\/cs\/more-sex-sites\/","title":{"rendered":"V\u00edce sexu\u00e1ln\u00edch str\u00e1nek"},"content":{"rendered":"<div data-elementor-type=\"page\" data-elementor-id=\"21903\" class=\"elementor elementor-21903\" data-elementor-post-type=\"elementor_library\">\n\t\t\t\t\t\t<section class=\"elementor-section elementor-top-section elementor-element elementor-element-50a3008b elementor-section-boxed elementor-section-height-default elementor-section-height-default\" data-id=\"50a3008b\" data-element_type=\"section\">\n\t\t\t\t\t\t<div class=\"elementor-container elementor-column-gap-default\">\n\t\t\t\t\t<div class=\"elementor-column elementor-col-100 elementor-top-column elementor-element elementor-element-68e2b07\" data-id=\"68e2b07\" data-element_type=\"column\">\n\t\t\t<div class=\"elementor-widget-wrap elementor-element-populated\">\n\t\t\t\t\t\t<div class=\"elementor-element elementor-element-1efbc1b2 elementor-widget elementor-widget-text-editor\" data-id=\"1efbc1b2\" data-element_type=\"widget\" data-widget_type=\"text-editor.default\">\n\t\t\t\t<div class=\"elementor-widget-container\">\n\t\t\t\t\t\t\t\t\t<p>Pokud pro v\u00e1s na\u0161e panenky nejsou vhodn\u00e9, m\u016f\u017eete naj\u00edt dal\u0161\u00ed panenky na n\u011bkter\u00fdch str\u00e1nk\u00e1ch o sex panenk\u00e1ch. Spo\u010d\u00edtaj\u00ed nejobl\u00edben\u011bj\u0161\u00ed n\u00e1kupn\u00ed centra erotick\u00fdch pom\u016fcek na internetu a vytvo\u0159\u00ed \u017eeb\u0159\u00ed\u010dky na z\u00e1klad\u011b u\u017eivatelsk\u00fdch recenz\u00ed a cenov\u00fdch faktor\u016f. Nemus\u00edte vynakl\u00e1dat v\u00edce energie, abyste na\u0161li tyto str\u00e1nky, poskytujeme n\u00e1sleduj\u00edc\u00ed str\u00e1nky se sexu\u00e1ln\u00edmi panenkami.<\/p>\t\t\t\t\t\t\t\t<\/div>\n\t\t\t\t<\/div>\n\t\t\t\t<div class=\"elementor-element elementor-element-40b4b24f elementor-widget elementor-widget-text-editor\" data-id=\"40b4b24f\" data-element_type=\"widget\" data-widget_type=\"text-editor.default\">\n\t\t\t\t<div class=\"elementor-widget-container\">\n\t\t\t\t\t\t\t\t\t<ul><li><span style=\"color: red;\"><a href=\"https:\/\/sexdollxxx.com\/\">Mini Sex Doll<\/a>:<\/span> Sexu\u00e1ln\u00ed panenka dokonale vyroben\u00e1 z TPE a silikonov\u00e9ho materi\u00e1lu. Jsme nejd\u016fv\u011bryhodn\u011bj\u0161\u00ed spole\u010dnost\u00ed zab\u00fdvaj\u00edc\u00ed se sexu\u00e1ln\u00edmi panenkami, proto\u017ee na\u0161im z\u00e1kazn\u00edk\u016fm poskytujeme vysoce kvalitn\u00ed m\u011bkk\u00e9 a bezpe\u010dn\u00e9 milostn\u00e9 panenky a super TPE sexu\u00e1ln\u00ed panenky. Garantovan\u00e9 doru\u010den\u00ed a doprava zdarma!<\/li><li><a href=\"https:\/\/pornsites.xxx\/\" target=\"_blank\" rel=\"noopener\"><span style=\"color: red;\">Recenze porno str\u00e1nek:<\/span><\/a> Porno str\u00e1nky jsou jednodu\u0161e seznamem nejlep\u0161\u00edch porno str\u00e1nek a str\u00e1nek se sexu\u00e1ln\u00edmi hra\u010dkami. Najd\u011bte XXX recenze a poctiv\u00e9 hodnocen\u00ed nejobl\u00edben\u011bj\u0161\u00edch sexcams, tubes, VR a spousty bezplatn\u00fdch str\u00e1nek!<\/li><li><a href=\"https:\/\/utengrense.com\/\" target=\"_blank\" rel=\"noopener\"><span style=\"color: red;\">Utengrense.com:<\/span><\/a> V Norsku m\u00e1me n\u00e1\u0161 online obchod se sexem a m\u00e1me z\u00e1jem prod\u00e1vat na\u0161im z\u00e1kazn\u00edk\u016fm pouze vysoce kvalitn\u00ed zbo\u017e\u00ed za dobrou cenu, jako jsou sexu\u00e1ln\u00ed hra\u010dky a sexy spodn\u00ed pr\u00e1dlo.<\/li><li><a href=\"https:\/\/www.pincelebs.net\/\" target=\"_blank\" rel=\"noopener\"><span style=\"color: red;\">P\u0159ipnout celebrity:<\/span><\/a> Nah\u00e9, nah\u00e9, polonah\u00e9, sexy a vid\u011bt skrz obr\u00e1zky celebrit here\u010dek, zp\u011bva\u010dek, modelek a televizn\u00edch osobnost\u00ed<\/li><li><a href=\"https:\/\/www.youpornlist.com\/\" target=\"_blank\" rel=\"noopener\"><span style=\"color: red;\">Youpornlist.com: <\/span><\/a>YouPornList je v\u00fdb\u011br nejlep\u0161\u00edch porno str\u00e1nek podle kategori\u00ed. Ka\u017ed\u00e9 pracovi\u0161t\u011b bylo vybr\u00e1no po dlouh\u00e9 a pe\u010dliv\u00e9 anal\u00fdze na\u0161ich odborn\u00edk\u016f na ru\u010dn\u00ed pr\u00e1ce.<\/li><li><a href=\"https:\/\/www.porninspector.com\/\" target=\"_blank\" rel=\"noopener\"><span style=\"color: red;\">Porninspector.com:<\/span><\/a> Porn Inspector m\u00e1 mnoho porno recenz\u00ed n\u011bkter\u00fdch z nejslibn\u011bj\u0161\u00edch webov\u00fdch str\u00e1nek pro dosp\u011bl\u00e9. V\u017edy vyjad\u0159ujeme sv\u016fj nejup\u0159\u00edmn\u011bj\u0161\u00ed a nestrann\u00fd n\u00e1zor. Ka\u017ed\u00fd z\u00e1pis bude obsahovat \u010detn\u00e9 obr\u00e1zky a uk\u00e1zky vide\u00ed po\u0159\u00edzen\u00fdch p\u0159\u00edmo z \u010dlensk\u00e9 oblasti dan\u00e9ho webu, co\u017e v\u00e1m d\u00e1v\u00e1 p\u0159\u00edle\u017eitost p\u0159esn\u011b vid\u011bt, co je nab\u00edzeno, ne\u017e se rozhodnete pro n\u00e1kup!<\/li><li><a href=\"http:\/\/hentai-gamer.com\/\" target=\"_blank\" rel=\"noopener\"><span style=\"color: red;\">Hentai-Gamer:<\/span><\/a> Hentai-Gamer.com je nejlep\u0161\u00ed web pro 100% hry Hentai zdarma. Tak\u017ee jd\u011bte do toho a hrajte hentai flash hry hned te\u010f!<\/li><li><a href=\"https:\/\/sexdollpornhd.com\/\" target=\"_blank\" rel=\"noopener\"><span style=\"color: red;\">Sex Doll Porn HD: <\/span><\/a>Pod\u00edvejte se na porno videa se sexu\u00e1ln\u00ed panenkou na SexDollPornHD.com, abyste mohli vid\u011bt svou panenku l\u00e1sky v akci, ne\u017e si ji koup\u00edte!<\/li><li><a href=\"https:\/\/www.thesafeporn.com\/\" target=\"_blank\" rel=\"noopener\"><span style=\"color: red;\">Bezpe\u010dn\u00e9 porno: <\/span><\/a>na thesafeporn.com najdete tis\u00edce porno str\u00e1nek, vybran\u00fdch pro jejich kvalitu a bezpe\u010dnost, u ka\u017ed\u00e9 str\u00e1nky recenzi, kter\u00e1 v\u00e1m pom\u016f\u017ee p\u0159i v\u00fdb\u011bru.<\/li><li><a href=\"https:\/\/allpornsites.net\/\" target=\"_blank\" rel=\"noopener\"><span style=\"color: red;\">Allpornsites.net:<\/span><\/a> Na v\u0161ech porno str\u00e1nk\u00e1ch najdete nejv\u011bt\u0161\u00ed v\u00fdb\u011br porno str\u00e1nek ve vesm\u00edru, kter\u00fd se pravideln\u011b aktualizuje t\u00e9m\u011b\u0159 ka\u017ed\u00fd den o nov\u00e9 porno str\u00e1nky jak\u00e9hokoli v\u00fdklenku.<\/li><li><a href=\"https:\/\/www.sexdollslove.com\/\" target=\"_blank\" rel=\"noopener\"><span style=\"color: red;\">SexDollsLove.com: <\/span><\/a>Seznamy nejlep\u0161\u00edch sexu\u00e1ln\u00edch panenek a milostn\u00fdch torz. Najd\u011bte pr\u016fvodce a poctiv\u00e9 \u017eeb\u0159\u00ed\u010dky nejobl\u00edben\u011bj\u0161\u00edch milostn\u00fdch panenek je\u0161t\u011b dnes!<\/li><li><a href=\"https:\/\/hotpornbible.com\/\" target=\"_blank\" rel=\"noopener\"><span style=\"color: red;\">Seznam hork\u00fdch porno str\u00e1nek:<\/span><\/a>Hot Porn Bible m\u00e1 nej\u017ehav\u011bj\u0161\u00ed porno str\u00e1nky na sv\u011bt\u011b! M\u00e1me nejl\u00e9pe hodnocen\u00e9 bezplatn\u00e9 a pr\u00e9miov\u00e9 webov\u00e9 str\u00e1nky xxx pro dosp\u011bl\u00e9 v ka\u017ed\u00e9 kategorii.<\/li><li><a href=\"https:\/\/www.mrpinks.com\/\" target=\"_blank\" rel=\"noopener\"><span style=\"color: red;\">Recenze na porno:<\/span><\/a> Mr. Pink&#039;s Porn Reviews je va\u0161e d\u016fv\u011bryhodn\u00e1 str\u00e1nka s porno recenzemi pro poctiv\u00e9 recenze str\u00e1nek pro dosp\u011bl\u00e9, slevov\u00e9 porno a nejlep\u0161\u00ed porno str\u00e1nky.<\/li><li><a href=\"https:\/\/richobo.com\/\" target=\"_blank\" rel=\"noopener\"><span style=\"color: red;\">Inzer\u00e1ty a pr\u016fvodce doprovodem | Richobo: <\/span><\/a>Z\u00e1bava novinky seznam mezin\u00e1rodn\u00edch inzer\u00e1t\u016f pro dosp\u011bl\u00e9 Richobo \/ doprovod \/ ud\u00e1losti \/ stript\u00e9rky \/ slu\u017eby pro dosp\u011bl\u00e9 \/ xguide \/ modely \/ mas\u00e1\u017ee \/ luxusn\u00ed vozy<\/li><li><a href=\"https:\/\/uncams.com\/\" target=\"_blank\" rel=\"noopener\"><span style=\"color: red;\">Kamery OSN:<\/span><\/a> Sledujte \u017eiv\u00e9 kamery hned te\u010f! Nen\u00ed nutn\u00e1 \u017e\u00e1dn\u00e1 registrace \u2013 100% zdarma necenzurovan\u00fd chat pro dosp\u011bl\u00e9. Za\u010dn\u011bte chatovat s amat\u00e9ry, exhibicionisty, pornohv\u011bzdami pomoc\u00ed HD videa a zvuku.<\/li><li><a href=\"https:\/\/jerkdude.com\"><span style=\"color: #ff0000;\">Escortfish <\/span><\/a>\u2013 Nav\u0161tivte jerkdude a najd\u011bte \u0161pi\u010dkov\u00e9 porno str\u00e1nky.<\/li><\/ul>\t\t\t\t\t\t\t\t<\/div>\n\t\t\t\t<\/div>\n\t\t\t\t\t<\/div>\n\t\t<\/div>\n\t\t\t\t\t<\/div>\n\t\t<\/section>\n\t\t\t\t<section class=\"elementor-section elementor-top-section elementor-element elementor-element-9bead22 elementor-section-boxed elementor-section-height-default elementor-section-height-default\" data-id=\"9bead22\" data-element_type=\"section\">\n\t\t\t\t\t\t<div class=\"elementor-container elementor-column-gap-default\">\n\t\t\t\t\t<div class=\"elementor-column elementor-col-100 elementor-top-column elementor-element elementor-element-335e664e\" data-id=\"335e664e\" data-element_type=\"column\">\n\t\t\t<div class=\"elementor-widget-wrap elementor-element-populated\">\n\t\t\t\t\t\t<div class=\"elementor-element elementor-element-156cce51 elementor-widget elementor-widget-spacer\" data-id=\"156cce51\" data-element_type=\"widget\" data-widget_type=\"spacer.default\">\n\t\t\t\t<div class=\"elementor-widget-container\">\n\t\t\t\t\t\t\t<div class=\"elementor-spacer\">\n\t\t\t<div class=\"elementor-spacer-inner\"><\/div>\n\t\t<\/div>\n\t\t\t\t\t\t<\/div>\n\t\t\t\t<\/div>\n\t\t\t\t\t<\/div>\n\t\t<\/div>\n\t\t\t\t\t<\/div>\n\t\t<\/section>\n\t\t\t\t<\/div>","protected":false},"excerpt":{"rendered":"","protected":false},"author":455,"featured_media":0,"parent":0,"menu_order":0,"comment_status":"closed","ping_status":"closed","template":"","meta":{"footnotes":""},"class_list":["post-21906","page","type-page","status-publish","hentry"],"yoast_head":"<!-- This site is optimized with the Yoast SEO Premium plugin v22.6 (Yoast SEO v22.9) - https:\/\/yoast.com\/wordpress\/plugins\/seo\/ -->\n<title>Explore More Product | Miisoo Sex Sites | Miisoodoll<\/title>\n<meta name=\"description\" content=\"Dive into an expansive selection at Miisoo Sex Sites. Explore diverse products for a heightened intimate experience. Your satisfaction, our priority at MiisooDoll.\" \/>\n<meta name=\"robots\" content=\"index, follow, max-snippet:-1, max-image-preview:large, max-video-preview:-1\" \/>\n<link rel=\"canonical\" href=\"https:\/\/www.miisoo.com\/cs\/more-sex-sites\/\" \/>\n<meta property=\"og:locale\" content=\"cs_CZ\" \/>\n<meta property=\"og:type\" content=\"article\" \/>\n<meta property=\"og:title\" content=\"More Sex Sites\" \/>\n<meta property=\"og:description\" content=\"Dive into an expansive selection at Miisoo Sex Sites. Explore diverse products for a heightened intimate experience. Your satisfaction, our priority at MiisooDoll.\" \/>\n<meta property=\"og:url\" content=\"https:\/\/www.miisoo.com\/cs\/more-sex-sites\/\" \/>\n<meta property=\"og:site_name\" content=\"MiisooDoll\" \/>\n<meta property=\"article:publisher\" content=\"https:\/\/www.facebook.com\/miisoodoll\" \/>\n<meta property=\"article:modified_time\" content=\"2024-08-17T04:51:08+00:00\" \/>\n<meta name=\"twitter:card\" content=\"summary_large_image\" \/>\n<meta name=\"twitter:site\" content=\"@MiisooSexDolls\" \/>\n<meta name=\"twitter:label1\" content=\"Odhadovan\u00e1 doba \u010dten\u00ed\" \/>\n\t<meta name=\"twitter:data1\" content=\"1 minuta\" \/>\n<!-- \/ Yoast SEO Premium plugin. -->","yoast_head_json":{"title":"Explore More Product | Miisoo Sex Sites | Miisoodoll","description":"Dive into an expansive selection at Miisoo Sex Sites. Explore diverse products for a heightened intimate experience. Your satisfaction, our priority at MiisooDoll.","robots":{"index":"index","follow":"follow","max-snippet":"max-snippet:-1","max-image-preview":"max-image-preview:large","max-video-preview":"max-video-preview:-1"},"canonical":"https:\/\/www.miisoo.com\/cs\/more-sex-sites\/","og_locale":"cs_CZ","og_type":"article","og_title":"More Sex Sites","og_description":"Dive into an expansive selection at Miisoo Sex Sites. Explore diverse products for a heightened intimate experience. Your satisfaction, our priority at MiisooDoll.","og_url":"https:\/\/www.miisoo.com\/cs\/more-sex-sites\/","og_site_name":"MiisooDoll","article_publisher":"https:\/\/www.facebook.com\/miisoodoll","article_modified_time":"2024-08-17T04:51:08+00:00","twitter_card":"summary_large_image","twitter_site":"@MiisooSexDolls","twitter_misc":{"Odhadovan\u00e1 doba \u010dten\u00ed":"1 minuta"},"schema":{"@context":"https:\/\/schema.org","@graph":[{"@type":"WebPage","@id":"https:\/\/www.miisoo.com\/more-sex-sites\/","url":"https:\/\/www.miisoo.com\/more-sex-sites\/","name":"Explore More Product | Miisoo Sex Sites | Miisoodoll","isPartOf":{"@id":"https:\/\/www.miisoo.com\/#website"},"datePublished":"2022-01-25T09:17:49+00:00","dateModified":"2024-08-17T04:51:08+00:00","description":"Dive into an expansive selection at Miisoo Sex Sites. Explore diverse products for a heightened intimate experience. Your satisfaction, our priority at MiisooDoll.","breadcrumb":{"@id":"https:\/\/www.miisoo.com\/more-sex-sites\/#breadcrumb"},"inLanguage":"cs","potentialAction":[{"@type":"ReadAction","target":["https:\/\/www.miisoo.com\/more-sex-sites\/"]}]},{"@type":"BreadcrumbList","@id":"https:\/\/www.miisoo.com\/more-sex-sites\/#breadcrumb","itemListElement":[{"@type":"ListItem","position":1,"name":"Home","item":"https:\/\/www.miisoo.com\/"},{"@type":"ListItem","position":2,"name":"More Sex Sites"}]},{"@type":"WebSite","@id":"https:\/\/www.miisoo.com\/#website","url":"https:\/\/www.miisoo.com\/","name":"MiisooDoll","description":"Sexual Doll, Real Sex Dolls, Love Doll, Best Sex Dolls","publisher":{"@id":"https:\/\/www.miisoo.com\/#organization"},"potentialAction":[{"@type":"SearchAction","target":{"@type":"EntryPoint","urlTemplate":"https:\/\/www.miisoo.com\/?s={search_term_string}"},"query-input":"required name=search_term_string"}],"inLanguage":"cs"},{"@type":"Organization","@id":"https:\/\/www.miisoo.com\/#organization","name":"MiisooDoll","url":"https:\/\/www.miisoo.com\/","logo":{"@type":"ImageObject","inLanguage":"cs","@id":"https:\/\/www.miisoo.com\/#\/schema\/logo\/image\/","url":"https:\/\/www.miisoo.com\/wp-content\/uploads\/2020\/09\/logo-botton.png","contentUrl":"https:\/\/www.miisoo.com\/wp-content\/uploads\/2020\/09\/logo-botton.png","width":181,"height":42,"caption":"MiisooDoll"},"image":{"@id":"https:\/\/www.miisoo.com\/#\/schema\/logo\/image\/"},"sameAs":["https:\/\/www.facebook.com\/miisoodoll","https:\/\/x.com\/MiisooSexDolls"]}]}},"_links":{"self":[{"href":"https:\/\/www.miisoo.com\/cs\/wp-json\/wp\/v2\/pages\/21906","targetHints":{"allow":["GET"]}}],"collection":[{"href":"https:\/\/www.miisoo.com\/cs\/wp-json\/wp\/v2\/pages"}],"about":[{"href":"https:\/\/www.miisoo.com\/cs\/wp-json\/wp\/v2\/types\/page"}],"author":[{"embeddable":true,"href":"https:\/\/www.miisoo.com\/cs\/wp-json\/wp\/v2\/users\/455"}],"replies":[{"embeddable":true,"href":"https:\/\/www.miisoo.com\/cs\/wp-json\/wp\/v2\/comments?post=21906"}],"version-history":[{"count":1,"href":"https:\/\/www.miisoo.com\/cs\/wp-json\/wp\/v2\/pages\/21906\/revisions"}],"predecessor-version":[{"id":21908,"href":"https:\/\/www.miisoo.com\/cs\/wp-json\/wp\/v2\/pages\/21906\/revisions\/21908"}],"wp:attachment":[{"href":"https:\/\/www.miisoo.com\/cs\/wp-json\/wp\/v2\/media?parent=21906"}],"curies":[{"name":"wp","href":"https:\/\/api.w.org\/{rel}","templated":true}]}}